{"id":2928,"date":"2019-06-01T05:55:35","date_gmt":"2019-06-01T12:55:35","guid":{"rendered":"http:\/\/hilltophideaway.es\/galerie-dimages\/galerie-dimages-iznajar\/"},"modified":"2019-06-01T05:55:36","modified_gmt":"2019-06-01T12:55:36","slug":"galerie-dimages-iznajar","status":"publish","type":"page","link":"https:\/\/hilltophideaway.es\/fr\/galerie-dimages\/galerie-dimages-iznajar\/","title":{"rendered":"Galerie d\u2019images &#8211; Izn\u00e1jar"},"content":{"rendered":"<p>[et_pb_section bb_built=\u00a0\u00bb1&Prime; admin_label=\u00a0\u00bbHero\u00a0\u00bb fullwidth=\u00a0\u00bbon\u00a0\u00bb disabled_on=\u00a0\u00bboff|off|off\u00a0\u00bb _builder_version=\u00a0\u00bb3.0.77&Prime; background_color=\u00a0\u00bb#1f1f1f\u00a0\u00bb parallax=\u00a0\u00bbon\u00a0\u00bb custom_padding=\u00a0\u00bb|||\u00a0\u00bb transparent_background=\u00a0\u00bbon\u00a0\u00bb next_background_color=\u00a0\u00bbrgba(0,0,0,0.03)\u00a0\u00bb][et_pb_fullwidth_header title=\u00a0\u00bbIzn\u00e1jar\u00a0\u00bb text_orientation=\u00a0\u00bbcenter\u00a0\u00bb scroll_down_icon_color=\u00a0\u00bb#ffffff\u00a0\u00bb scroll_down_icon_size=\u00a0\u00bb32px\u00a0\u00bb background_overlay_color=\u00a0\u00bbrgba(31,31,31,0.85)\u00a0\u00bb subhead_font_color=\u00a0\u00bb#bebebe\u00a0\u00bb _builder_version=\u00a0\u00bb3.17.6&Prime; title_font=\u00a0\u00bbPlayfair Display||||\u00a0\u00bb title_text_color=\u00a0\u00bb#ffffff\u00a0\u00bb title_font_size=\u00a0\u00bb72px\u00a0\u00bb title_line_height=\u00a0\u00bb1.3em\u00a0\u00bb title_line_height_last_edited=\u00a0\u00bboff|desktop\u00a0\u00bb content_font=\u00a0\u00bbMontserrat||||\u00a0\u00bb content_text_color=\u00a0\u00bb#bfbfbf\u00a0\u00bb content_font_size=\u00a0\u00bb19px\u00a0\u00bb content_line_height=\u00a0\u00bb1.8em\u00a0\u00bb subhead_font=\u00a0\u00bbMontserrat||||\u00a0\u00bb subhead_text_color=\u00a0\u00bb#bebebe\u00a0\u00bb subhead_line_height=\u00a0\u00bb1.8em\u00a0\u00bb background_color=\u00a0\u00bbrgba(255,255,255,0)\u00a0\u00bb background_image=\u00a0\u00bbhttp:\/\/hilltophideaway.es\/wp-content\/uploads\/2017\/12\/Iznajar-town.jpg\u00a0\u00bb parallax=\u00a0\u00bbon\u00a0\u00bb parallax_method=\u00a0\u00bbon\u00a0\u00bb custom_padding=\u00a0\u00bb5%||5%|\u00a0\u00bb animation_style=\u00a0\u00bbzoom\u00a0\u00bb animation_duration=\u00a0\u00bb1500ms\u00a0\u00bb animation_intensity_zoom=\u00a0\u00bb4%\u00a0\u00bb button_one_text_size__hover_enabled=\u00a0\u00bboff\u00a0\u00bb button_two_text_size__hover_enabled=\u00a0\u00bboff\u00a0\u00bb button_one_text_color__hover_enabled=\u00a0\u00bboff\u00a0\u00bb button_two_text_color__hover_enabled=\u00a0\u00bboff\u00a0\u00bb button_one_border_width__hover_enabled=\u00a0\u00bboff\u00a0\u00bb button_two_border_width__hover_enabled=\u00a0\u00bboff\u00a0\u00bb button_one_border_color__hover_enabled=\u00a0\u00bboff\u00a0\u00bb button_two_border_color__hover_enabled=\u00a0\u00bboff\u00a0\u00bb button_one_border_radius__hover_enabled=\u00a0\u00bboff\u00a0\u00bb button_two_border_radius__hover_enabled=\u00a0\u00bboff\u00a0\u00bb button_one_letter_spacing__hover_enabled=\u00a0\u00bboff\u00a0\u00bb button_two_letter_spacing__hover_enabled=\u00a0\u00bboff\u00a0\u00bb button_one_bg_color__hover_enabled=\u00a0\u00bboff\u00a0\u00bb button_two_bg_color__hover_enabled=\u00a0\u00bboff\u00a0\u00bb]<\/p>\n<p>Izn\u00e1jar se trouve \u00e0 10 minutes de route de la villa. C&rsquo;est un village traditionnel blanchi \u00e0 la chaux avec son ch\u00e2teau datant du 8\u00e8me si\u00e8cle et son \u00e9glise du 16\u00e8me si\u00e8cle. Il offre une vue spectaculaire sur un lac de 32 km de long o\u00f9 se pratiquent divers sports nautiques et la p\u00eache.<\/p>\n<p>[\/et_pb_fullwidth_header][\/et_pb_section][et_pb_section bb_built=\u00a0\u00bb1&Prime; admin_label=\u00a0\u00bbGallery\u00a0\u00bb _builder_version=\u00a0\u00bb3.0.77&Prime; background_color=\u00a0\u00bbrgba(0,0,0,0.03)\u00a0\u00bb background_size=\u00a0\u00bbinitial\u00a0\u00bb background_position=\u00a0\u00bbtop_left\u00a0\u00bb custom_padding=\u00a0\u00bb50px||50px||false|false\u00a0\u00bb collapsed=\u00a0\u00bboff\u00a0\u00bb prev_background_color=\u00a0\u00bb#1f1f1f\u00a0\u00bb][et_pb_row make_fullwidth=\u00a0\u00bbon\u00a0\u00bb use_custom_gutter=\u00a0\u00bbon\u00a0\u00bb gutter_width=\u00a0\u00bb2&Prime; _builder_version=\u00a0\u00bb3.17.6&Prime;][et_pb_column type=\u00a0\u00bb4_4&Prime;][et_pb_gallery gallery_ids=\u00a0\u00bb1090,1091,1083,1084,1074,1106,1099,2525,2519,2516,2513,2510,2507,2504,2498,2495,2492,2489,2477,2480,2483,2471,2468,2459,2462&Prime; gallery_orderby=\u00a0\u00bbrand\u00a0\u00bb posts_number=\u00a0\u00bb30&Prime; show_title_and_caption=\u00a0\u00bboff\u00a0\u00bb show_pagination=\u00a0\u00bboff\u00a0\u00bb _builder_version=\u00a0\u00bb3.17.6&Prime; zoom_icon_color=\u00a0\u00bb#2ea3f2&Prime; hover_overlay_color=\u00a0\u00bbrgba(255,255,255,0.9)\u00a0\u00bb]<\/p>\n<p><\/p>\n<p>[\/et_pb_gallery][\/et_pb_column][\/et_pb_row][et_pb_row make_fullwidth=\u00a0\u00bbon\u00a0\u00bb make_equal=\u00a0\u00bbon\u00a0\u00bb _builder_version=\u00a0\u00bb3.17.6&Prime;][et_pb_column type=\u00a0\u00bb1_4&Prime;][\/et_pb_column][et_pb_column type=\u00a0\u00bb1_2&Prime;][et_pb_button button_url=\u00a0\u00bbhttp:\/\/hilltophideaway.es\/fr\/galerie-dimages\/?lang=fr\u00a0\u00bb button_text=\u00a0\u00bbRetour \u00e0 la galerie principale\u00a0\u00bb button_alignment=\u00a0\u00bbcenter\u00a0\u00bb _builder_version=\u00a0\u00bb3.17.6&Prime; button_icon=\u00a0\u00bb%%39%%\u00a0\u00bb button_icon_color=\u00a0\u00bbrgba(12,113,195,0.76)\u00a0\u00bb button_icon_placement=\u00a0\u00bbleft\u00a0\u00bb button_on_hover=\u00a0\u00bboff\u00a0\u00bb]<\/p>\n<p><\/p>\n<p>[\/et_pb_button][\/et_pb_column][et_pb_column type=\u00a0\u00bb1_4&Prime;][\/et_pb_column][\/et_pb_row][\/et_pb_section]<\/p>\n","protected":false},"excerpt":{"rendered":"<p>Izn\u00e1jar se trouve \u00e0 10 minutes de route de la villa. C&rsquo;est un village traditionnel blanchi \u00e0 la chaux avec son ch\u00e2teau datant du 8\u00e8me si\u00e8cle et son \u00e9glise du 16\u00e8me si\u00e8cle. Il offre une vue spectaculaire sur un lac de 32 km de long o\u00f9 se pratiquent divers sports nautiques et la p\u00eache.<\/p>\n","protected":false},"author":1,"featured_media":1747,"parent":1408,"menu_order":0,"comment_status":"closed","ping_status":"closed","template":"","meta":{"_et_pb_use_builder":"on","_et_pb_old_content":"","_et_gb_content_width":"","om_disable_all_campaigns":false,"_monsterinsights_skip_tracking":false,"_monsterinsights_sitenote_active":false,"_monsterinsights_sitenote_note":"","_monsterinsights_sitenote_category":0,"_uf_show_specific_survey":0,"_uf_disable_surveys":false,"footnotes":""},"class_list":["post-2928","page","type-page","status-publish","has-post-thumbnail","hentry"],"aioseo_notices":[],"_links":{"self":[{"href":"https:\/\/hilltophideaway.es\/fr\/wp-json\/wp\/v2\/pages\/2928","targetHints":{"allow":["GET"]}}],"collection":[{"href":"https:\/\/hilltophideaway.es\/fr\/wp-json\/wp\/v2\/pages"}],"about":[{"href":"https:\/\/hilltophideaway.es\/fr\/wp-json\/wp\/v2\/types\/page"}],"author":[{"embeddable":true,"href":"https:\/\/hilltophideaway.es\/fr\/wp-json\/wp\/v2\/users\/1"}],"replies":[{"embeddable":true,"href":"https:\/\/hilltophideaway.es\/fr\/wp-json\/wp\/v2\/comments?post=2928"}],"version-history":[{"count":1,"href":"https:\/\/hilltophideaway.es\/fr\/wp-json\/wp\/v2\/pages\/2928\/revisions"}],"predecessor-version":[{"id":2929,"href":"https:\/\/hilltophideaway.es\/fr\/wp-json\/wp\/v2\/pages\/2928\/revisions\/2929"}],"up":[{"embeddable":true,"href":"https:\/\/hilltophideaway.es\/fr\/wp-json\/wp\/v2\/pages\/1408"}],"wp:featuredmedia":[{"embeddable":true,"href":"https:\/\/hilltophideaway.es\/fr\/wp-json\/wp\/v2\/media\/1747"}],"wp:attachment":[{"href":"https:\/\/hilltophideaway.es\/fr\/wp-json\/wp\/v2\/media?parent=2928"}],"curies":[{"name":"wp","href":"https:\/\/api.w.org\/{rel}","templated":true}]}}