{"id":2846,"date":"2019-05-18T01:14:18","date_gmt":"2019-05-18T08:14:18","guid":{"rendered":"http:\/\/hilltophideaway.es\/346-2\/"},"modified":"2019-05-18T01:21:02","modified_gmt":"2019-05-18T08:21:02","slug":"accueil","status":"publish","type":"page","link":"https:\/\/hilltophideaway.es\/fr\/","title":{"rendered":"Accueil"},"content":{"rendered":"<p>[et_pb_section fb_built=\u00a0\u00bb1&Prime; fullwidth=\u00a0\u00bbon\u00a0\u00bb _builder_version=\u00a0\u00bb3.0.71&Prime;][et_pb_fullwidth_slider disabled_on=\u00a0\u00bbon||\u00a0\u00bb _builder_version=\u00a0\u00bb3.0.99&Prime; background_size=\u00a0\u00bbinitial\u00a0\u00bb box_shadow_style=\u00a0\u00bbpreset6&Prime; box_shadow_blur=\u00a0\u00bb10px\u00a0\u00bb box_shadow_color=\u00a0\u00bbrgba(0,0,0,0.1)\u00a0\u00bb custom_padding=\u00a0\u00bb|||\u00a0\u00bb auto=\u00a0\u00bbon\u00a0\u00bb show_inner_shadow=\u00a0\u00bbon\u00a0\u00bb][et_pb_slide heading=\u00a0\u00bb Laisser ses tracas quotidiens derri\u00e8re vous\u00a0\u00bb use_bg_overlay=\u00a0\u00bboff\u00a0\u00bb use_text_overlay=\u00a0\u00bbon\u00a0\u00bb text_overlay_color=\u00a0\u00bbrgba(0,0,0,0.25)\u00a0\u00bb text_border_radius=\u00a0\u00bb10px\u00a0\u00bb _builder_version=\u00a0\u00bb3.0.89&Prime; header_font=\u00a0\u00bbPlayfair Display||||\u00a0\u00bb header_font_size=\u00a0\u00bb40px\u00a0\u00bb header_font_size_tablet=\u00a0\u00bb40px\u00a0\u00bb header_font_size_phone=\u00a0\u00bb40px\u00a0\u00bb background_color=\u00a0\u00bb#ffffff\u00a0\u00bb background_image=\u00a0\u00bbhttp:\/\/hilltophideaway.es\/wp-content\/uploads\/2017\/12\/house-view-from-pool.jpeg\u00a0\u00bb parallax=\u00a0\u00bbon\u00a0\u00bb][\/et_pb_slide][et_pb_slide heading=\u00a0\u00bbD\u00e9couvrez le riche patrimoine culturel de la r\u00e9gion\u00a0\u00bb use_bg_overlay=\u00a0\u00bboff\u00a0\u00bb use_text_overlay=\u00a0\u00bbon\u00a0\u00bb text_overlay_color=\u00a0\u00bbrgba(0,0,0,0.2)\u00a0\u00bb text_border_radius=\u00a0\u00bb10px\u00a0\u00bb _builder_version=\u00a0\u00bb3.0.89&Prime; header_font=\u00a0\u00bbPlayfair Display||||\u00a0\u00bb header_font_size=\u00a0\u00bb40px\u00a0\u00bb header_font_size_tablet=\u00a0\u00bb40px\u00a0\u00bb header_font_size_phone=\u00a0\u00bb40px\u00a0\u00bb background_color=\u00a0\u00bb#ffffff\u00a0\u00bb background_image=\u00a0\u00bbhttp:\/\/hilltophideaway.es\/wp-content\/uploads\/2017\/12\/cordoba-by-night.jpeg\u00a0\u00bb][\/et_pb_slide][et_pb_slide heading=\u00a0\u00bbGo\u00fbtez aux d\u00e9licieuses saveurs de la cuisine andalouse\u00a0\u00bb use_bg_overlay=\u00a0\u00bboff\u00a0\u00bb use_text_overlay=\u00a0\u00bbon\u00a0\u00bb text_overlay_color=\u00a0\u00bbrgba(0,0,0,0.2)\u00a0\u00bb text_border_radius=\u00a0\u00bb10px\u00a0\u00bb _builder_version=\u00a0\u00bb3.0.89&Prime; header_font=\u00a0\u00bbPlayfair Display||||\u00a0\u00bb header_font_size=\u00a0\u00bb40px\u00a0\u00bb header_font_size_tablet=\u00a0\u00bb40px\u00a0\u00bb header_font_size_phone=\u00a0\u00bb40px\u00a0\u00bb background_color=\u00a0\u00bb#ffffff\u00a0\u00bb background_image=\u00a0\u00bbhttp:\/\/hilltophideaway.es\/wp-content\/uploads\/2017\/12\/paella-spanish-food.jpeg\u00a0\u00bb][\/et_pb_slide][et_pb_slide heading=\u00a0\u00bbProfitez du soleil, de la nature et de l&rsquo;air frais\u00a0\u00bb use_bg_overlay=\u00a0\u00bboff\u00a0\u00bb use_text_overlay=\u00a0\u00bbon\u00a0\u00bb text_overlay_color=\u00a0\u00bbrgba(0,0,0,0.2)\u00a0\u00bb text_border_radius=\u00a0\u00bb10px\u00a0\u00bb _builder_version=\u00a0\u00bb3.0.89&Prime; header_font=\u00a0\u00bbPlayfair Display||||\u00a0\u00bb header_font_size=\u00a0\u00bb40px\u00a0\u00bb header_font_size_tablet=\u00a0\u00bb40px\u00a0\u00bb header_font_size_phone=\u00a0\u00bb40px\u00a0\u00bb background_color=\u00a0\u00bb#ffffff\u00a0\u00bb background_image=\u00a0\u00bbhttp:\/\/hilltophideaway.es\/wp-content\/uploads\/2017\/12\/landscape-olive-trees-spanish-mountains.jpg\u00a0\u00bb][\/et_pb_slide][\/et_pb_fullwidth_slider][\/et_pb_section][et_pb_section fb_built=\u00a0\u00bb1&Prime; custom_padding_last_edited=\u00a0\u00bboff|phone\u00a0\u00bb _builder_version=\u00a0\u00bb3.0.89&Prime; custom_padding=\u00a0\u00bb0px||0px|\u00a0\u00bb][et_pb_row custom_padding=\u00a0\u00bb15px||0px|\u00a0\u00bb _builder_version=\u00a0\u00bb3.0.89&Prime;][et_pb_column type=\u00a0\u00bb4_4&Prime; _builder_version=\u00a0\u00bb3.0.47&Prime; parallax=\u00a0\u00bboff\u00a0\u00bb parallax_method=\u00a0\u00bbon\u00a0\u00bb][et_pb_image src=\u00a0\u00bbhttp:\/\/hilltophideaway.es\/wp-content\/uploads\/2017\/12\/aerial-overview-of-house.jpeg\u00a0\u00bb align=\u00a0\u00bbcenter\u00a0\u00bb disabled_on=\u00a0\u00bb|on|on\u00a0\u00bb _builder_version=\u00a0\u00bb3.0.89&Prime; module_alignment=\u00a0\u00bbright\u00a0\u00bb animation_direction=\u00a0\u00bboff\u00a0\u00bb animation=\u00a0\u00bboff\u00a0\u00bb]&nbsp;<br \/>\n[\/et_pb_image][et_pb_text _builder_version=\u00a0\u00bb3.0.89&Prime; text_font=\u00a0\u00bbPlayfair Display||||\u00a0\u00bb text_font_size=\u00a0\u00bb24px\u00a0\u00bb text_line_height=\u00a0\u00bb1.8em\u00a0\u00bb]<\/p>\n<p style=\"text-align: center;\"><em>Hilltop Hideaway<\/em> est un endroit parfait pour se retirer du h\u00e2te et du stress de la vie quotidienne et pour profiter de vos vacances en compagnie de vos proches dans un endroit intime et exclusif.<\/p>\n<p>[\/et_pb_text][\/et_pb_column][\/et_pb_row][et_pb_row custom_padding=\u00a0\u00bb0px||0px|\u00a0\u00bb custom_margin=\u00a0\u00bb||0px|\u00a0\u00bb padding_bottom_1=\u00a0\u00bb0px\u00a0\u00bb _builder_version=\u00a0\u00bb3.0.71&Prime;][et_pb_column type=\u00a0\u00bb1_4&Prime; _builder_version=\u00a0\u00bb3.0.47&Prime; padding_bottom=\u00a0\u00bb0px\u00a0\u00bb parallax=\u00a0\u00bboff\u00a0\u00bb parallax_method=\u00a0\u00bbon\u00a0\u00bb][\/et_pb_column][et_pb_column type=\u00a0\u00bb1_2&Prime; _builder_version=\u00a0\u00bb3.0.47&Prime; parallax=\u00a0\u00bboff\u00a0\u00bb parallax_method=\u00a0\u00bbon\u00a0\u00bb][et_pb_divider color=\u00a0\u00bb#ffffff\u00a0\u00bb divider_style=\u00a0\u00bbinset\u00a0\u00bb height=\u00a0\u00bb0&Prime; disabled_on=\u00a0\u00bboff\u00a0\u00bb _builder_version=\u00a0\u00bb3.2&Prime; hide_on_mobile=\u00a0\u00bboff\u00a0\u00bb]&nbsp;<br \/>\n[\/et_pb_divider][\/et_pb_column][et_pb_column type=\u00a0\u00bb1_4&Prime; _builder_version=\u00a0\u00bb3.0.47&Prime; parallax=\u00a0\u00bboff\u00a0\u00bb parallax_method=\u00a0\u00bbon\u00a0\u00bb][\/et_pb_column][\/et_pb_row][\/et_pb_section][et_pb_section fb_built=\u00a0\u00bb1&Prime; _builder_version=\u00a0\u00bb3.0.47&Prime; custom_padding=\u00a0\u00bb25px|0px|51.1875px|0px\u00a0\u00bb][et_pb_row custom_padding=\u00a0\u00bb5px|0px||0px\u00a0\u00bb _builder_version=\u00a0\u00bb3.0.89&Prime;][et_pb_column type=\u00a0\u00bb1_2&Prime; _builder_version=\u00a0\u00bb3.0.47&Prime; parallax=\u00a0\u00bboff\u00a0\u00bb parallax_method=\u00a0\u00bbon\u00a0\u00bb][et_pb_image src=\u00a0\u00bbhttp:\/\/hilltophideaway.es\/wp-content\/uploads\/2017\/12\/aerial-overview-of-house.jpeg\u00a0\u00bb align=\u00a0\u00bbcenter\u00a0\u00bb disabled_on=\u00a0\u00bbon|off|on\u00a0\u00bb _builder_version=\u00a0\u00bb3.0.89&Prime; module_alignment=\u00a0\u00bbright\u00a0\u00bb animation_direction=\u00a0\u00bboff\u00a0\u00bb animation=\u00a0\u00bboff\u00a0\u00bb]&nbsp;<br \/>\n[\/et_pb_image][et_pb_text _builder_version=\u00a0\u00bb3.0.89&Prime; text_line_height=\u00a0\u00bb1.8em\u00a0\u00bb text_line_height_last_edited=\u00a0\u00bbon|phone\u00a0\u00bb custom_padding=\u00a0\u00bb0px|||\u00a0\u00bb custom_padding_last_edited=\u00a0\u00bbon|desktop\u00a0\u00bb]<\/p>\n<p><span style=\"font-size: large;\">a propri\u00e9t\u00e9 est nich\u00e9e dans les collines du parc de la Sierra Subetica, <strong>au coeur de l\u2019Andalousie<\/strong>, \u00e0 quelques minutes du pittoresque village blanc d\u2019Iznajar et de son c\u00e9l\u00e8bre lac.<\/span><\/p>\n<p><span style=\"font-size: large;\">Son emplacement est isol\u00e9 mais pas recul\u00e9<br \/>\ncombinant tranquillit\u00e9 et un acc\u00e8s facile aux bars, restaurants et magasins locaux.<br \/>\n<\/span><\/p>\n<p>[\/et_pb_text][\/et_pb_column][et_pb_column type=\u00a0\u00bb1_2&Prime; _builder_version=\u00a0\u00bb3.0.47&Prime; parallax=\u00a0\u00bboff\u00a0\u00bb parallax_method=\u00a0\u00bbon\u00a0\u00bb][et_pb_image src=\u00a0\u00bbhttp:\/\/hilltophideaway.es\/wp-content\/uploads\/2017\/12\/iznajar-lake-from-above.jpeg\u00a0\u00bb align=\u00a0\u00bbcenter\u00a0\u00bb _builder_version=\u00a0\u00bb3.0.89&Prime; animation_direction=\u00a0\u00bboff\u00a0\u00bb animation=\u00a0\u00bboff\u00a0\u00bb]&nbsp;<br \/>\n[\/et_pb_image][\/et_pb_column][\/et_pb_row][et_pb_row custom_padding=\u00a0\u00bb15px|0px||0px\u00a0\u00bb custom_padding_last_edited=\u00a0\u00bboff|desktop\u00a0\u00bb _builder_version=\u00a0\u00bb3.0.89&Prime;][et_pb_column type=\u00a0\u00bb1_2&Prime; _builder_version=\u00a0\u00bb3.0.47&Prime; parallax=\u00a0\u00bboff\u00a0\u00bb parallax_method=\u00a0\u00bbon\u00a0\u00bb][et_pb_image src=\u00a0\u00bbhttp:\/\/hilltophideaway.es\/wp-content\/uploads\/2017\/12\/aerial-overview-of-house.jpeg\u00a0\u00bb align=\u00a0\u00bbcenter\u00a0\u00bb disabled_on=\u00a0\u00bbon|on|\u00a0\u00bb _builder_version=\u00a0\u00bb3.0.89&Prime; module_alignment=\u00a0\u00bbright\u00a0\u00bb animation_direction=\u00a0\u00bboff\u00a0\u00bb animation=\u00a0\u00bboff\u00a0\u00bb]&nbsp;<br \/>\n[\/et_pb_image][\/et_pb_column][et_pb_column type=\u00a0\u00bb1_2&Prime; _builder_version=\u00a0\u00bb3.0.47&Prime; parallax=\u00a0\u00bboff\u00a0\u00bb parallax_method=\u00a0\u00bbon\u00a0\u00bb][et_pb_text _builder_version=\u00a0\u00bb3.0.89&Prime; text_line_height=\u00a0\u00bb1.8em\u00a0\u00bb]<span style=\"font-size: large;\">La villa est une construction moderne sous la forme d\u2019un ancien cortijo, <strong>r\u00e9unissant tradition et \u00e9l\u00e9ments de design inclusifs<\/strong>, de sorte qu\u2019il est non seulement agr\u00e9able \u00e0 l\u2019oeil mais aussi intrins\u00e8quement accessible \u00e0 tout le monde ind\u00e9pendamment de leur \u00e2ge ou capacit\u00e9.<\/span><\/p>\n<p><span style=\"font-size: large;\">La propri\u00e9t\u00e9 avec son immense oliveraie de 5 acres offre un niveau d\u2019h\u00e9bergement in\u00e9gal\u00e9. Il se compose de deux appartements s\u00e9par\u00e9s qui peuvent \u00eatre lou\u00e9s ensemble ou s\u00e9par\u00e9ment.<\/span><br \/>\n[\/et_pb_text][et_pb_image src=\u00a0\u00bbhttp:\/\/hilltophideaway.es\/wp-content\/uploads\/2017\/12\/view-from-the-terrace.jpeg\u00a0\u00bb align=\u00a0\u00bbcenter\u00a0\u00bb disabled_on=\u00a0\u00bb||on\u00a0\u00bb _builder_version=\u00a0\u00bb3.0.89&Prime; animation_direction=\u00a0\u00bboff\u00a0\u00bb animation=\u00a0\u00bboff\u00a0\u00bb]&nbsp;<br \/>\n[\/et_pb_image][\/et_pb_column][\/et_pb_row][et_pb_row custom_padding=\u00a0\u00bb15px|0px|0px|0px\u00a0\u00bb _builder_version=\u00a0\u00bb3.0.89&Prime;][et_pb_column type=\u00a0\u00bb1_2&Prime; _builder_version=\u00a0\u00bb3.0.47&Prime; parallax=\u00a0\u00bboff\u00a0\u00bb parallax_method=\u00a0\u00bbon\u00a0\u00bb][et_pb_text _builder_version=\u00a0\u00bb3.0.89&Prime; text_line_height=\u00a0\u00bb1.8em\u00a0\u00bb]<\/p>\n<p><span style=\"font-size: large;\"> <strong>L&rsquo;appartement en bas<\/strong> peut accueillir 8 personnes. Il dispose de 4 chambres et 4 salles de douches, une vaste hall et une grande cuisine professionnelle.<br \/>\n<\/span><\/p>\n<p><span style=\"font-size: large;\"> <strong>L\u2019appartement \u00e0 l\u2019\u00e9tage<\/strong> peut accueillir 4 personnes et se compose de 2 chambres, une double et une twin, deux salles de bains et un salon avec cuisine am\u00e9ricaine.<\/span><\/p>\n<p><span style=\"font-size: large;\"><br \/>\nDans le jardin il y a une piscine de bonne taille avec des transats et une pergola. Beaucoup de places assises \u00e0 l\u2019ext\u00e9rieur. <strong>Les vues sont magnifiques<\/strong> de tout autour de la propri\u00e9t\u00e9.<\/span><\/p>\n<p>[\/et_pb_text][\/et_pb_column][et_pb_column type=\u00a0\u00bb1_2&Prime; _builder_version=\u00a0\u00bb3.0.47&Prime; parallax=\u00a0\u00bboff\u00a0\u00bb parallax_method=\u00a0\u00bbon\u00a0\u00bb][et_pb_image src=\u00a0\u00bbhttp:\/\/hilltophideaway.es\/wp-content\/uploads\/2017\/12\/view-from-the-terrace.jpeg\u00a0\u00bb align=\u00a0\u00bbcenter\u00a0\u00bb disabled_on=\u00a0\u00bbon|on|\u00a0\u00bb _builder_version=\u00a0\u00bb3.0.89&Prime; animation_direction=\u00a0\u00bboff\u00a0\u00bb animation=\u00a0\u00bboff\u00a0\u00bb]&nbsp;<br \/>\n[\/et_pb_image][\/et_pb_column][\/et_pb_row][et_pb_row custom_padding=\u00a0\u00bb15px|0px||0px\u00a0\u00bb _builder_version=\u00a0\u00bb3.0.89&Prime;][et_pb_column type=\u00a0\u00bb1_2&Prime; _builder_version=\u00a0\u00bb3.0.47&Prime; parallax=\u00a0\u00bboff\u00a0\u00bb parallax_method=\u00a0\u00bbon\u00a0\u00bb][et_pb_image src=\u00a0\u00bbhttp:\/\/hilltophideaway.es\/wp-content\/uploads\/2017\/12\/cordoba-mesquita.jpeg\u00a0\u00bb align=\u00a0\u00bbcenter\u00a0\u00bb _builder_version=\u00a0\u00bb3.0.89&Prime; animation_direction=\u00a0\u00bboff\u00a0\u00bb animation=\u00a0\u00bboff\u00a0\u00bb]&nbsp;<br \/>\n[\/et_pb_image][\/et_pb_column][et_pb_column type=\u00a0\u00bb1_2&Prime; _builder_version=\u00a0\u00bb3.0.47&Prime; parallax=\u00a0\u00bboff\u00a0\u00bb parallax_method=\u00a0\u00bbon\u00a0\u00bb][et_pb_text _builder_version=\u00a0\u00bb3.0.89&Prime; text_line_height=\u00a0\u00bb1.8em\u00a0\u00bb]<span style=\"font-size: large;\">La situation de la villa est <strong>ideal pour des excursions vers les plus c\u00e9l\u00e8bres endroits historiques de l\u2019Europe<\/strong>. Cordoue avec ses Mesquita, Grenade et le Palais de l\u2019Alhambra et S\u00e9ville sont chacune \u00e0 seulement une heure de route. on peut aussi d\u00e9couvrir des villages au bord de la mer et passer une journ\u00e9e \u00e0 l\u2019une des plages de la Costa del Sol ou visiter Malaga.<\/span><br \/>\n[\/et_pb_text][\/et_pb_column][\/et_pb_row][et_pb_row _builder_version=\u00a0\u00bb3.0.47&Prime; background_size=\u00a0\u00bbinitial\u00a0\u00bb background_position=\u00a0\u00bbtop_left\u00a0\u00bb background_repeat=\u00a0\u00bbrepeat\u00a0\u00bb][et_pb_column type=\u00a0\u00bb4_4&Prime; _builder_version=\u00a0\u00bb3.0.47&Prime; parallax=\u00a0\u00bboff\u00a0\u00bb parallax_method=\u00a0\u00bbon\u00a0\u00bb][et_pb_cta title=\u00a0\u00bb Laisser ses tracas quotidiens derri\u00e8re vous\u00a0\u00bb button_url=\u00a0\u00bbhttp:\/\/hilltophideaway.es\/fr\/reservation\/\u00a0\u00bb button_text=\u00a0\u00bbR\u00e9servez maintenant\u00a0\u00bb _builder_version=\u00a0\u00bb3.0.89&Prime; header_line_height=\u00a0\u00bb1.8em\u00a0\u00bb body_font_size=\u00a0\u00bb16&Prime; body_line_height=\u00a0\u00bb1.8em\u00a0\u00bb background_color=\u00a0\u00bb#2ea3f2&Prime; background_size=\u00a0\u00bbinitial\u00a0\u00bb background_position=\u00a0\u00bbtop_left\u00a0\u00bb background_repeat=\u00a0\u00bbrepeat\u00a0\u00bb box_shadow_style=\u00a0\u00bbpreset5&Prime;]D\u00e9tendez-vous autour de la piscine et assistez au spectaculaire coucher de soleil chaque soir. Regardez les \u00e9toiles et laissez-vous devenir un avec l\u2019univers<br \/>\n[\/et_pb_cta][\/et_pb_column][\/et_pb_row][\/et_pb_section]<\/p>\n","protected":false},"excerpt":{"rendered":"<p>&nbsp; Hilltop Hideaway est un endroit parfait pour se retirer du h\u00e2te et du stress de la vie quotidienne et pour profiter de vos vacances en compagnie de vos proches dans un endroit intime et exclusif. &nbsp; &nbsp; a propri\u00e9t\u00e9 est nich\u00e9e dans les collines du parc de la Sierra Subetica, au coeur de l\u2019Andalousie, [&hellip;]<\/p>\n","protected":false},"author":1,"featured_media":1607,"parent":0,"menu_order":0,"comment_status":"closed","ping_status":"closed","template":"","meta":{"_et_pb_use_builder":"on","_et_pb_old_content":"","_et_gb_content_width":"","om_disable_all_campaigns":false,"_monsterinsights_skip_tracking":false,"_monsterinsights_sitenote_active":false,"_monsterinsights_sitenote_note":"","_monsterinsights_sitenote_category":0,"_uf_show_specific_survey":0,"_uf_disable_surveys":false,"footnotes":""},"class_list":["post-2846","page","type-page","status-publish","has-post-thumbnail","hentry"],"aioseo_notices":[],"_links":{"self":[{"href":"https:\/\/hilltophideaway.es\/fr\/wp-json\/wp\/v2\/pages\/2846","targetHints":{"allow":["GET"]}}],"collection":[{"href":"https:\/\/hilltophideaway.es\/fr\/wp-json\/wp\/v2\/pages"}],"about":[{"href":"https:\/\/hilltophideaway.es\/fr\/wp-json\/wp\/v2\/types\/page"}],"author":[{"embeddable":true,"href":"https:\/\/hilltophideaway.es\/fr\/wp-json\/wp\/v2\/users\/1"}],"replies":[{"embeddable":true,"href":"https:\/\/hilltophideaway.es\/fr\/wp-json\/wp\/v2\/comments?post=2846"}],"version-history":[{"count":5,"href":"https:\/\/hilltophideaway.es\/fr\/wp-json\/wp\/v2\/pages\/2846\/revisions"}],"predecessor-version":[{"id":2851,"href":"https:\/\/hilltophideaway.es\/fr\/wp-json\/wp\/v2\/pages\/2846\/revisions\/2851"}],"wp:featuredmedia":[{"embeddable":true,"href":"https:\/\/hilltophideaway.es\/fr\/wp-json\/wp\/v2\/media\/1607"}],"wp:attachment":[{"href":"https:\/\/hilltophideaway.es\/fr\/wp-json\/wp\/v2\/media?parent=2846"}],"curies":[{"name":"wp","href":"https:\/\/api.w.org\/{rel}","templated":true}]}}