{"id":2795,"date":"2019-03-03T16:02:44","date_gmt":"2019-03-03T23:02:44","guid":{"rendered":"http:\/\/hilltophideaway.es\/reservation\/"},"modified":"2024-09-17T11:21:39","modified_gmt":"2024-09-17T09:21:39","slug":"reservation","status":"publish","type":"page","link":"https:\/\/hilltophideaway.es\/fr\/reservation\/","title":{"rendered":"R\u00e9servation"},"content":{"rendered":"<p>[et_pb_section fb_built=\u00a0\u00bb1&Prime; _builder_version=\u00a0\u00bb4.16&Prime; global_colors_info=\u00a0\u00bb{}\u00a0\u00bb admin_label=\u00a0\u00bbSection\u00a0\u00bb][et_pb_row _builder_version=\u00a0\u00bb4.16&Prime; background_size=\u00a0\u00bbinitial\u00a0\u00bb background_position=\u00a0\u00bbtop_left\u00a0\u00bb background_repeat=\u00a0\u00bbrepeat\u00a0\u00bb custom_padding=\u00a0\u00bb||0px|\u00a0\u00bb global_colors_info=\u00a0\u00bb{}\u00a0\u00bb][et_pb_column type=\u00a0\u00bb4_4&Prime; _builder_version=\u00a0\u00bb4.16&Prime; custom_padding=\u00a0\u00bb|||\u00a0\u00bb global_colors_info=\u00a0\u00bb{}\u00a0\u00bb custom_padding__hover=\u00a0\u00bb|||\u00a0\u00bb][et_pb_post_title meta=\u00a0\u00bboff\u00a0\u00bb featured_image=\u00a0\u00bboff\u00a0\u00bb admin_label=\u00a0\u00bbPost Title\u00a0\u00bb _builder_version=\u00a0\u00bb4.16&Prime; title_font=\u00a0\u00bbPlayfair Display||||\u00a0\u00bb title_font_size=\u00a0\u00bb44px\u00a0\u00bb global_colors_info=\u00a0\u00bb{}\u00a0\u00bb][\/et_pb_post_title][et_pb_text disabled_on=\u00a0\u00bbon||\u00a0\u00bb admin_label=\u00a0\u00bbText\u00a0\u00bb _builder_version=\u00a0\u00bb4.27.0&Prime; hover_enabled=\u00a0\u00bb0&Prime; global_colors_info=\u00a0\u00bb{}\u00a0\u00bb sticky_enabled=\u00a0\u00bb0&Prime;]<\/p>\n<h3>Septembre 2024\u00a0 &#8211; Mars 2026 (Prix en euros pour un s\u00e9jour d\u2019une semaine)<\/h3>\n<p>La maison contient deux appartements s\u00e9par\u00e9s qui peuvent \u00eatre lou\u00e9s ensemble ou s\u00e9par\u00e9ment. Nous offrons des prix bas au printemps, en automne et en hiver (ensoleill\u00e9!). Ce qui signifie que vous obtenez une bonne affaire m\u00eame si la taille de votre groupe est inf\u00e9rieure \u00e0 notre capacit\u00e9. <strong>Les prix par personne et par nuit peuvent \u00eatre aussi bas que 15 euros.<\/strong>.<\/p>\n<p>[\/et_pb_text][et_pb_accordion _builder_version=\u00a0\u00bb4.16&Prime; toggle_level=\u00a0\u00bbh3&Prime; global_colors_info=\u00a0\u00bb{}\u00a0\u00bb][et_pb_accordion_item title=\u00a0\u00bbRez de chauss\u00e9e (zone accessible, 8 personnes)\u00a0\u00bb open=\u00a0\u00bbon\u00a0\u00bb _builder_version=\u00a0\u00bb4.16&Prime; global_colors_info=\u00a0\u00bb{}\u00a0\u00bb]<table id=\"table_11872156\" width=\"100%\" class=\"zebra\"><thead><tr><th>Period<\/th><th>Price<\/th><\/tr>\r\n    <\/thead>\r\n    <tbody>\r\n\t\r\n\t<script type=\"text\/javascript\" charset=\"utf-8\">\r\n jQuery(document).ready(function() {\r\n    jQuery('#table_11872156').DataTable( {\"destroy\": true,\"bPaginate\": false,\"bLengthChange\": true,\"bFilter\": false,\"bSort\": false,\"bInfo\": false,\"bStateSave\": true,\"bAutoWidth\": true,\"sPaginationType\": \"full_numbers\",\"oLanguage\": {\r\n\t\t\t\"sLengthMenu\": \"Display _MENU_ records per page\",\r\n\t\t\t\"sZeroRecords\": \"Nothing found - sorry\",\r\n\t\t\t\"sInfo\": \"Showing _START_ to _END_ of _TOTAL_ records\",\r\n\t\t\t\"sInfoEmpty\": \"Showing 0 to 0 of 0 records\",\r\n                        \"sSearch\": \"Search: \",\r\n\t\t\t\"sInfoFiltered\": \"(filtered from _MAX_ total records)\"\r\n\t\t}} );\r\n});\r\n <\/script><tr><td>2026 January 10 - 2026 March 27<\/td><td>EUR 975<\/td><\/tr><tr><td>2026 March 28 - 2026 April 24<\/td><td>EUR 1495<\/td><\/tr><tr><td>2026 April 25 - 2026 October 30<\/td><td>EUR 2595<\/td><\/tr><tr><td>2026 November 1 - 2026 December 18<\/td><td>EUR 975<\/td><\/tr><tr><td>2026 December 19 - 2027 January 8<\/td><td>EUR 1565<\/td><\/tr><tr><td>2027 January 9 - 2027 March 19<\/td><td>EUR 1025<\/td><\/tr><tr><td>2027 March 20 - 2027 April 30<\/td><td>EUR 1565<\/td><\/tr><tr><td>2027 May 1- 2027 November 5<\/td><td>EUR 2725<\/td><\/tr><tr><td>2027 November 6 - 2027 December 17<\/td><td>EUR 1025<\/td><\/tr>\r\n    <\/tbody>\r\n<\/table><br \/>\n[\/et_pb_accordion_item][et_pb_accordion_item title=\u00a0\u00bbAppartement \u00e0 l\u2019\u00e9tage (5 personnes)\u00a0\u00bb _builder_version=\u00a0\u00bb4.16&Prime; global_colors_info=\u00a0\u00bb{}\u00a0\u00bb open=\u00a0\u00bboff\u00a0\u00bb]<table id=\"table_2813634\" width=\"100%\" class=\"zebra\"><thead><tr><th>Period<\/th><th>Price<\/th><\/tr>\r\n    <\/thead>\r\n    <tbody>\r\n\t\r\n\t<script type=\"text\/javascript\" charset=\"utf-8\">\r\n jQuery(document).ready(function() {\r\n    jQuery('#table_2813634').DataTable( {\"destroy\": true,\"bPaginate\": false,\"bLengthChange\": false,\"bFilter\": false,\"bSort\": false,\"bInfo\": false,\"bStateSave\": true,\"bAutoWidth\": true,\"sPaginationType\": \"full_numbers\",\"oLanguage\": {\r\n\t\t\t\"sLengthMenu\": \"Display _MENU_ records per page\",\r\n\t\t\t\"sZeroRecords\": \"Nothing found - sorry\",\r\n\t\t\t\"sInfo\": \"Showing _START_ to _END_ of _TOTAL_ records\",\r\n\t\t\t\"sInfoEmpty\": \"Showing 0 to 0 of 0 records\",\r\n                        \"sSearch\": \"Search: \",\r\n\t\t\t\"sInfoFiltered\": \"(filtered from _MAX_ total records)\"\r\n\t\t}} );\r\n});\r\n <\/script><tr><td>2026 January 10 - 2026 March 27<\/td><td>EUR 475<\/td><\/tr><tr><td>2026 March 28 - 2026 April 24<\/td><td>EUR 765<\/td><\/tr><tr><td>2026 April 25 - 2026 October 30<\/td><td>EUR 1350<\/td><\/tr><tr><td>2026 November 1 - 2026 December 18<\/td><td>EUR 475<\/td><\/tr><tr><td>2026 December 19 - 2027 January 8<\/td><td>EUR 805<\/td><\/tr><tr><td>2027 January 9 - 2027 March 19<\/td><td>EUR 495<\/td><\/tr><tr><td>2027 March 20 - 2027 April 30<\/td><td>EUR 805<\/td><\/tr><tr><td>2027 May 1- 2027 November 5<\/td><td>EUR 1415<\/td><\/tr><tr><td>2027 November 6 - 2027 December 17<\/td><td>EUR 805<\/td><\/tr>\r\n    <\/tbody>\r\n<\/table><br \/>\n[\/et_pb_accordion_item][et_pb_accordion_item title=\u00a0\u00bbUsage exclusif de toute la villa, 10% de r\u00e9duction! (13 personnes)\u00a0\u00bb _builder_version=\u00a0\u00bb4.16&Prime; global_colors_info=\u00a0\u00bb{}\u00a0\u00bb open=\u00a0\u00bboff\u00a0\u00bb]<table id=\"table_35402706\" width=\"100%\" class=\"zebra\"><thead><tr><th>Period<\/th><th>Price<\/th><\/tr>\r\n    <\/thead>\r\n    <tbody>\r\n\t\r\n\t<script type=\"text\/javascript\" charset=\"utf-8\">\r\n jQuery(document).ready(function() {\r\n    jQuery('#table_35402706').DataTable( {\"destroy\": true,\"bPaginate\": false,\"bLengthChange\": false,\"bFilter\": false,\"bSort\": false,\"bInfo\": false,\"bStateSave\": true,\"bAutoWidth\": true,\"sPaginationType\": \"full_numbers\",\"oLanguage\": {\r\n\t\t\t\"sLengthMenu\": \"Display _MENU_ records per page\",\r\n\t\t\t\"sZeroRecords\": \"Nothing found - sorry\",\r\n\t\t\t\"sInfo\": \"Showing _START_ to _END_ of _TOTAL_ records\",\r\n\t\t\t\"sInfoEmpty\": \"Showing 0 to 0 of 0 records\",\r\n                        \"sSearch\": \"Search: \",\r\n\t\t\t\"sInfoFiltered\": \"(filtered from _MAX_ total records)\"\r\n\t\t}} );\r\n});\r\n <\/script><tr><td>2026 January 10 - 2026 March 27<\/td><td>EUR <del>1450<\/del> 1295<\/td><\/tr><tr><td>2026 March 28 - 2026 April 24<\/td><td>EUR <del>2260<\/del> 2030<\/td><\/tr><tr><td>2026 April 25 - 2026 October 30<\/td><td>EUR <del>3945<\/del> 3550<\/td><\/tr><tr><td>2026 November 1 - 2026 December 18<\/td><td>EUR <del>1450<\/del> 1295<\/td><\/tr><tr><td>2026 December 19 - 2027 January 8<\/td><td>EUR <del>2370<\/del> 2135<\/td><\/tr><tr><td>2027 January 9 - 2027 March 19<\/td><td>EUR <del>1520<\/del> 1370<\/td><\/tr><tr><td>2027 March 20 - 2027 April 30<\/td><td>EUR <del>2370<\/del> 2135<\/td><\/tr><tr><td>2027 May 1- 2027 November 5<\/td><td>EUR <del>4140<\/del> 3725<\/td><\/tr><tr><td>2027 November 6 - 2027 December 17<\/td><td>EUR <del>2370<\/del> 2135<\/td><\/tr>\r\n    <\/tbody>\r\n<\/table><br \/>\n[\/et_pb_accordion_item][\/et_pb_accordion][et_pb_text _builder_version=\u00a0\u00bb4.16&Prime; global_colors_info=\u00a0\u00bb{}\u00a0\u00bb]<\/p>\n<h3><strong>Renseignez-vous maintenant!<\/strong><\/h3>\n<p>[\/et_pb_text][et_pb_contact_form captcha=\u00a0\u00bboff\u00a0\u00bb email=\u00a0\u00bbinfo@hilltophideaway.es\u00a0\u00bb module_id=\u00a0\u00bbet_pb_contact_form_0&Prime; _builder_version=\u00a0\u00bb4.16&Prime; _unique_id=\u00a0\u00bb5593d054-cdfc-4033-a270-9a86883b3fd2&Prime; global_colors_info=\u00a0\u00bb{}\u00a0\u00bb][et_pb_contact_field field_id=\u00a0\u00bbName\u00a0\u00bb field_title=\u00a0\u00bbNom\u00a0\u00bb _builder_version=\u00a0\u00bb4.16&Prime; global_colors_info=\u00a0\u00bb{}\u00a0\u00bb button_text_size__hover_enabled=\u00a0\u00bboff\u00a0\u00bb button_one_text_size__hover_enabled=\u00a0\u00bboff\u00a0\u00bb button_two_text_size__hover_enabled=\u00a0\u00bboff\u00a0\u00bb button_text_color__hover_enabled=\u00a0\u00bboff\u00a0\u00bb button_one_text_color__hover_enabled=\u00a0\u00bboff\u00a0\u00bb button_two_text_color__hover_enabled=\u00a0\u00bboff\u00a0\u00bb button_border_width__hover_enabled=\u00a0\u00bboff\u00a0\u00bb button_one_border_width__hover_enabled=\u00a0\u00bboff\u00a0\u00bb button_two_border_width__hover_enabled=\u00a0\u00bboff\u00a0\u00bb button_border_color__hover_enabled=\u00a0\u00bboff\u00a0\u00bb button_one_border_color__hover_enabled=\u00a0\u00bboff\u00a0\u00bb button_two_border_color__hover_enabled=\u00a0\u00bboff\u00a0\u00bb button_border_radius__hover_enabled=\u00a0\u00bboff\u00a0\u00bb button_one_border_radius__hover_enabled=\u00a0\u00bboff\u00a0\u00bb button_two_border_radius__hover_enabled=\u00a0\u00bboff\u00a0\u00bb button_letter_spacing__hover_enabled=\u00a0\u00bboff\u00a0\u00bb button_one_letter_spacing__hover_enabled=\u00a0\u00bboff\u00a0\u00bb button_two_letter_spacing__hover_enabled=\u00a0\u00bboff\u00a0\u00bb button_bg_color__hover_enabled=\u00a0\u00bboff\u00a0\u00bb button_one_bg_color__hover_enabled=\u00a0\u00bboff\u00a0\u00bb button_two_bg_color__hover_enabled=\u00a0\u00bboff\u00a0\u00bb][\/et_pb_contact_field][et_pb_contact_field field_id=\u00a0\u00bbEmail\u00a0\u00bb field_title=\u00a0\u00bbAddresse Email\u00a0\u00bb field_type=\u00a0\u00bbemail\u00a0\u00bb _builder_version=\u00a0\u00bb4.16&Prime; global_colors_info=\u00a0\u00bb{}\u00a0\u00bb button_text_size__hover_enabled=\u00a0\u00bboff\u00a0\u00bb button_one_text_size__hover_enabled=\u00a0\u00bboff\u00a0\u00bb button_two_text_size__hover_enabled=\u00a0\u00bboff\u00a0\u00bb button_text_color__hover_enabled=\u00a0\u00bboff\u00a0\u00bb button_one_text_color__hover_enabled=\u00a0\u00bboff\u00a0\u00bb button_two_text_color__hover_enabled=\u00a0\u00bboff\u00a0\u00bb button_border_width__hover_enabled=\u00a0\u00bboff\u00a0\u00bb button_one_border_width__hover_enabled=\u00a0\u00bboff\u00a0\u00bb button_two_border_width__hover_enabled=\u00a0\u00bboff\u00a0\u00bb button_border_color__hover_enabled=\u00a0\u00bboff\u00a0\u00bb button_one_border_color__hover_enabled=\u00a0\u00bboff\u00a0\u00bb button_two_border_color__hover_enabled=\u00a0\u00bboff\u00a0\u00bb button_border_radius__hover_enabled=\u00a0\u00bboff\u00a0\u00bb button_one_border_radius__hover_enabled=\u00a0\u00bboff\u00a0\u00bb button_two_border_radius__hover_enabled=\u00a0\u00bboff\u00a0\u00bb button_letter_spacing__hover_enabled=\u00a0\u00bboff\u00a0\u00bb button_one_letter_spacing__hover_enabled=\u00a0\u00bboff\u00a0\u00bb button_two_letter_spacing__hover_enabled=\u00a0\u00bboff\u00a0\u00bb button_bg_color__hover_enabled=\u00a0\u00bboff\u00a0\u00bb button_one_bg_color__hover_enabled=\u00a0\u00bboff\u00a0\u00bb button_two_bg_color__hover_enabled=\u00a0\u00bboff\u00a0\u00bb][\/et_pb_contact_field][et_pb_contact_field field_id=\u00a0\u00bbInterested_in\u00a0\u00bb field_title=\u00a0\u00bbInteress\u00e9 par\u00a0\u00bb field_type=\u00a0\u00bbselect\u00a0\u00bb select_options=\u00a0\u00bb%91{%22value%22:%22Toute la villa%22,%22checked%22:0},{%22value%22:%22Rez de chauss\u00e9e %22,%22checked%22:0},{%22value%22:%22Appartement \u00e0 l\u2019\u00e9tage %22,%22checked%22:0}%93&Prime; fullwidth_field=\u00a0\u00bbon\u00a0\u00bb _builder_version=\u00a0\u00bb4.16&Prime; global_colors_info=\u00a0\u00bb{}\u00a0\u00bb button_text_size__hover_enabled=\u00a0\u00bboff\u00a0\u00bb button_one_text_size__hover_enabled=\u00a0\u00bboff\u00a0\u00bb button_two_text_size__hover_enabled=\u00a0\u00bboff\u00a0\u00bb button_text_color__hover_enabled=\u00a0\u00bboff\u00a0\u00bb button_one_text_color__hover_enabled=\u00a0\u00bboff\u00a0\u00bb button_two_text_color__hover_enabled=\u00a0\u00bboff\u00a0\u00bb button_border_width__hover_enabled=\u00a0\u00bboff\u00a0\u00bb button_one_border_width__hover_enabled=\u00a0\u00bboff\u00a0\u00bb button_two_border_width__hover_enabled=\u00a0\u00bboff\u00a0\u00bb button_border_color__hover_enabled=\u00a0\u00bboff\u00a0\u00bb button_one_border_color__hover_enabled=\u00a0\u00bboff\u00a0\u00bb button_two_border_color__hover_enabled=\u00a0\u00bboff\u00a0\u00bb button_border_radius__hover_enabled=\u00a0\u00bboff\u00a0\u00bb button_one_border_radius__hover_enabled=\u00a0\u00bboff\u00a0\u00bb button_two_border_radius__hover_enabled=\u00a0\u00bboff\u00a0\u00bb button_letter_spacing__hover_enabled=\u00a0\u00bboff\u00a0\u00bb button_one_letter_spacing__hover_enabled=\u00a0\u00bboff\u00a0\u00bb button_two_letter_spacing__hover_enabled=\u00a0\u00bboff\u00a0\u00bb button_bg_color__hover_enabled=\u00a0\u00bboff\u00a0\u00bb button_one_bg_color__hover_enabled=\u00a0\u00bboff\u00a0\u00bb button_two_bg_color__hover_enabled=\u00a0\u00bboff\u00a0\u00bb][\/et_pb_contact_field][et_pb_contact_field field_id=\u00a0\u00bbNumber_of_adults\u00a0\u00bb field_title=\u00a0\u00bbNombre d\u2019adultes\u00a0\u00bb field_type=\u00a0\u00bbselect\u00a0\u00bb select_options=\u00a0\u00bb%91{%22value%22:%222%22,%22checked%22:0},{%22value%22:%223%22,%22checked%22:0},{%22value%22:%224%22,%22checked%22:0},{%22value%22:%225%22,%22checked%22:0},{%22value%22:%226%22,%22checked%22:0},{%22value%22:%227%22,%22checked%22:0},{%22value%22:%228%22,%22checked%22:0},{%22value%22:%229%22,%22checked%22:0},{%22value%22:%2210%22,%22checked%22:0},{%22value%22:%2211%22,%22checked%22:0},{%22value%22:%2212%22,%22checked%22:0}%93&Prime; _builder_version=\u00a0\u00bb4.16&Prime; global_colors_info=\u00a0\u00bb{}\u00a0\u00bb button_text_size__hover_enabled=\u00a0\u00bboff\u00a0\u00bb button_one_text_size__hover_enabled=\u00a0\u00bboff\u00a0\u00bb button_two_text_size__hover_enabled=\u00a0\u00bboff\u00a0\u00bb button_text_color__hover_enabled=\u00a0\u00bboff\u00a0\u00bb button_one_text_color__hover_enabled=\u00a0\u00bboff\u00a0\u00bb button_two_text_color__hover_enabled=\u00a0\u00bboff\u00a0\u00bb button_border_width__hover_enabled=\u00a0\u00bboff\u00a0\u00bb button_one_border_width__hover_enabled=\u00a0\u00bboff\u00a0\u00bb button_two_border_width__hover_enabled=\u00a0\u00bboff\u00a0\u00bb button_border_color__hover_enabled=\u00a0\u00bboff\u00a0\u00bb button_one_border_color__hover_enabled=\u00a0\u00bboff\u00a0\u00bb button_two_border_color__hover_enabled=\u00a0\u00bboff\u00a0\u00bb button_border_radius__hover_enabled=\u00a0\u00bboff\u00a0\u00bb button_one_border_radius__hover_enabled=\u00a0\u00bboff\u00a0\u00bb button_two_border_radius__hover_enabled=\u00a0\u00bboff\u00a0\u00bb button_letter_spacing__hover_enabled=\u00a0\u00bboff\u00a0\u00bb button_one_letter_spacing__hover_enabled=\u00a0\u00bboff\u00a0\u00bb button_two_letter_spacing__hover_enabled=\u00a0\u00bboff\u00a0\u00bb button_bg_color__hover_enabled=\u00a0\u00bboff\u00a0\u00bb button_one_bg_color__hover_enabled=\u00a0\u00bboff\u00a0\u00bb button_two_bg_color__hover_enabled=\u00a0\u00bboff\u00a0\u00bb][\/et_pb_contact_field][et_pb_contact_field field_id=\u00a0\u00bbNumber_of_children\u00a0\u00bb field_title=\u00a0\u00bbNombre d\u2019enfants\u00a0\u00bb field_type=\u00a0\u00bbselect\u00a0\u00bb select_options=\u00a0\u00bb%91{%22value%22:%220%22,%22checked%22:0},{%22value%22:%221%22,%22checked%22:0},{%22value%22:%222%22,%22checked%22:0},{%22value%22:%223%22,%22checked%22:0},{%22value%22:%224%22,%22checked%22:0},{%22value%22:%225%22,%22checked%22:0},{%22value%22:%226%22,%22checked%22:0},{%22value%22:%227%22,%22checked%22:0},{%22value%22:%228%22,%22checked%22:0},{%22value%22:%229%22,%22checked%22:0},{%22value%22:%2210%22,%22checked%22:0}%93&Prime; _builder_version=\u00a0\u00bb4.16&Prime; global_colors_info=\u00a0\u00bb{}\u00a0\u00bb button_text_size__hover_enabled=\u00a0\u00bboff\u00a0\u00bb button_one_text_size__hover_enabled=\u00a0\u00bboff\u00a0\u00bb button_two_text_size__hover_enabled=\u00a0\u00bboff\u00a0\u00bb button_text_color__hover_enabled=\u00a0\u00bboff\u00a0\u00bb button_one_text_color__hover_enabled=\u00a0\u00bboff\u00a0\u00bb button_two_text_color__hover_enabled=\u00a0\u00bboff\u00a0\u00bb button_border_width__hover_enabled=\u00a0\u00bboff\u00a0\u00bb button_one_border_width__hover_enabled=\u00a0\u00bboff\u00a0\u00bb button_two_border_width__hover_enabled=\u00a0\u00bboff\u00a0\u00bb button_border_color__hover_enabled=\u00a0\u00bboff\u00a0\u00bb button_one_border_color__hover_enabled=\u00a0\u00bboff\u00a0\u00bb button_two_border_color__hover_enabled=\u00a0\u00bboff\u00a0\u00bb button_border_radius__hover_enabled=\u00a0\u00bboff\u00a0\u00bb button_one_border_radius__hover_enabled=\u00a0\u00bboff\u00a0\u00bb button_two_border_radius__hover_enabled=\u00a0\u00bboff\u00a0\u00bb button_letter_spacing__hover_enabled=\u00a0\u00bboff\u00a0\u00bb button_one_letter_spacing__hover_enabled=\u00a0\u00bboff\u00a0\u00bb button_two_letter_spacing__hover_enabled=\u00a0\u00bboff\u00a0\u00bb button_bg_color__hover_enabled=\u00a0\u00bboff\u00a0\u00bb button_one_bg_color__hover_enabled=\u00a0\u00bboff\u00a0\u00bb button_two_bg_color__hover_enabled=\u00a0\u00bboff\u00a0\u00bb][\/et_pb_contact_field][et_pb_contact_field field_id=\u00a0\u00bbMessage\u00a0\u00bb field_title=\u00a0\u00bbIndiquez vos dates pr\u00e9f\u00e9r\u00e9es et vos exigences. Si vous souhaitez discuter des arrangements au t\u00e9l\u00e9phone, veuillez laisser votre num\u00e9ro de t\u00e9l\u00e9phone et l\u2019heure \u00e0 laquelle vous pr\u00e9f\u00e9rez que nous vous appelons.\u00a0\u00bb field_type=\u00a0\u00bbtext\u00a0\u00bb fullwidth_field=\u00a0\u00bbon\u00a0\u00bb _builder_version=\u00a0\u00bb4.16&Prime; global_colors_info=\u00a0\u00bb{}\u00a0\u00bb button_text_size__hover_enabled=\u00a0\u00bboff\u00a0\u00bb button_one_text_size__hover_enabled=\u00a0\u00bboff\u00a0\u00bb button_two_text_size__hover_enabled=\u00a0\u00bboff\u00a0\u00bb button_text_color__hover_enabled=\u00a0\u00bboff\u00a0\u00bb button_one_text_color__hover_enabled=\u00a0\u00bboff\u00a0\u00bb button_two_text_color__hover_enabled=\u00a0\u00bboff\u00a0\u00bb button_border_width__hover_enabled=\u00a0\u00bboff\u00a0\u00bb button_one_border_width__hover_enabled=\u00a0\u00bboff\u00a0\u00bb button_two_border_width__hover_enabled=\u00a0\u00bboff\u00a0\u00bb button_border_color__hover_enabled=\u00a0\u00bboff\u00a0\u00bb button_one_border_color__hover_enabled=\u00a0\u00bboff\u00a0\u00bb button_two_border_color__hover_enabled=\u00a0\u00bboff\u00a0\u00bb button_border_radius__hover_enabled=\u00a0\u00bboff\u00a0\u00bb button_one_border_radius__hover_enabled=\u00a0\u00bboff\u00a0\u00bb button_two_border_radius__hover_enabled=\u00a0\u00bboff\u00a0\u00bb button_letter_spacing__hover_enabled=\u00a0\u00bboff\u00a0\u00bb button_one_letter_spacing__hover_enabled=\u00a0\u00bboff\u00a0\u00bb button_two_letter_spacing__hover_enabled=\u00a0\u00bboff\u00a0\u00bb button_bg_color__hover_enabled=\u00a0\u00bboff\u00a0\u00bb button_one_bg_color__hover_enabled=\u00a0\u00bboff\u00a0\u00bb button_two_bg_color__hover_enabled=\u00a0\u00bboff\u00a0\u00bb][\/et_pb_contact_field][\/et_pb_contact_form][\/et_pb_column][\/et_pb_row][\/et_pb_section]<\/p>\n","protected":false},"excerpt":{"rendered":"<p>Septembre 2024\u00a0 &#8211; Mars 2026 (Prix en euros pour un s\u00e9jour d\u2019une semaine) La maison contient deux appartements s\u00e9par\u00e9s qui peuvent \u00eatre lou\u00e9s ensemble ou s\u00e9par\u00e9ment. Nous offrons des prix bas au printemps, en automne et en hiver (ensoleill\u00e9!). Ce qui signifie que vous obtenez une bonne affaire m\u00eame si la taille de votre groupe [&hellip;]<\/p>\n","protected":false},"author":1,"featured_media":1701,"parent":0,"menu_order":0,"comment_status":"closed","ping_status":"closed","template":"","meta":{"_et_pb_use_builder":"on","_et_pb_old_content":"","_et_gb_content_width":"","om_disable_all_campaigns":false,"_monsterinsights_skip_tracking":false,"_monsterinsights_sitenote_active":false,"_monsterinsights_sitenote_note":"","_monsterinsights_sitenote_category":0,"_uf_show_specific_survey":0,"_uf_disable_surveys":false,"footnotes":""},"class_list":["post-2795","page","type-page","status-publish","has-post-thumbnail","hentry"],"aioseo_notices":[],"_links":{"self":[{"href":"https:\/\/hilltophideaway.es\/fr\/wp-json\/wp\/v2\/pages\/2795","targetHints":{"allow":["GET"]}}],"collection":[{"href":"https:\/\/hilltophideaway.es\/fr\/wp-json\/wp\/v2\/pages"}],"about":[{"href":"https:\/\/hilltophideaway.es\/fr\/wp-json\/wp\/v2\/types\/page"}],"author":[{"embeddable":true,"href":"https:\/\/hilltophideaway.es\/fr\/wp-json\/wp\/v2\/users\/1"}],"replies":[{"embeddable":true,"href":"https:\/\/hilltophideaway.es\/fr\/wp-json\/wp\/v2\/comments?post=2795"}],"version-history":[{"count":42,"href":"https:\/\/hilltophideaway.es\/fr\/wp-json\/wp\/v2\/pages\/2795\/revisions"}],"predecessor-version":[{"id":3352,"href":"https:\/\/hilltophideaway.es\/fr\/wp-json\/wp\/v2\/pages\/2795\/revisions\/3352"}],"wp:featuredmedia":[{"embeddable":true,"href":"https:\/\/hilltophideaway.es\/fr\/wp-json\/wp\/v2\/media\/1701"}],"wp:attachment":[{"href":"https:\/\/hilltophideaway.es\/fr\/wp-json\/wp\/v2\/media?parent=2795"}],"curies":[{"name":"wp","href":"https:\/\/api.w.org\/{rel}","templated":true}]}}