{"id":1415,"date":"2018-05-03T15:32:34","date_gmt":"2018-05-03T22:32:34","guid":{"rendered":"http:\/\/hilltophideaway.es\/que-faire\/"},"modified":"2018-05-03T23:12:55","modified_gmt":"2018-05-04T06:12:55","slug":"que-faire","status":"publish","type":"page","link":"https:\/\/hilltophideaway.es\/fr\/que-faire\/","title":{"rendered":"Que faire"},"content":{"rendered":"<p>[et_pb_section bb_built=\u00a0\u00bb1&Prime; _builder_version=\u00a0\u00bb3.0.47&Prime; custom_padding=\u00a0\u00bb26px|0px|42.1875px|0px\u00a0\u00bb][et_pb_row _builder_version=\u00a0\u00bb3.0.75&Prime;][et_pb_column type=\u00a0\u00bb4_4&Prime;][et_pb_post_title meta=\u00a0\u00bboff\u00a0\u00bb featured_image=\u00a0\u00bboff\u00a0\u00bb _builder_version=\u00a0\u00bb3.0.75&Prime; title_font=\u00a0\u00bbPlayfair Display||||\u00a0\u00bb title_font_size=\u00a0\u00bb44px\u00a0\u00bb \/][et_pb_text _builder_version=\u00a0\u00bb3.0.89&Prime; text_font=\u00a0\u00bbPlayfair Display||||\u00a0\u00bb text_font_size=\u00a0\u00bb24px\u00a0\u00bb text_line_height=\u00a0\u00bb1.8em\u00a0\u00bb background_layout=\u00a0\u00bblight\u00a0\u00bb]<\/p>\n<p>Vous recherchez une d\u00e9tente totale ou des vacances actives? De toute fa\u00e7on nous vous avons couvert! Hilltop Hideaway a tellement \u00e0 offrir!<\/p>\n<p>[\/et_pb_text][\/et_pb_column][\/et_pb_row][et_pb_row make_equal=\u00a0\u00bbon\u00a0\u00bb _builder_version=\u00a0\u00bb3.0.75&Prime; background_size=\u00a0\u00bbinitial\u00a0\u00bb background_position=\u00a0\u00bbtop_left\u00a0\u00bb background_repeat=\u00a0\u00bbrepeat\u00a0\u00bb][et_pb_column type=\u00a0\u00bb1_2&Prime;][et_pb_text _builder_version=\u00a0\u00bb3.0.89&Prime;]<\/p>\n<p class=\"p1\">Passez quelques jours de farniente sur la propri\u00e9t\u00e9 et rechargez vos batteries. D\u00e9tendez-vous autour de la piscine avec votre livre pr\u00e9f\u00e9r\u00e9. Ou rassemblez-vous sur la terrasse avec vos proches et profitez d&rsquo;une boisson rafra\u00eechissante tout en partageant des souvenirs. Les vues sont magnifiques de tout autour de la propri\u00e9t\u00e9!<\/p>\n<p class=\"p1\">Les enfants adorent jouer dans la piscine et explorer la terrain. Alternativement, ils peuvent se tenir occup\u00e9s avec les jouets et les DVDs dans la villa pendant que vous vous d\u00e9tendez. Amusez-vous dans la cuisine ou commandez un d\u00e9licieux repas.<\/p>\n<p>[\/et_pb_text][et_pb_divider show_divider=\u00a0\u00bbon\u00a0\u00bb divider_style=\u00a0\u00bbinset\u00a0\u00bb _builder_version=\u00a0\u00bb3.0.75&Prime; max_width=\u00a0\u00bb67%\u00a0\u00bb module_alignment=\u00a0\u00bbcenter\u00a0\u00bb \/][\/et_pb_column][et_pb_column type=\u00a0\u00bb1_2&Prime;][et_pb_image src=\u00a0\u00bbhttp:\/\/hilltophideaway.es\/wp-content\/uploads\/2017\/09\/pool-view-of-house.jpg\u00a0\u00bb _builder_version=\u00a0\u00bb3.0.75&Prime; \/][\/et_pb_column][\/et_pb_row][et_pb_row make_equal=\u00a0\u00bbon\u00a0\u00bb _builder_version=\u00a0\u00bb3.0.89&Prime; custom_padding_last_edited=\u00a0\u00bbon|phone\u00a0\u00bb custom_padding_tablet=\u00a0\u00bb0px||0px|\u00a0\u00bb][et_pb_column type=\u00a0\u00bb4_4&Prime;][et_pb_text _builder_version=\u00a0\u00bb3.0.75&Prime; text_font=\u00a0\u00bbPlayfair Display||||\u00a0\u00bb text_font_size=\u00a0\u00bb35px\u00a0\u00bb header_font=\u00a0\u00bbPlayfair Display||||\u00a0\u00bb header_text_align=\u00a0\u00bbcenter\u00a0\u00bb header_font_size=\u00a0\u00bb21px\u00a0\u00bb text_orientation=\u00a0\u00bbcenter\u00a0\u00bb module_alignment=\u00a0\u00bbcenter\u00a0\u00bb]<\/p>\n<p>Izn\u00e1jar<\/p>\n<p>[\/et_pb_text][\/et_pb_column][\/et_pb_row][et_pb_row make_equal=\u00a0\u00bbon\u00a0\u00bb _builder_version=\u00a0\u00bb3.0.75&Prime; custom_padding=\u00a0\u00bb21px|0px|21.125px|0px\u00a0\u00bb][et_pb_column type=\u00a0\u00bb1_2&Prime;][et_pb_image src=\u00a0\u00bbhttp:\/\/hilltophideaway.es\/wp-content\/uploads\/2017\/10\/iznajar-reservoir.jpg\u00a0\u00bb _builder_version=\u00a0\u00bb3.0.75&Prime; \/][\/et_pb_column][et_pb_column type=\u00a0\u00bb1_2&Prime;][et_pb_text _builder_version=\u00a0\u00bb3.0.89&Prime; background_layout=\u00a0\u00bblight\u00a0\u00bb]<br \/>\nUn pittoresque village blanchi \u00e0 la chaux de six mille habitants avec son lac turquoise, \u00e0 seulement 10 minutes en voiture de la propri\u00e9t\u00e9. Profitez de fl\u00e2ner dans ses rues sinueuses et visitez le ch\u00e2teau mauresque datant du 8\u00e8me si\u00e8cle. Le plus pratique est d&rsquo;utiliser le parking de la nouvelle salle de sport et de continuer \u00e0 pied jusqu&rsquo;au centre o\u00f9 se trouve l&rsquo;\u00e9glise.<\/p>\n<p>Vous trouverez beaucoup d&rsquo;informations et de cartes \u00e0 suivre sur Iznajar dans la biblioth\u00e8que du salon.<\/p>\n<p class=\"p1\"><strong><span class=\"s1\">Plage Valdearenas\u00a0<\/span><\/strong><\/p>\n<p class=\"p1\">Le lac Iznajar a une belle plage de sable avec un bar et un restaurant. Vous pouvez vous promener sur la plage de sable, vous baigner dans le plus grand lac d&rsquo;Andalousie ou louer des p\u00e9dalos, des cano\u00ebs et des d\u00e9riveurs.<\/p>\n<p>[\/et_pb_text][\/et_pb_column][\/et_pb_row][et_pb_row _builder_version=\u00a0\u00bb3.0.89&Prime; custom_padding_tablet=\u00a0\u00bb0px||0px|\u00a0\u00bb custom_padding_last_edited=\u00a0\u00bbon|desktop\u00a0\u00bb custom_margin=\u00a0\u00bb||0px|\u00a0\u00bb][et_pb_column type=\u00a0\u00bb4_4&Prime;][et_pb_text _builder_version=\u00a0\u00bb3.0.89&Prime; text_font=\u00a0\u00bbPlayfair Display||||\u00a0\u00bb text_font_size=\u00a0\u00bb35px\u00a0\u00bb header_font=\u00a0\u00bbLeckerli One||||\u00a0\u00bb header_text_align=\u00a0\u00bbcenter\u00a0\u00bb text_orientation=\u00a0\u00bbcenter\u00a0\u00bb module_alignment=\u00a0\u00bbcenter\u00a0\u00bb background_layout=\u00a0\u00bblight\u00a0\u00bb text_line_height=\u00a0\u00bb1.8em\u00a0\u00bb custom_margin=\u00a0\u00bb||0px|\u00a0\u00bb]<\/p>\n<p>Priego de C\u00f3rdoba<\/p>\n<p>[\/et_pb_text][\/et_pb_column][\/et_pb_row][et_pb_row make_equal=\u00a0\u00bbon\u00a0\u00bb _builder_version=\u00a0\u00bb3.0.75&Prime; custom_padding=\u00a0\u00bb21px|0px|21.125px|0px\u00a0\u00bb][et_pb_column type=\u00a0\u00bb1_2&Prime;][et_pb_text _builder_version=\u00a0\u00bb3.0.75&Prime;]<\/p>\n<p>Un veritable bijou cach\u00e9 manqu\u00e9 par la plupart des vacanciers. Promenez-vous dans le centre historique, et le long des murs de la vieille ville o\u00f9 vous pourrez profiter du beau paysage des collines environnantes. Profitez d&rsquo;un repas sur la terrasse de l&rsquo;H\u00f4tel Adarve, avec les vues incroyables que cet endroit peut vous offrir.<\/p>\n<p>[\/et_pb_text][\/et_pb_column][et_pb_column type=\u00a0\u00bb1_2&Prime;][et_pb_image src=\u00a0\u00bbhttp:\/\/hilltophideaway.es\/wp-content\/uploads\/2017\/09\/Priego-de-Crodoba-courtyard.jpg\u00a0\u00bb _builder_version=\u00a0\u00bb3.0.75&Prime; \/][\/et_pb_column][\/et_pb_row][et_pb_row _builder_version=\u00a0\u00bb3.0.89&Prime; custom_padding_tablet=\u00a0\u00bb0px||0px|\u00a0\u00bb custom_padding_last_edited=\u00a0\u00bbon|phone\u00a0\u00bb][et_pb_column type=\u00a0\u00bb4_4&Prime;][et_pb_text _builder_version=\u00a0\u00bb3.0.75&Prime; text_font=\u00a0\u00bbPlayfair Display||||\u00a0\u00bb text_font_size=\u00a0\u00bb35px\u00a0\u00bb header_font=\u00a0\u00bbLeckerli One||||\u00a0\u00bb header_text_align=\u00a0\u00bbcenter\u00a0\u00bb text_orientation=\u00a0\u00bbcenter\u00a0\u00bb module_alignment=\u00a0\u00bbcenter\u00a0\u00bb]<\/p>\n<p class=\"p1\"><span class=\"s1\">Grenade<\/span><\/p>\n<p>[\/et_pb_text][\/et_pb_column][\/et_pb_row][et_pb_row _builder_version=\u00a0\u00bb3.0.89&Prime; custom_padding_tablet=\u00a0\u00bb0px||0px|\u00a0\u00bb custom_padding_last_edited=\u00a0\u00bbon|phone\u00a0\u00bb][et_pb_column type=\u00a0\u00bb4_4&Prime;][et_pb_text _builder_version=\u00a0\u00bb3.0.89&Prime;]<br \/>\nEn une heure de route, vous pourrez rejoindre Grenade et le c\u00e9l\u00e8bre palais de l&rsquo;Alhambra. Le paysage seul pendant votre trajet vaut le d\u00e9tour! Grenade, autrefois un carrefour de civilisations, est aujourd&rsquo;hui une ville vibrante de culture. Fl\u00e2nez le long de la rivi\u00e8re et dans le labyrinthe \u00e9troit comme les rues du vieux centre-ville et visitez l&rsquo;Alhambra, le fleuron du vaste patrimoine historique de la ville. IMPORTANT: Achetez vos billets pour l&rsquo;Alhambra bien \u00e0 l&rsquo;avance de votre visite car les places sont limit\u00e9es.<\/p>\n<p>Sur le chemin du retour, il vaut la peine de s&rsquo;arr\u00eater \u00e0 Montefrio pour un d\u00eener strudel all\u00e9chant.<br \/>\n[\/et_pb_text][et_pb_image src=\u00a0\u00bbhttp:\/\/hilltophideaway.es\/wp-content\/uploads\/2017\/08\/Granada-Alhambra.jpg\u00a0\u00bb _builder_version=\u00a0\u00bb3.0.75&Prime; custom_margin=\u00a0\u00bb||40px|\u00a0\u00bb \/][et_pb_text _builder_version=\u00a0\u00bb3.0.75&Prime; text_font=\u00a0\u00bbPlayfair Display||||\u00a0\u00bb text_font_size=\u00a0\u00bb35px\u00a0\u00bb header_font=\u00a0\u00bbLeckerli One||||\u00a0\u00bb header_text_align=\u00a0\u00bbcenter\u00a0\u00bb text_orientation=\u00a0\u00bbcenter\u00a0\u00bb module_alignment=\u00a0\u00bbcenter\u00a0\u00bb]<\/p>\n<p class=\"p1\">Cordoue<\/p>\n<p>[\/et_pb_text][\/et_pb_column][\/et_pb_row][et_pb_row make_equal=\u00a0\u00bbon\u00a0\u00bb _builder_version=\u00a0\u00bb3.0.75&Prime;][et_pb_column type=\u00a0\u00bb1_2&Prime;][et_pb_text _builder_version=\u00a0\u00bb3.0.75&Prime;]<\/p>\n<p>La ville des trois cultures, avec l&rsquo;h\u00e9ritage arabe, chr\u00e9tien et juif est \u00e0 juste titre l&rsquo;une des principales cit\u00e9s culturelles de l&rsquo;Europe. Son attraction principale est la Mesquita, une mosqu\u00e9e maure est aujourd&rsquo;hui class\u00e9e au patrimoine culturel mondial de l&rsquo;UNESCO. L\u00e2chez-vous dans la for\u00eat de plus de mille piliers et d&rsquo;arches d\u00e9pouill\u00e9es de rouge et de blanc, et laissez-vous ramener au 11\u00e8me si\u00e8cle quand Cordoue \u00e9tait la capitale de l&rsquo;Andalousie arabe.<\/p>\n<p class=\"p1\"><span class=\"s1\"><a href=\"http:\/\/www.cordobaturismo.es\/en\" target=\"_blank\" rel=\"noopener noreferrer\">http:\/\/www.cordobaturismo.es\/en<\/a><\/span><\/p>\n<p class=\"p1\"><span class=\"s1\"><a href=\"http:\/\/www.andalucia.org\/en\/destinations\/provinces\/cordoba\/\" target=\"_blank\" rel=\"noopener noreferrer\">http:\/\/www.andalucia.org\/en\/destinations\/provinces\/cordoba\/<\/a><\/span><\/p>\n<p>[\/et_pb_text][\/et_pb_column][et_pb_column type=\u00a0\u00bb1_2&Prime;][et_pb_image src=\u00a0\u00bbhttp:\/\/hilltophideaway.es\/wp-content\/uploads\/2017\/08\/architecture-756147_1280.jpg\u00a0\u00bb _builder_version=\u00a0\u00bb3.0.75&Prime; \/][\/et_pb_column][\/et_pb_row][et_pb_row _builder_version=\u00a0\u00bb3.0.75&Prime;][et_pb_column type=\u00a0\u00bb4_4&Prime;][et_pb_text _builder_version=\u00a0\u00bb3.0.75&Prime; text_font=\u00a0\u00bbPlayfair Display||||\u00a0\u00bb text_font_size=\u00a0\u00bb35px\u00a0\u00bb header_font=\u00a0\u00bbLeckerli One||||\u00a0\u00bb header_text_align=\u00a0\u00bbcenter\u00a0\u00bb text_orientation=\u00a0\u00bbcenter\u00a0\u00bb module_alignment=\u00a0\u00bbcenter\u00a0\u00bb]<\/p>\n<p class=\"p1\">M\u00e1laga<\/p>\n<p>[\/et_pb_text][\/et_pb_column][\/et_pb_row][et_pb_row make_equal=\u00a0\u00bbon\u00a0\u00bb _builder_version=\u00a0\u00bb3.0.75&Prime;][et_pb_column type=\u00a0\u00bb1_2&Prime;][et_pb_image src=\u00a0\u00bbhttp:\/\/hilltophideaway.es\/wp-content\/uploads\/2017\/10\/church-malaga-small.jpg\u00a0\u00bb _builder_version=\u00a0\u00bb3.0.75&Prime; \/][\/et_pb_column][et_pb_column type=\u00a0\u00bb1_2&Prime;][et_pb_text _builder_version=\u00a0\u00bb3.0.75&Prime;]<\/p>\n<p>Une ville cosmopolite et anim\u00e9e, o\u00f9 l&rsquo;on ne peut pas embarquer. Promenez-vous autour du Paseo del Parque, prenez une glace sur le Paseo de la Farola, bronzez sur la plage, visitez la forteresse mauresque l&rsquo;Alcazaba et le Mus\u00e9e Picasso, d\u00e9gustez des tapas espagnoles traditionnelles dans l&rsquo;un des bars de la vieille ville. D\u00e9couvrez la vie marine passionnante avec votre enfant dans l&rsquo;Aquarium, \u00e9galement enti\u00e8rement accessible en fauteuil roulant.<\/p>\n<p><a href=\"http:\/\/www.malagaturismo.com\/en\" target=\"_blank\" rel=\"noopener noreferrer\">http:\/\/www.malagaturismo.com\/en<\/a><\/p>\n<p>[\/et_pb_text][\/et_pb_column][\/et_pb_row][et_pb_row _builder_version=\u00a0\u00bb3.0.89&Prime; custom_padding_tablet=\u00a0\u00bb0px||0px|\u00a0\u00bb custom_padding_last_edited=\u00a0\u00bbon|phone\u00a0\u00bb][et_pb_column type=\u00a0\u00bb4_4&Prime;][et_pb_text _builder_version=\u00a0\u00bb3.0.89&Prime; text_font=\u00a0\u00bbPlayfair Display||||\u00a0\u00bb text_font_size=\u00a0\u00bb35px\u00a0\u00bb header_font=\u00a0\u00bbLeckerli One||||\u00a0\u00bb header_text_align=\u00a0\u00bbcenter\u00a0\u00bb text_orientation=\u00a0\u00bbcenter\u00a0\u00bb module_alignment=\u00a0\u00bbcenter\u00a0\u00bb]<\/p>\n<p class=\"p1\">Randonn\u00e9e et sports<\/p>\n<p>[\/et_pb_text][\/et_pb_column][\/et_pb_row][et_pb_row make_equal=\u00a0\u00bbon\u00a0\u00bb _builder_version=\u00a0\u00bb3.0.75&Prime;][et_pb_column type=\u00a0\u00bb1_2&Prime;][et_pb_text _builder_version=\u00a0\u00bb3.0.75&Prime;]<\/p>\n<p>El Torcal est un must pour les amoureux de la nature. Un parc naturel aux formations calcaires les plus incroyables. Il dispose d&rsquo;un centre d&rsquo;accueil, d&rsquo;un point de vue et d&rsquo;un bar enti\u00e8rement accessibles. Le parc a deux tours \u00e0 pied 45 min et 2 heures.<\/p>\n<p>Il y a 33 routes de suivi dans la r\u00e9gion de Subbetica, deux d&rsquo;entre elles dans le voisinage imm\u00e9diat de la propri\u00e9t\u00e9<\/p>\n<p>Si vous avez encore plus d&rsquo;aventures, vous pouvez faire du rafting, de l&rsquo;escalade, de l&rsquo;accrobranche, du canyoning, de l&rsquo;escalade et bien plus encore. Pour plus d&rsquo;informations, visitez https:\/\/alua.es\/en\/adventure-activities\/<\/p>\n<p>Pour les amateurs de chevaux, nous recommandons Centro Ecuestre Las Minas \u00e0 Salinas. Le centre est \u00e9galement accessible aux fauteuils roulants, il y a une rampe pour acc\u00e9der aux chevaux et des toilettes accessibles.<\/p>\n<p>[\/et_pb_text][\/et_pb_column][et_pb_column type=\u00a0\u00bb1_2&Prime;][et_pb_image src=\u00a0\u00bbhttp:\/\/hilltophideaway.es\/wp-content\/uploads\/2017\/10\/sierra-subbetica.jpg\u00a0\u00bb _builder_version=\u00a0\u00bb3.0.75&Prime; \/][\/et_pb_column][\/et_pb_row][et_pb_row _builder_version=\u00a0\u00bb3.0.89&Prime; custom_padding_last_edited=\u00a0\u00bbon|tablet\u00a0\u00bb custom_padding_tablet=\u00a0\u00bb0px||0px|\u00a0\u00bb][et_pb_column type=\u00a0\u00bb4_4&Prime;][et_pb_text _builder_version=\u00a0\u00bb3.0.89&Prime; text_font=\u00a0\u00bbPlayfair Display||||\u00a0\u00bb text_font_size=\u00a0\u00bb35px\u00a0\u00bb header_font=\u00a0\u00bbLeckerli One||||\u00a0\u00bb header_text_align=\u00a0\u00bbcenter\u00a0\u00bb text_orientation=\u00a0\u00bbcenter\u00a0\u00bb module_alignment=\u00a0\u00bbcenter\u00a0\u00bb background_layout=\u00a0\u00bblight\u00a0\u00bb text_line_height=\u00a0\u00bb1.8em\u00a0\u00bb]<\/p>\n<p class=\"p1\">C\u00e9l\u00e9brons la mani\u00e8re espagnole!<\/p>\n<p>[\/et_pb_text][\/et_pb_column][\/et_pb_row][et_pb_row make_equal=\u00a0\u00bbon\u00a0\u00bb _builder_version=\u00a0\u00bb3.0.75&Prime;][et_pb_column type=\u00a0\u00bb4_4&Prime;][et_pb_text _builder_version=\u00a0\u00bb3.0.89&Prime;]<\/p>\n<p>Pour d\u00e9couvrir le v\u00e9ritable mode de vie espagnol, participez \u00e0 une f\u00eate. Pour plus d&rsquo;informations sur la mise \u00e0 jour, consultez la section Agenda sur \u00a0<a href=\"http:\/\/turismodelasubbetica.es\/\" target=\"_blank\" rel=\"noopener noreferrer\">http:\/\/turismodelasubbetica.es\/<\/a><\/p>\n<p>Pour plus d&rsquo;informations et pour aider \u00e0 planifier vos visites, rendez-vous \u00e0 l&rsquo;office du tourisme d&rsquo;Iznajar, pr\u00e8s de l&rsquo;\u00e9glise et du ch\u00e2teau.<br \/>\nIls pourront vous aider dans l&rsquo;organisation de vos visites et effectuer des r\u00e9servations si n\u00e9cessaire.<br \/>\nPour les heures d&rsquo;ouverture actuelles, veuillez consulter le\u00a0<a href=\"http:\/\/www.iznajar.es\/ciudadano\/informacion_municipal\/juventud_nuevas_tecnologias_y_turismo\/oficina_de_turismo\" target=\"_blank\" rel=\"noopener noreferrer\">site web<\/a>.<br \/>\nTel.: +34 957534479 or +34 647492234<br \/>\n<a href=\"mailto:turismo@iznajar.es\" target=\"_blank\" rel=\"noopener noreferrer\">turismo@iznajar.es<\/a><\/p>\n<p>[\/et_pb_text][\/et_pb_column][\/et_pb_row][\/et_pb_section][et_pb_section bb_built=\u00a0\u00bb1&Prime; fullwidth=\u00a0\u00bbon\u00a0\u00bb _builder_version=\u00a0\u00bb3.0.75&Prime;][et_pb_fullwidth_image src=\u00a0\u00bbhttp:\/\/hilltophideaway.es\/wp-content\/uploads\/2017\/09\/iznajar-pantano.jpg\u00a0\u00bb _builder_version=\u00a0\u00bb3.0.75&Prime; \/][\/et_pb_section]<\/p>\n","protected":false},"excerpt":{"rendered":"<p>Vous recherchez une d\u00e9tente totale ou des vacances actives? De toute fa\u00e7on nous vous avons couvert! Hilltop Hideaway a tellement \u00e0 offrir! Passez quelques jours de farniente sur la propri\u00e9t\u00e9 et rechargez vos batteries. D\u00e9tendez-vous autour de la piscine avec votre livre pr\u00e9f\u00e9r\u00e9. Ou rassemblez-vous sur la terrasse avec vos proches et profitez d&rsquo;une boisson [&hellip;]<\/p>\n","protected":false},"author":1,"featured_media":1533,"parent":0,"menu_order":0,"comment_status":"closed","ping_status":"closed","template":"","meta":{"_et_pb_use_builder":"on","_et_pb_old_content":"","_et_gb_content_width":"","om_disable_all_campaigns":false,"_monsterinsights_skip_tracking":false,"_monsterinsights_sitenote_active":false,"_monsterinsights_sitenote_note":"","_monsterinsights_sitenote_category":0,"_uf_show_specific_survey":0,"_uf_disable_surveys":false,"footnotes":""},"class_list":["post-1415","page","type-page","status-publish","has-post-thumbnail","hentry"],"aioseo_notices":[],"_links":{"self":[{"href":"https:\/\/hilltophideaway.es\/fr\/wp-json\/wp\/v2\/pages\/1415","targetHints":{"allow":["GET"]}}],"collection":[{"href":"https:\/\/hilltophideaway.es\/fr\/wp-json\/wp\/v2\/pages"}],"about":[{"href":"https:\/\/hilltophideaway.es\/fr\/wp-json\/wp\/v2\/types\/page"}],"author":[{"embeddable":true,"href":"https:\/\/hilltophideaway.es\/fr\/wp-json\/wp\/v2\/users\/1"}],"replies":[{"embeddable":true,"href":"https:\/\/hilltophideaway.es\/fr\/wp-json\/wp\/v2\/comments?post=1415"}],"version-history":[{"count":27,"href":"https:\/\/hilltophideaway.es\/fr\/wp-json\/wp\/v2\/pages\/1415\/revisions"}],"predecessor-version":[{"id":1443,"href":"https:\/\/hilltophideaway.es\/fr\/wp-json\/wp\/v2\/pages\/1415\/revisions\/1443"}],"wp:featuredmedia":[{"embeddable":true,"href":"https:\/\/hilltophideaway.es\/fr\/wp-json\/wp\/v2\/media\/1533"}],"wp:attachment":[{"href":"https:\/\/hilltophideaway.es\/fr\/wp-json\/wp\/v2\/media?parent=1415"}],"curies":[{"name":"wp","href":"https:\/\/api.w.org\/{rel}","templated":true}]}}