{"id":1408,"date":"2018-04-15T15:22:08","date_gmt":"2018-04-15T22:22:08","guid":{"rendered":"http:\/\/hilltophideaway.es\/galerie-dimages\/"},"modified":"2019-06-01T06:06:02","modified_gmt":"2019-06-01T13:06:02","slug":"galerie-dimages","status":"publish","type":"page","link":"https:\/\/hilltophideaway.es\/fr\/galerie-dimages\/","title":{"rendered":"Galerie d&rsquo;images"},"content":{"rendered":"<p>[et_pb_section bb_built=\u00a0\u00bb1&Prime; _builder_version=\u00a0\u00bb3.0.69&Prime; custom_padding=\u00a0\u00bb42.1875px|0px|0|0px|false|false\u00a0\u00bb next_background_color=\u00a0\u00bb#000000&Prime;][et_pb_row _builder_version=\u00a0\u00bb3.0.48&Prime; background_size=\u00a0\u00bbinitial\u00a0\u00bb background_position=\u00a0\u00bbtop_left\u00a0\u00bb background_repeat=\u00a0\u00bbrepeat\u00a0\u00bb][et_pb_column type=\u00a0\u00bb4_4&Prime;][et_pb_post_title meta=\u00a0\u00bboff\u00a0\u00bb featured_image=\u00a0\u00bboff\u00a0\u00bb _builder_version=\u00a0\u00bb3.17.6&Prime; title_font=\u00a0\u00bbPlayfair Display||||\u00a0\u00bb title_font_size=\u00a0\u00bb44px\u00a0\u00bb \/][\/et_pb_column][\/et_pb_row][\/et_pb_section][et_pb_section bb_built=\u00a0\u00bb1&Prime; disabled_on=\u00a0\u00bboff|off|off\u00a0\u00bb _builder_version=\u00a0\u00bb3.17.6&Prime; custom_padding=\u00a0\u00bb25px|0px|42.1875px|0px|false|false\u00a0\u00bb prev_background_color=\u00a0\u00bb#000000&Prime; next_background_color=\u00a0\u00bb#000000&Prime;][et_pb_row width_unit=\u00a0\u00bboff\u00a0\u00bb custom_width_percent=\u00a0\u00bb94%\u00a0\u00bb use_custom_gutter=\u00a0\u00bbon\u00a0\u00bb gutter_width=\u00a0\u00bb1&Prime; custom_padding=\u00a0\u00bb0|0px|0|0px|false|false\u00a0\u00bb _builder_version=\u00a0\u00bb3.17.6&Prime; use_background_color_gradient=\u00a0\u00bbon\u00a0\u00bb background_color_gradient_start=\u00a0\u00bbrgba(242,178,138,0.6)\u00a0\u00bb background_color_gradient_end=\u00a0\u00bbrgba(0,0,0,0.52)\u00a0\u00bb background_color_gradient_direction=\u00a0\u00bb90deg\u00a0\u00bb box_shadow_style=\u00a0\u00bbpreset1&Prime; box_shadow_horizontal=\u00a0\u00bb4px\u00a0\u00bb box_shadow_vertical=\u00a0\u00bb4px\u00a0\u00bb box_shadow_color=\u00a0\u00bbrgba(0,0,0,0.71)\u00a0\u00bb][et_pb_column type=\u00a0\u00bb1_3&Prime;][et_pb_image src=\u00a0\u00bbhttp:\/\/hilltophideaway.es\/wp-content\/uploads\/2018\/11\/bedroom-2-double-window.jpg\u00a0\u00bb url=\u00a0\u00bbhttp:\/\/hilltophideaway.es\/fr\/galerie-dimages\/galerie-dimages-appartement-en-bas\/\u00a0\u00bb show_bottom_space=\u00a0\u00bboff\u00a0\u00bb force_fullwidth=\u00a0\u00bbon\u00a0\u00bb _builder_version=\u00a0\u00bb3.17.6&Prime; box_shadow_style=\u00a0\u00bbpreset3&Prime; \/][et_pb_text admin_label=\u00a0\u00bbGround floor\u00a0\u00bb module_class=\u00a0\u00bbds-advent-6-text-hide\u00a0\u00bb _builder_version=\u00a0\u00bb3.17.6&Prime; text_font=\u00a0\u00bb|||on|||||\u00a0\u00bb text_font_size=\u00a0\u00bb30px\u00a0\u00bb text_line_height=\u00a0\u00bb1em\u00a0\u00bb use_background_color_gradient=\u00a0\u00bbon\u00a0\u00bb background_color_gradient_start=\u00a0\u00bbrgba(242,192,162,0.55)\u00a0\u00bb background_color_gradient_end=\u00a0\u00bbrgba(0,0,0,0.55)\u00a0\u00bb background_color_gradient_direction=\u00a0\u00bb90deg\u00a0\u00bb box_shadow_style=\u00a0\u00bbpreset1&Prime; box_shadow_horizontal=\u00a0\u00bb4px\u00a0\u00bb box_shadow_vertical=\u00a0\u00bb4px\u00a0\u00bb box_shadow_color=\u00a0\u00bbrgba(0,0,0,0.71)\u00a0\u00bb text_orientation=\u00a0\u00bbcenter\u00a0\u00bb background_layout=\u00a0\u00bbdark\u00a0\u00bb module_alignment=\u00a0\u00bbcenter\u00a0\u00bb custom_padding=\u00a0\u00bb20px|20px|20px|20px\u00a0\u00bb filter_contrast=\u00a0\u00bb200%\u00a0\u00bb filter_opacity=\u00a0\u00bb91%\u00a0\u00bb link_option_url=\u00a0\u00bbhttp:\/\/hilltophideaway.es\/fr\/galerie-dimages\/galerie-dimages-appartement-en-bas\/\u00a0\u00bb]<\/p>\n<p><a href=\"http:\/\/hilltophideaway.es\/fr\/galerie-dimages\/galerie-dimages-appartement-en-bas\/\"><mark>Rez-de-chauss\u00e9e  <\/mark><\/a><\/p>\n<p>[\/et_pb_text][\/et_pb_column][et_pb_column type=\u00a0\u00bb1_3&Prime;][et_pb_image src=\u00a0\u00bbhttp:\/\/hilltophideaway.es\/wp-content\/uploads\/2018\/11\/apartment-living-couch.jpg\u00a0\u00bb url=\u00a0\u00bbhttp:\/\/hilltophideaway.es\/fr\/galerie-dimages\/galerie-dimages-appartement-a-letage\/\u00a0\u00bb show_bottom_space=\u00a0\u00bboff\u00a0\u00bb force_fullwidth=\u00a0\u00bbon\u00a0\u00bb _builder_version=\u00a0\u00bb3.17.6&Prime; box_shadow_style=\u00a0\u00bbpreset3&Prime; \/][et_pb_text admin_label=\u00a0\u00bbUpstairs\u00a0\u00bb module_class=\u00a0\u00bbds-advent-6-text-hide\u00a0\u00bb _builder_version=\u00a0\u00bb3.17.6&Prime; text_font=\u00a0\u00bb|||on|||||\u00a0\u00bb text_font_size=\u00a0\u00bb30px\u00a0\u00bb text_line_height=\u00a0\u00bb1em\u00a0\u00bb use_background_color_gradient=\u00a0\u00bbon\u00a0\u00bb background_color_gradient_start=\u00a0\u00bbrgba(242,178,138,0.6)\u00a0\u00bb background_color_gradient_end=\u00a0\u00bbrgba(0,0,0,0.52)\u00a0\u00bb background_color_gradient_direction=\u00a0\u00bb90deg\u00a0\u00bb box_shadow_style=\u00a0\u00bbpreset1&Prime; box_shadow_horizontal=\u00a0\u00bb4px\u00a0\u00bb box_shadow_vertical=\u00a0\u00bb4px\u00a0\u00bb box_shadow_color=\u00a0\u00bbrgba(0,0,0,0.71)\u00a0\u00bb text_orientation=\u00a0\u00bbcenter\u00a0\u00bb background_layout=\u00a0\u00bbdark\u00a0\u00bb module_alignment=\u00a0\u00bbcenter\u00a0\u00bb custom_padding=\u00a0\u00bb20px|20px|20px|20px\u00a0\u00bb link_option_url=\u00a0\u00bbhttp:\/\/hilltophideaway.es\/fr\/galerie-dimages\/galerie-dimages-appartement-a-letage\/\u00a0\u00bb]<\/p>\n<p><a href=\"http:\/\/hilltophideaway.es\/fr\/galerie-dimages\/galerie-dimages-appartement-a-letage\/\">Appartement<mark>\u00e0 l&rsquo;\u00e9tage<\/mark><\/a><\/p>\n<p>[\/et_pb_text][\/et_pb_column][et_pb_column type=\u00a0\u00bb1_3&Prime;][et_pb_image src=\u00a0\u00bbhttp:\/\/hilltophideaway.es\/wp-content\/uploads\/2018\/06\/apartment-view-from-the-terrace.jpg\u00a0\u00bb url=\u00a0\u00bbhttp:\/\/hilltophideaway.es\/fr\/galerie-dimages\/galerie-dimages-jardin-et-piscine\/\u00a0\u00bb show_bottom_space=\u00a0\u00bboff\u00a0\u00bb force_fullwidth=\u00a0\u00bbon\u00a0\u00bb _builder_version=\u00a0\u00bb3.17.6&Prime; box_shadow_style=\u00a0\u00bbpreset3&Prime; \/][et_pb_text admin_label=\u00a0\u00bbGarden and pool\u00a0\u00bb module_class=\u00a0\u00bbds-advent-6-text-hide\u00a0\u00bb _builder_version=\u00a0\u00bb3.17.6&Prime; text_font=\u00a0\u00bb|||on|||||\u00a0\u00bb text_font_size=\u00a0\u00bb30px\u00a0\u00bb text_line_height=\u00a0\u00bb1em\u00a0\u00bb use_background_color_gradient=\u00a0\u00bbon\u00a0\u00bb background_color_gradient_start=\u00a0\u00bbrgba(242,178,138,0.6)\u00a0\u00bb background_color_gradient_end=\u00a0\u00bbrgba(0,0,0,0.52)\u00a0\u00bb background_color_gradient_direction=\u00a0\u00bb90deg\u00a0\u00bb text_orientation=\u00a0\u00bbcenter\u00a0\u00bb background_layout=\u00a0\u00bbdark\u00a0\u00bb module_alignment=\u00a0\u00bbcenter\u00a0\u00bb custom_padding=\u00a0\u00bb20px|20px|20px|20px\u00a0\u00bb link_option_url=\u00a0\u00bbhttp:\/\/hilltophideaway.es\/fr\/galerie-dimages\/galerie-dimages-jardin-et-piscine\/\u00a0\u00bb]<\/p>\n<p><a href=\"http:\/\/hilltophideaway.es\/fr\/galerie-dimages\/galerie-dimages-jardin-et-piscine\/\">Jardin et <mark>piscine<\/mark><\/a><\/p>\n<p>[\/et_pb_text][\/et_pb_column][\/et_pb_row][et_pb_row width_unit=\u00a0\u00bboff\u00a0\u00bb custom_width_percent=\u00a0\u00bb94%\u00a0\u00bb use_custom_gutter=\u00a0\u00bbon\u00a0\u00bb gutter_width=\u00a0\u00bb1&Prime; custom_padding=\u00a0\u00bb0|0px|0|0px|false|false\u00a0\u00bb _builder_version=\u00a0\u00bb3.17.6&Prime; box_shadow_style=\u00a0\u00bbpreset1&Prime; box_shadow_horizontal=\u00a0\u00bb4px\u00a0\u00bb box_shadow_vertical=\u00a0\u00bb4px\u00a0\u00bb box_shadow_color=\u00a0\u00bbrgba(0,0,0,0.71)\u00a0\u00bb][et_pb_column type=\u00a0\u00bb1_3&Prime;][et_pb_image src=\u00a0\u00bbhttp:\/\/hilltophideaway.es\/wp-content\/uploads\/2018\/11\/alhambra-water-fountain-1440.jpg\u00a0\u00bb url=\u00a0\u00bbhttp:\/\/hilltophideaway.es\/fr\/galerie-dimages\/galerie-dimages-grenade\/\u00a0\u00bb show_bottom_space=\u00a0\u00bboff\u00a0\u00bb force_fullwidth=\u00a0\u00bbon\u00a0\u00bb _builder_version=\u00a0\u00bb3.17.6&Prime; box_shadow_style=\u00a0\u00bbpreset3&Prime; \/][et_pb_text admin_label=\u00a0\u00bbGranada\u00a0\u00bb module_class=\u00a0\u00bbds-advent-6-text-hide\u00a0\u00bb _builder_version=\u00a0\u00bb3.17.6&Prime; text_font=\u00a0\u00bb|||on|||||\u00a0\u00bb text_font_size=\u00a0\u00bb30px\u00a0\u00bb text_line_height=\u00a0\u00bb1em\u00a0\u00bb use_background_color_gradient=\u00a0\u00bbon\u00a0\u00bb background_color_gradient_start=\u00a0\u00bbrgba(242,178,138,0.6)\u00a0\u00bb background_color_gradient_end=\u00a0\u00bbrgba(0,0,0,0.52)\u00a0\u00bb background_color_gradient_direction=\u00a0\u00bb90deg\u00a0\u00bb box_shadow_style=\u00a0\u00bbpreset1&Prime; box_shadow_horizontal=\u00a0\u00bb4px\u00a0\u00bb box_shadow_vertical=\u00a0\u00bb4px\u00a0\u00bb box_shadow_color=\u00a0\u00bbrgba(0,0,0,0.71)\u00a0\u00bb text_orientation=\u00a0\u00bbcenter\u00a0\u00bb background_layout=\u00a0\u00bbdark\u00a0\u00bb module_alignment=\u00a0\u00bbcenter\u00a0\u00bb custom_padding=\u00a0\u00bb20px|20px|20px|20px\u00a0\u00bb link_option_url=\u00a0\u00bbhttp:\/\/hilltophideaway.es\/fr\/galerie-dimages\/galerie-dimages-grenade\/\u00a0\u00bb]<\/p>\n<p>\n<a href=\"http:\/\/hilltophideaway.es\/fr\/galerie-dimages\/galerie-dimages-grenade\/\"><mark>Grenade<\/mark><\/a><\/p>\n<p>[\/et_pb_text][\/et_pb_column][et_pb_column type=\u00a0\u00bb1_3&Prime;][et_pb_image src=\u00a0\u00bbhttp:\/\/hilltophideaway.es\/wp-content\/uploads\/2018\/11\/Iznajar-lake-beach.jpg\u00a0\u00bb url=\u00a0\u00bbhttp:\/\/hilltophideaway.es\/fr\/galerie-dimages\/galerie-dimages-iznajar\/\u00a0\u00bb show_bottom_space=\u00a0\u00bboff\u00a0\u00bb force_fullwidth=\u00a0\u00bbon\u00a0\u00bb _builder_version=\u00a0\u00bb3.17.6&Prime; box_shadow_style=\u00a0\u00bbpreset3&Prime; \/][et_pb_text admin_label=\u00a0\u00bbIznajar\u00a0\u00bb module_class=\u00a0\u00bbds-advent-6-text-hide\u00a0\u00bb _builder_version=\u00a0\u00bb3.17.6&Prime; text_font=\u00a0\u00bb|||on|||||\u00a0\u00bb text_font_size=\u00a0\u00bb30px\u00a0\u00bb text_line_height=\u00a0\u00bb1em\u00a0\u00bb use_background_color_gradient=\u00a0\u00bbon\u00a0\u00bb background_color_gradient_start=\u00a0\u00bbrgba(242,178,138,0.6)\u00a0\u00bb background_color_gradient_end=\u00a0\u00bbrgba(0,0,0,0.52)\u00a0\u00bb background_color_gradient_direction=\u00a0\u00bb90deg\u00a0\u00bb box_shadow_style=\u00a0\u00bbpreset1&Prime; box_shadow_horizontal=\u00a0\u00bb4px\u00a0\u00bb box_shadow_vertical=\u00a0\u00bb4px\u00a0\u00bb box_shadow_color=\u00a0\u00bbrgba(0,0,0,0.71)\u00a0\u00bb text_orientation=\u00a0\u00bbcenter\u00a0\u00bb background_layout=\u00a0\u00bbdark\u00a0\u00bb module_alignment=\u00a0\u00bbcenter\u00a0\u00bb custom_padding=\u00a0\u00bb20px|20px|20px|20px\u00a0\u00bb link_option_url=\u00a0\u00bbhttp:\/\/hilltophideaway.es\/fr\/galerie-dimages\/galerie-dimages-iznajar\/\u00a0\u00bb]<\/p>\n<p><a href=\"http:\/\/hilltophideaway.es\/fr\/galerie-dimages\/galerie-dimages-iznajar\/\"> <mark>Izn\u00e1jar<\/mark><\/a><\/p>\n<p>[\/et_pb_text][\/et_pb_column][et_pb_column type=\u00a0\u00bb1_3&Prime;][et_pb_image src=\u00a0\u00bbhttp:\/\/hilltophideaway.es\/wp-content\/uploads\/2018\/11\/spain-2027611_1280-copy.jpg\u00a0\u00bb url=\u00a0\u00bbhttp:\/\/hilltophideaway.es\/fr\/galerie-dimages\/galerie-dimages-cordue\/\u00a0\u00bb show_bottom_space=\u00a0\u00bboff\u00a0\u00bb force_fullwidth=\u00a0\u00bbon\u00a0\u00bb _builder_version=\u00a0\u00bb3.17.6&Prime; box_shadow_style=\u00a0\u00bbpreset3&Prime; \/][et_pb_text admin_label=\u00a0\u00bbCordoba\u00a0\u00bb module_class=\u00a0\u00bbds-advent-6-text-hide\u00a0\u00bb _builder_version=\u00a0\u00bb3.17.6&Prime; text_font=\u00a0\u00bb|||on|||||\u00a0\u00bb text_font_size=\u00a0\u00bb30px\u00a0\u00bb text_line_height=\u00a0\u00bb1em\u00a0\u00bb use_background_color_gradient=\u00a0\u00bbon\u00a0\u00bb background_color_gradient_start=\u00a0\u00bbrgba(242,178,138,0.6)\u00a0\u00bb background_color_gradient_end=\u00a0\u00bbrgba(0,0,0,0.52)\u00a0\u00bb background_color_gradient_direction=\u00a0\u00bb90deg\u00a0\u00bb text_orientation=\u00a0\u00bbcenter\u00a0\u00bb background_layout=\u00a0\u00bbdark\u00a0\u00bb module_alignment=\u00a0\u00bbcenter\u00a0\u00bb custom_padding=\u00a0\u00bb20px|20px|20px|20px\u00a0\u00bb link_option_url=\u00a0\u00bbhttp:\/\/hilltophideaway.es\/fr\/galerie-dimages\/galerie-dimages-cordue\/\u00a0\u00bb]<\/p>\n<p>\n<a href=\"http:\/\/hilltophideaway.es\/fr\/galerie-dimages\/galerie-dimages-cordue\/\"> <mark>Cordue<\/mark><\/a><\/p>\n<p>[\/et_pb_text][\/et_pb_column][\/et_pb_row][et_pb_row width_unit=\u00a0\u00bboff\u00a0\u00bb custom_width_percent=\u00a0\u00bb94%\u00a0\u00bb use_custom_gutter=\u00a0\u00bbon\u00a0\u00bb gutter_width=\u00a0\u00bb1&Prime; custom_padding=\u00a0\u00bb0|0px|0|0px|false|false\u00a0\u00bb _builder_version=\u00a0\u00bb3.17.6&Prime; box_shadow_style=\u00a0\u00bbpreset1&Prime; box_shadow_horizontal=\u00a0\u00bb4px\u00a0\u00bb box_shadow_vertical=\u00a0\u00bb4px\u00a0\u00bb box_shadow_color=\u00a0\u00bbrgba(0,0,0,0.71)\u00a0\u00bb][et_pb_column type=\u00a0\u00bb1_3&Prime;][et_pb_image src=\u00a0\u00bbhttp:\/\/hilltophideaway.es\/wp-content\/uploads\/2018\/11\/sierra-subbetica-1440.jpg\u00a0\u00bb url=\u00a0\u00bbhttp:\/\/hilltophideaway.es\/fr\/galerie-dimages\/galerie-dimages-randonnee-et-sport\/\u00a0\u00bb show_bottom_space=\u00a0\u00bboff\u00a0\u00bb force_fullwidth=\u00a0\u00bbon\u00a0\u00bb _builder_version=\u00a0\u00bb3.17.6&Prime; box_shadow_style=\u00a0\u00bbpreset3&Prime; \/][et_pb_text admin_label=\u00a0\u00bbHiking and sports\u00a0\u00bb module_class=\u00a0\u00bbds-advent-6-text-hide\u00a0\u00bb _builder_version=\u00a0\u00bb3.17.6&Prime; text_font=\u00a0\u00bb|||on|||||\u00a0\u00bb text_font_size=\u00a0\u00bb30px\u00a0\u00bb text_line_height=\u00a0\u00bb1em\u00a0\u00bb use_background_color_gradient=\u00a0\u00bbon\u00a0\u00bb background_color_gradient_start=\u00a0\u00bbrgba(242,178,138,0.6)\u00a0\u00bb background_color_gradient_end=\u00a0\u00bbrgba(0,0,0,0.52)\u00a0\u00bb background_color_gradient_direction=\u00a0\u00bb90deg\u00a0\u00bb box_shadow_style=\u00a0\u00bbpreset1&Prime; box_shadow_horizontal=\u00a0\u00bb4px\u00a0\u00bb box_shadow_vertical=\u00a0\u00bb4px\u00a0\u00bb box_shadow_color=\u00a0\u00bbrgba(0,0,0,0.71)\u00a0\u00bb text_orientation=\u00a0\u00bbcenter\u00a0\u00bb background_layout=\u00a0\u00bbdark\u00a0\u00bb module_alignment=\u00a0\u00bbcenter\u00a0\u00bb custom_padding=\u00a0\u00bb20px|20px|20px|20px\u00a0\u00bb link_option_url=\u00a0\u00bbhttp:\/\/hilltophideaway.es\/fr\/galerie-dimages\/galerie-dimages-randonnee-et-sport\/\u00a0\u00bb]<\/p>\n<p><a href=\"http:\/\/hilltophideaway.es\/fr\/galerie-dimages\/galerie-dimages-randonnee-et-sport\/\">Randonn\u00e9e et <mark>sport<\/mark><\/a><\/p>\n<p>[\/et_pb_text][\/et_pb_column][et_pb_column type=\u00a0\u00bb1_3&Prime;][et_pb_image src=\u00a0\u00bbhttp:\/\/hilltophideaway.es\/wp-content\/uploads\/2018\/11\/Priego-de-Crodoba-courtyard-1440.jpg\u00a0\u00bb url=\u00a0\u00bbhttp:\/\/hilltophideaway.es\/fr\/galerie-dimages\/galerie-dimages-priego-de-cordoba\/\u00a0\u00bb show_bottom_space=\u00a0\u00bboff\u00a0\u00bb force_fullwidth=\u00a0\u00bbon\u00a0\u00bb _builder_version=\u00a0\u00bb3.17.6&Prime; box_shadow_style=\u00a0\u00bbpreset3&Prime; \/][et_pb_text admin_label=\u00a0\u00bbPriego de C\u00f3rdoba\u00a0\u00bb module_class=\u00a0\u00bbds-advent-6-text-hide\u00a0\u00bb _builder_version=\u00a0\u00bb3.17.6&Prime; text_font=\u00a0\u00bb|||on|||||\u00a0\u00bb text_font_size=\u00a0\u00bb30px\u00a0\u00bb text_line_height=\u00a0\u00bb1em\u00a0\u00bb use_background_color_gradient=\u00a0\u00bbon\u00a0\u00bb background_color_gradient_start=\u00a0\u00bbrgba(242,178,138,0.6)\u00a0\u00bb background_color_gradient_end=\u00a0\u00bbrgba(0,0,0,0.52)\u00a0\u00bb background_color_gradient_direction=\u00a0\u00bb90deg\u00a0\u00bb box_shadow_style=\u00a0\u00bbpreset1&Prime; box_shadow_horizontal=\u00a0\u00bb4px\u00a0\u00bb box_shadow_vertical=\u00a0\u00bb4px\u00a0\u00bb box_shadow_color=\u00a0\u00bbrgba(0,0,0,0.71)\u00a0\u00bb text_orientation=\u00a0\u00bbcenter\u00a0\u00bb background_layout=\u00a0\u00bbdark\u00a0\u00bb module_alignment=\u00a0\u00bbcenter\u00a0\u00bb custom_padding=\u00a0\u00bb20px|20px|20px|20px\u00a0\u00bb link_option_url=\u00a0\u00bbhttp:\/\/hilltophideaway.es\/fr\/galerie-dimages\/galerie-dimages-priego-de-cordoba\/\u00a0\u00bb]<\/p>\n<p><a href=\"http:\/\/hilltophideaway.es\/fr\/galerie-dimages\/galerie-dimages-priego-de-cordoba\/\">Priego de<mark>C\u00f3rdoba<\/mark><\/a><\/p>\n<p>[\/et_pb_text][\/et_pb_column][et_pb_column type=\u00a0\u00bb1_3&Prime;][et_pb_image src=\u00a0\u00bbhttp:\/\/hilltophideaway.es\/wp-content\/uploads\/2018\/11\/Malaga-old-town-skyline-1440-1.jpg\u00a0\u00bb url=\u00a0\u00bbhttp:\/\/hilltophideaway.es\/fr\/galerie-dimages\/galerie-dimages-malaga\/\u00a0\u00bb show_bottom_space=\u00a0\u00bboff\u00a0\u00bb force_fullwidth=\u00a0\u00bbon\u00a0\u00bb _builder_version=\u00a0\u00bb3.17.6&Prime; box_shadow_style=\u00a0\u00bbpreset3&Prime; \/][et_pb_text admin_label=\u00a0\u00bbMalaga\u00a0\u00bb module_class=\u00a0\u00bbds-advent-6-text-hide\u00a0\u00bb _builder_version=\u00a0\u00bb3.17.6&Prime; text_font=\u00a0\u00bb|||on|||||\u00a0\u00bb text_font_size=\u00a0\u00bb30px\u00a0\u00bb text_line_height=\u00a0\u00bb1em\u00a0\u00bb use_background_color_gradient=\u00a0\u00bbon\u00a0\u00bb background_color_gradient_start=\u00a0\u00bbrgba(242,178,138,0.6)\u00a0\u00bb background_color_gradient_end=\u00a0\u00bbrgba(0,0,0,0.52)\u00a0\u00bb background_color_gradient_direction=\u00a0\u00bb90deg\u00a0\u00bb text_orientation=\u00a0\u00bbcenter\u00a0\u00bb background_layout=\u00a0\u00bbdark\u00a0\u00bb module_alignment=\u00a0\u00bbcenter\u00a0\u00bb custom_padding=\u00a0\u00bb20px|20px|20px|20px\u00a0\u00bb link_option_url=\u00a0\u00bbhttp:\/\/hilltophideaway.es\/fr\/galerie-dimages\/galerie-dimages-malaga\/\u00a0\u00bb]<\/p>\n<p><a href=\"http:\/\/hilltophideaway.es\/fr\/galerie-dimages\/galerie-dimages-malaga\/\"> <mark>M\u00e1laga<\/mark><\/a><\/p>\n<p>[\/et_pb_text][\/et_pb_column][\/et_pb_row][\/et_pb_section][et_pb_section bb_built=\u00a0\u00bb1&Prime; _builder_version=\u00a0\u00bb3.17.6&Prime; custom_padding=\u00a0\u00bb0|0px|0|0px|false|false\u00a0\u00bb prev_background_color=\u00a0\u00bb#000000&Prime;][et_pb_row _builder_version=\u00a0\u00bb3.17.6&Prime; custom_padding=\u00a0\u00bb21.0938px|0px|0|0px|false|false\u00a0\u00bb][et_pb_column type=\u00a0\u00bb4_4&Prime;][et_pb_code _builder_version=\u00a0\u00bb3.17.6&Prime;]<\/p>\n<style><!-- [et_pb_line_break_holder] -->\/*************Advent Calendar 2017 - 6*************\/<!-- [et_pb_line_break_holder] -->\/******Three Easy to Edit Image Hover Effects******\/<!-- [et_pb_line_break_holder] -->\/******************By Divi Soup********************\/<!-- [et_pb_line_break_holder] --><!-- [et_pb_line_break_holder] --><!-- [et_pb_line_break_holder] -->\/***Effect 1 - Show text on hover***\/<!-- [et_pb_line_break_holder] --><!-- [et_pb_line_break_holder] --><!-- [et_pb_line_break_holder] -->\/*Postion the text module and centrally align text*\/<!-- [et_pb_line_break_holder] --><!-- [et_pb_line_break_holder] -->.ds-advent-6-text-show {<!-- [et_pb_line_break_holder] -->    position: absolute;<!-- [et_pb_line_break_holder] -->    top: 0;<!-- [et_pb_line_break_holder] -->    left: 0;<!-- [et_pb_line_break_holder] -->    width: 100%;<!-- [et_pb_line_break_holder] -->    height: 100%;<!-- [et_pb_line_break_holder] -->    cursor: pointer;<!-- [et_pb_line_break_holder] -->    display: -webkit-box;<!-- [et_pb_line_break_holder] -->    display: -ms-flexbox;<!-- [et_pb_line_break_holder] -->    display: flex;<!-- [et_pb_line_break_holder] -->    -webkit-box-orient: vertical;<!-- [et_pb_line_break_holder] -->    -webkit-box-direction: normal;<!-- [et_pb_line_break_holder] -->    -ms-flex-direction: column;<!-- [et_pb_line_break_holder] -->    flex-direction: column;<!-- [et_pb_line_break_holder] -->    -webkit-box-pack: center;<!-- [et_pb_line_break_holder] -->    -ms-flex-pack: center;<!-- [et_pb_line_break_holder] -->    justify-content: center;<!-- [et_pb_line_break_holder] -->    -webkit-transition: all .7s ease;<!-- [et_pb_line_break_holder] -->    transition: all .7s ease;<!-- [et_pb_line_break_holder] -->    opacity: 0;<!-- [et_pb_line_break_holder] -->}<!-- [et_pb_line_break_holder] --><!-- [et_pb_line_break_holder] --><!-- [et_pb_line_break_holder] -->\/*Show text on hover*\/<!-- [et_pb_line_break_holder] --><!-- [et_pb_line_break_holder] -->.ds-advent-6-text-show:hover {<!-- [et_pb_line_break_holder] -->    opacity: 1;<!-- [et_pb_line_break_holder] -->}<!-- [et_pb_line_break_holder] --><!-- [et_pb_line_break_holder] --><!-- [et_pb_line_break_holder] -->\/*Text link colour*\/<!-- [et_pb_line_break_holder] --><!-- [et_pb_line_break_holder] -->.ds-advent-6-text-show a {<!-- [et_pb_line_break_holder] -->    color: #fff;<!-- [et_pb_line_break_holder] -->}<!-- [et_pb_line_break_holder] --><!-- [et_pb_line_break_holder] --><!-- [et_pb_line_break_holder] -->\/*Bold text*\/<!-- [et_pb_line_break_holder] --><!-- [et_pb_line_break_holder] -->.ds-advent-6-text-show mark {<!-- [et_pb_line_break_holder] -->    display: block;<!-- [et_pb_line_break_holder] -->    background: transparent;<!-- [et_pb_line_break_holder] -->    font-weight: bold;<!-- [et_pb_line_break_holder] -->    color: #fff;<!-- [et_pb_line_break_holder] -->}<!-- [et_pb_line_break_holder] --><!-- [et_pb_line_break_holder] -->\/***End Effect 1 - Show text on hover***\/<!-- [et_pb_line_break_holder] --><!-- [et_pb_line_break_holder] -->\/***Effect 2 - Hide text on hover***\/<!-- [et_pb_line_break_holder] --><!-- [et_pb_line_break_holder] --><!-- [et_pb_line_break_holder] -->\/*Postion the text module and centrally align text*\/<!-- [et_pb_line_break_holder] --><!-- [et_pb_line_break_holder] -->.ds-advent-6-text-hide {<!-- [et_pb_line_break_holder] -->    position: absolute;<!-- [et_pb_line_break_holder] -->    top: 0;<!-- [et_pb_line_break_holder] -->    left: 0;<!-- [et_pb_line_break_holder] -->    width: 100%;<!-- [et_pb_line_break_holder] -->    height: 100%;<!-- [et_pb_line_break_holder] -->    cursor: pointer;<!-- [et_pb_line_break_holder] -->    display: -webkit-box;<!-- [et_pb_line_break_holder] -->    display: -ms-flexbox;<!-- [et_pb_line_break_holder] -->    display: flex;<!-- [et_pb_line_break_holder] -->    -webkit-box-orient: vertical;<!-- [et_pb_line_break_holder] -->    -webkit-box-direction: normal;<!-- [et_pb_line_break_holder] -->    -ms-flex-direction: column;<!-- [et_pb_line_break_holder] -->    flex-direction: column;<!-- [et_pb_line_break_holder] -->    -webkit-box-pack: center;<!-- [et_pb_line_break_holder] -->    -ms-flex-pack: center;<!-- [et_pb_line_break_holder] -->    justify-content: center;<!-- [et_pb_line_break_holder] -->    -webkit-transition: all .7s ease;<!-- [et_pb_line_break_holder] -->    transition: all .7s ease;<!-- [et_pb_line_break_holder] -->    opacity: 1;<!-- [et_pb_line_break_holder] -->}<!-- [et_pb_line_break_holder] --><!-- [et_pb_line_break_holder] --><!-- [et_pb_line_break_holder] -->\/*Hide text on hover*\/<!-- [et_pb_line_break_holder] --><!-- [et_pb_line_break_holder] -->.ds-advent-6-text-hide:hover {<!-- [et_pb_line_break_holder] -->    opacity: 0;<!-- [et_pb_line_break_holder] -->}<!-- [et_pb_line_break_holder] --><!-- [et_pb_line_break_holder] --><!-- [et_pb_line_break_holder] -->\/*Text link colour*\/<!-- [et_pb_line_break_holder] --><!-- [et_pb_line_break_holder] -->.ds-advent-6-text-hide a {<!-- [et_pb_line_break_holder] -->    color: #fff;<!-- [et_pb_line_break_holder] -->}<!-- [et_pb_line_break_holder] --><!-- [et_pb_line_break_holder] --><!-- [et_pb_line_break_holder] -->\/*Bold text*\/<!-- [et_pb_line_break_holder] --><!-- [et_pb_line_break_holder] -->.ds-advent-6-text-hide mark {<!-- [et_pb_line_break_holder] -->    display: block;<!-- [et_pb_line_break_holder] -->    background: transparent;<!-- [et_pb_line_break_holder] -->    font-weight: bold;<!-- [et_pb_line_break_holder] -->    color: #fff;<!-- [et_pb_line_break_holder] -->}<!-- [et_pb_line_break_holder] --><!-- [et_pb_line_break_holder] -->\/***End Effect 2 - Hide text on hover***\/<!-- [et_pb_line_break_holder] --><!-- [et_pb_line_break_holder] -->\/***Effect 3 - Image swap on hover***\/<!-- [et_pb_line_break_holder] --><!-- [et_pb_line_break_holder] --><!-- [et_pb_line_break_holder] -->\/*Position the image to be shown on hover*\/<!-- [et_pb_line_break_holder] --><!-- [et_pb_line_break_holder] -->.ds-advent-6-image-swap {<!-- [et_pb_line_break_holder] -->    position: absolute;<!-- [et_pb_line_break_holder] -->    top: 0;<!-- [et_pb_line_break_holder] -->    left: 0;<!-- [et_pb_line_break_holder] -->    opacity: 0;<!-- [et_pb_line_break_holder] -->    -webkit-transition: all 1s ease-in-out;<!-- [et_pb_line_break_holder] -->    transition: all 1s ease-in-out;<!-- [et_pb_line_break_holder] -->}<!-- [et_pb_line_break_holder] --><!-- [et_pb_line_break_holder] --><!-- [et_pb_line_break_holder] -->\/*Show the image on hover*\/<!-- [et_pb_line_break_holder] --><!-- [et_pb_line_break_holder] -->.ds-advent-6-image-swap:hover {<!-- [et_pb_line_break_holder] -->    opacity: 1;<!-- [et_pb_line_break_holder] -->}<!-- [et_pb_line_break_holder] --><!-- [et_pb_line_break_holder] -->\/***End Effect 3 - Image swap on hover***\/<!-- [et_pb_line_break_holder] --><!-- [et_pb_line_break_holder] -->\/*************Advent Calendar 2017 - 6*************\/<!-- [et_pb_line_break_holder] -->\/***End - Three to Edit Easy Image Hover Effects***\/<!-- [et_pb_line_break_holder] -->\/******************By Divi Soup********************\/<!-- [et_pb_line_break_holder] --><\/style>\n<p>[\/et_pb_code][\/et_pb_column][\/et_pb_row][\/et_pb_section]<\/p>\n","protected":false},"excerpt":{"rendered":"<p>Rez-de-chauss\u00e9e Appartement\u00e0 l&rsquo;\u00e9tage Jardin et piscine Grenade Izn\u00e1jar Cordue Randonn\u00e9e et sport Priego deC\u00f3rdoba M\u00e1laga<\/p>\n","protected":false},"author":1,"featured_media":1759,"parent":0,"menu_order":0,"comment_status":"closed","ping_status":"closed","template":"","meta":{"_et_pb_use_builder":"on","_et_pb_old_content":"","_et_gb_content_width":"","om_disable_all_campaigns":false,"_monsterinsights_skip_tracking":false,"_monsterinsights_sitenote_active":false,"_monsterinsights_sitenote_note":"","_monsterinsights_sitenote_category":0,"_uf_show_specific_survey":0,"_uf_disable_surveys":false,"footnotes":""},"class_list":["post-1408","page","type-page","status-publish","has-post-thumbnail","hentry"],"aioseo_notices":[],"_links":{"self":[{"href":"https:\/\/hilltophideaway.es\/fr\/wp-json\/wp\/v2\/pages\/1408","targetHints":{"allow":["GET"]}}],"collection":[{"href":"https:\/\/hilltophideaway.es\/fr\/wp-json\/wp\/v2\/pages"}],"about":[{"href":"https:\/\/hilltophideaway.es\/fr\/wp-json\/wp\/v2\/types\/page"}],"author":[{"embeddable":true,"href":"https:\/\/hilltophideaway.es\/fr\/wp-json\/wp\/v2\/users\/1"}],"replies":[{"embeddable":true,"href":"https:\/\/hilltophideaway.es\/fr\/wp-json\/wp\/v2\/comments?post=1408"}],"version-history":[{"count":11,"href":"https:\/\/hilltophideaway.es\/fr\/wp-json\/wp\/v2\/pages\/1408\/revisions"}],"predecessor-version":[{"id":2938,"href":"https:\/\/hilltophideaway.es\/fr\/wp-json\/wp\/v2\/pages\/1408\/revisions\/2938"}],"wp:featuredmedia":[{"embeddable":true,"href":"https:\/\/hilltophideaway.es\/fr\/wp-json\/wp\/v2\/media\/1759"}],"wp:attachment":[{"href":"https:\/\/hilltophideaway.es\/fr\/wp-json\/wp\/v2\/media?parent=1408"}],"curies":[{"name":"wp","href":"https:\/\/api.w.org\/{rel}","templated":true}]}}