{"id":3128,"date":"2020-02-23T00:10:43","date_gmt":"2020-02-22T23:10:43","guid":{"rendered":"http:\/\/hilltophideaway.es\/retreats\/"},"modified":"2020-02-23T00:17:30","modified_gmt":"2020-02-22T23:17:30","slug":"retreats","status":"publish","type":"page","link":"https:\/\/hilltophideaway.es\/de\/retreats\/","title":{"rendered":"Retreats"},"content":{"rendered":"<p>[et_pb_section fb_built=&#8220;1&#8243; _builder_version=&#8220;3.22&#8243; fb_built=&#8220;1&#8243; _i=&#8220;0&#8243; _address=&#8220;0&#8243;][et_pb_row _builder_version=&#8220;3.25&#8243; background_size=&#8220;initial&#8220; background_position=&#8220;top_left&#8220; background_repeat=&#8220;repeat&#8220; _i=&#8220;0&#8243; _address=&#8220;0.0&#8243;][et_pb_column type=&#8220;4_4&#8243; _builder_version=&#8220;3.25&#8243; custom_padding=&#8220;|||&#8220; _i=&#8220;0&#8243; _address=&#8220;0.0.0&#8243; custom_padding__hover=&#8220;|||&#8220;][et_pb_post_title meta=&#8220;off&#8220; featured_image=&#8220;off&#8220; _builder_version=&#8220;3.0.89&#8243; title_font=&#8220;Playfair Display||||||||&#8220; title_font_size=&#8220;44px&#8220; _i=&#8220;0&#8243; _address=&#8220;0.0.0.0&#8243;][\/et_pb_post_title][\/et_pb_column][\/et_pb_row][et_pb_row column_structure=&#8220;2_3,1_3&#8243; _builder_version=&#8220;3.25&#8243; background_size=&#8220;initial&#8220; background_position=&#8220;top_left&#8220; background_repeat=&#8220;repeat&#8220; _i=&#8220;1&#8243; _address=&#8220;0.1&#8243;][et_pb_column type=&#8220;2_3&#8243; _builder_version=&#8220;3.25&#8243; custom_padding=&#8220;|||&#8220; _i=&#8220;0&#8243; _address=&#8220;0.1.0&#8243; custom_padding__hover=&#8220;|||&#8220;][et_pb_text _builder_version=&#8220;3.27.4&#8243; _i=&#8220;0&#8243; _address=&#8220;0.1.0.0&#8243;]<\/p>\n<p>Hilltop Hideaway ist der perfekte Ort f\u00fcr Ihre Retreats. Abgeschieden und ruhig, umgeben von Natur, mit atemberaubender Aussicht. Hier k\u00f6nnen Sie garantiert Ihre Magie entfalten.<\/p>\n<p>Die Villa verf\u00fcgt \u00fcber eine gro\u00dfe S\u00fcdterrasse, ideal f\u00fcr Yoga oder andere Gruppenarbeiten. Der ger\u00e4umige Essbereich im Innenbereich bietet Platz f\u00fcr 12 bis 20 Personen und verf\u00fcgt \u00fcber mehrere einzelne Tische f\u00fcr Ihre Bed\u00fcrfnisse. Bei schlechtem Wetter k\u00f6nnen Gruppenaktivit\u00e4ten im ger\u00e4umigen Salon im ersten Stock stattfinden.<\/p>\n<p>Wir k\u00f6nnen Ihnen einen Privatkoch empfehlen, der sich auf Wellness-Retreats spezialisiert hat und k\u00f6stliches vegetarisches oder veganes Essen zubereitet, um Ihren Urlaub unvergesslich zu machen. Sie k\u00f6nnen auch Ihren Koch mitbringen oder Ihre eigenen Mahlzeiten in der professionellen K\u00fcche zubereiten. Wir k\u00f6nnen auch einen Lieferservice f\u00fcr Sie arrangieren.<\/p>\n<p>Sie k\u00f6nnen Ihre Aktivit\u00e4ten mit Wandern, Canyoning oder einem kulturellen Besuch in Granada, Malaga, Cordoba oder Sevilla kombinieren.<\/p>\n<p>Die Flugh\u00e4fen von Malaga und Granada sind nur eine Stunde entfernt. Wir k\u00f6nnen Ihnen sehr g\u00fcnstige Transferm\u00f6glichkeiten empfehlen.<\/p>\n<p>[\/et_pb_text][\/et_pb_column][et_pb_column type=&#8220;1_3&#8243; _builder_version=&#8220;3.25&#8243; custom_padding=&#8220;|||&#8220; _i=&#8220;1&#8243; _address=&#8220;0.1.1&#8243; custom_padding__hover=&#8220;|||&#8220;][et_pb_text _builder_version=&#8220;3.29.2&#8243; background_color=&#8220;rgba(0,0,0,0.18)&#8220; custom_margin=&#8220;0px|0px|0px|0px&#8220; custom_padding=&#8220;10px|10px||10px&#8220; border_color_all=&#8220;#bebebe&#8220; use_border_color=&#8220;on&#8220; border_color=&#8220;#bebebe&#8220; global_module=&#8220;1116&#8243; saved_tabs=&#8220;all&#8220; _i=&#8220;0&#8243; _address=&#8220;0.1.1.0&#8243;]<\/p>\n<ul>\n<li>\n<p class=\"p1\"><span class=\"s1\">6 twin rooms, 16 m2 each<\/span><\/p>\n<\/li>\n<li>\n<p class=\"p1\"><span class=\"s1\">6 bathrooms<\/span><\/p>\n<\/li>\n<li>\n<p class=\"p1\"><span class=\"s1\">Terrace 140 m2<\/span><\/p>\n<\/li>\n<li>\n<p class=\"p1\"><span class=\"s1\">Dining area 80 m2<\/span><\/p>\n<\/li>\n<li><span class=\"s1\">40 m2 yoga room inside as backup<\/span><\/li>\n<li>\n<p class=\"p1\"><span class=\"s1\">Professional kitchen<\/span><\/p>\n<\/li>\n<li>\n<p class=\"p1\"><span class=\"s1\">Pool<\/span><\/p>\n<\/li>\n<li>\n<p class=\"p1\"><span class=\"s1\">Garden 2 hectares with lots of places to gather<\/span><\/p>\n<\/li>\n<\/ul>\n<p>[\/et_pb_text][et_pb_cta title=&#8220;Buchen Sie jetzt Ihren Retreat!&#8220; button_url=&#8220;http:\/\/hilltophideaway.es\/de\/kontakt\/&#8220; button_text=&#8220;Kontaktieren Sie uns, um zu reservieren!&#8220; _builder_version=&#8220;3.0.89&#8243; custom_margin=&#8220;30px|||&#8220; custom_padding=&#8220;|||&#8220; global_module=&#8220;1123&#8243; saved_tabs=&#8220;all&#8220; button_text_size__hover_enabled=&#8220;off&#8220; button_one_text_size__hover_enabled=&#8220;off&#8220; button_two_text_size__hover_enabled=&#8220;off&#8220; button_text_color__hover_enabled=&#8220;off&#8220; button_one_text_color__hover_enabled=&#8220;off&#8220; button_two_text_color__hover_enabled=&#8220;off&#8220; button_border_width__hover_enabled=&#8220;off&#8220; button_one_border_width__hover_enabled=&#8220;off&#8220; button_two_border_width__hover_enabled=&#8220;off&#8220; button_border_color__hover_enabled=&#8220;off&#8220; button_one_border_color__hover_enabled=&#8220;off&#8220; button_two_border_color__hover_enabled=&#8220;off&#8220; button_border_radius__hover_enabled=&#8220;off&#8220; button_one_border_radius__hover_enabled=&#8220;off&#8220; button_two_border_radius__hover_enabled=&#8220;off&#8220; button_letter_spacing__hover_enabled=&#8220;off&#8220; button_one_letter_spacing__hover_enabled=&#8220;off&#8220; button_two_letter_spacing__hover_enabled=&#8220;off&#8220; button_bg_color__hover_enabled=&#8220;off&#8220; button_one_bg_color__hover_enabled=&#8220;off&#8220; button_two_bg_color__hover_enabled=&#8220;off&#8220; _i=&#8220;1&#8243; _address=&#8220;0.1.1.1&#8243;][\/et_pb_cta][\/et_pb_column][\/et_pb_row][et_pb_row _builder_version=&#8220;3.29.2&#8243; _i=&#8220;2&#8243; _address=&#8220;0.2&#8243;][et_pb_column type=&#8220;4_4&#8243; _builder_version=&#8220;3.29.2&#8243; _i=&#8220;0&#8243; _address=&#8220;0.2.0&#8243;][et_pb_gallery gallery_ids=&#8220;3037,3034,3031,3028,3025,3022,3111,3108,3105,3102,3099,3096,3093,3090,3087,3084,3081,3078,3075,3072,3069,3066,3063,3060,3057&#8243; gallery_orderby=&#8220;rand&#8220; fullwidth=&#8220;on&#8220; _builder_version=&#8220;3.29.2&#8243; auto=&#8220;on&#8220; hover_enabled=&#8220;0&#8243; pagination_font_size_tablet=&#8220;51&#8243; pagination_line_height_tablet=&#8220;2&#8243; _i=&#8220;0&#8243; _address=&#8220;0.2.0.0&#8243; hover_transition_duration=&#8220;200ms&#8220; hover_transition_speed_curve=&#8220;ease-out&#8220;][\/et_pb_gallery][\/et_pb_column][\/et_pb_row][et_pb_row column_structure=&#8220;1_3,2_3&#8243; _builder_version=&#8220;3.29.2&#8243; background_color=&#8220;rgba(0,0,0,0.18)&#8220; _i=&#8220;3&#8243; _address=&#8220;0.3&#8243;][et_pb_column type=&#8220;1_3&#8243; _builder_version=&#8220;3.29.2&#8243; _i=&#8220;0&#8243; _address=&#8220;0.3.0&#8243;][et_pb_image src=&#8220;http:\/\/hilltophideaway.es\/wp-content\/uploads\/2020\/01\/sofia-b-yoga-instructor-768&#215;1024.jpg&#8220; align=&#8220;center&#8220; _builder_version=&#8220;3.29.2&#8243; custom_padding=&#8220;|10px||10px|false|false&#8220; _i=&#8220;0&#8243; _address=&#8220;0.3.0.0&#8243;][\/et_pb_image][\/et_pb_column][et_pb_column type=&#8220;2_3&#8243; _builder_version=&#8220;3.29.2&#8243; _i=&#8220;1&#8243; _address=&#8220;0.3.1&#8243;][et_pb_text _builder_version=&#8220;3.29.2&#8243; custom_padding=&#8220;|10px||10px|false|false&#8220; _i=&#8220;0&#8243; _address=&#8220;0.3.1.0&#8243;]<\/p>\n<p>Eine Oase der Ruhe inmitten der Natur, wo Sie das Singen der kleinen V\u00f6gel h\u00f6ren k\u00f6nnen, umgeben von Olivenb\u00e4umen und Bergen, soweit das Auge reicht. Jeden Tag ist es ein Vergn\u00fcgen, den Sonnenaufgang hinter den Bergen zu beobachten und am Abend die unz\u00e4hligen Farben des Sonnenuntergangs zu bestaunen und zu sehen, wie der Mond aufgeht und die Sterne erscheinen.<\/p>\n<p>Es ist der ideale Ort zum Entspannen, da der Stress und die Sorgen des Alltags von selbst verschwinden und man in den gegenw\u00e4rtigen Moment in dieser wunderbaren Umgebung richtig eintauchen kann.<\/p>\n<p>Die gro\u00dfe Terrasse eignet sich ideal zum Yoga, aber es gibt auch drinnen einen ger\u00e4umigen Raum, in dem Sie \u00fcben k\u00f6nnen.<\/p>\n<p>Dieser Ort bietet Ihnen die M\u00f6glichkeit, Yoga und Meditation in Gruppen, aber auch alleine zu praktizieren, da auf dem Gel\u00e4nde ausreichend Platz vorhanden ist. Sie k\u00f6nnen auf dem gro\u00dfen Gel\u00e4nde den Schatten eines Olivenbaums aufsuchen oder den Berg hinaufklettern, wenn Sie allein sein m\u00f6chten.<\/p>\n<p>Vom Pool aus haben Sie eine unglaubliche Aussicht. Genie\u00dfen Sie den Sonnenuntergang, der den Himmel mit immer neuen Farben f\u00e4rbt, w\u00e4hrend Sie ein erfrischendes Bad genie\u00dfen. Dieser Ort ist auch gro\u00dfartig, wenn Sie einen meditativen und nachdenklichen Moment verbringen m\u00f6chten. Diese Gegend ist so magisch, dass Sie, egal f\u00fcr was Sie sich entscheiden, mit K\u00f6rper, Geist und Seele verw\u00f6hnt werden.<\/p>\n<p><strong>Sof\u00eda B. &#8211; Yogalehrer<\/strong><\/p>\n<p>[\/et_pb_text][\/et_pb_column][\/et_pb_row][et_pb_row _builder_version=&#8220;3.29.2&#8243; _i=&#8220;4&#8243; _address=&#8220;0.4&#8243;][et_pb_column type=&#8220;4_4&#8243; _builder_version=&#8220;3.29.2&#8243; _i=&#8220;0&#8243; _address=&#8220;0.4.0&#8243;][et_pb_cta title=&#8220;Buchen Sie jetzt Ihren Retreat!&#8220; button_url=&#8220;http:\/\/hilltophideaway.es\/de\/kontakt\/&#8220; button_text=&#8220;Kontaktieren Sie uns, um zu reservieren!&#8220; _builder_version=&#8220;3.0.89&#8243; custom_margin=&#8220;30px|||&#8220; custom_padding=&#8220;|||&#8220; global_module=&#8220;1123&#8243; saved_tabs=&#8220;all&#8220; locked=&#8220;off&#8220; button_text_size__hover_enabled=&#8220;off&#8220; button_one_text_size__hover_enabled=&#8220;off&#8220; button_two_text_size__hover_enabled=&#8220;off&#8220; button_text_color__hover_enabled=&#8220;off&#8220; button_one_text_color__hover_enabled=&#8220;off&#8220; button_two_text_color__hover_enabled=&#8220;off&#8220; button_border_width__hover_enabled=&#8220;off&#8220; button_one_border_width__hover_enabled=&#8220;off&#8220; button_two_border_width__hover_enabled=&#8220;off&#8220; button_border_color__hover_enabled=&#8220;off&#8220; button_one_border_color__hover_enabled=&#8220;off&#8220; button_two_border_color__hover_enabled=&#8220;off&#8220; button_border_radius__hover_enabled=&#8220;off&#8220; button_one_border_radius__hover_enabled=&#8220;off&#8220; button_two_border_radius__hover_enabled=&#8220;off&#8220; button_letter_spacing__hover_enabled=&#8220;off&#8220; button_one_letter_spacing__hover_enabled=&#8220;off&#8220; button_two_letter_spacing__hover_enabled=&#8220;off&#8220; button_bg_color__hover_enabled=&#8220;off&#8220; button_one_bg_color__hover_enabled=&#8220;off&#8220; button_two_bg_color__hover_enabled=&#8220;off&#8220; _i=&#8220;0&#8243; _address=&#8220;0.4.0.0&#8243;][\/et_pb_cta][\/et_pb_column][\/et_pb_row][\/et_pb_section]<\/p>\n","protected":false},"excerpt":{"rendered":"<p>Hilltop Hideaway ist der perfekte Ort f\u00fcr Ihre Retreats. Abgeschieden und ruhig, umgeben von Natur, mit atemberaubender Aussicht. Hier k\u00f6nnen Sie garantiert Ihre Magie entfalten. Die Villa verf\u00fcgt \u00fcber eine gro\u00dfe S\u00fcdterrasse, ideal f\u00fcr Yoga oder andere Gruppenarbeiten. Der ger\u00e4umige Essbereich im Innenbereich bietet Platz f\u00fcr 12 bis 20 Personen und verf\u00fcgt \u00fcber mehrere einzelne [&hellip;]<\/p>\n","protected":false},"author":1,"featured_media":3071,"parent":0,"menu_order":0,"comment_status":"closed","ping_status":"closed","template":"","meta":{"_et_pb_use_builder":"on","_et_pb_old_content":"","_et_gb_content_width":"","om_disable_all_campaigns":false,"_monsterinsights_skip_tracking":false,"_monsterinsights_sitenote_active":false,"_monsterinsights_sitenote_note":"","_monsterinsights_sitenote_category":0,"_uf_show_specific_survey":0,"_uf_disable_surveys":false,"footnotes":""},"class_list":["post-3128","page","type-page","status-publish","has-post-thumbnail","hentry"],"aioseo_notices":[],"_links":{"self":[{"href":"https:\/\/hilltophideaway.es\/de\/wp-json\/wp\/v2\/pages\/3128","targetHints":{"allow":["GET"]}}],"collection":[{"href":"https:\/\/hilltophideaway.es\/de\/wp-json\/wp\/v2\/pages"}],"about":[{"href":"https:\/\/hilltophideaway.es\/de\/wp-json\/wp\/v2\/types\/page"}],"author":[{"embeddable":true,"href":"https:\/\/hilltophideaway.es\/de\/wp-json\/wp\/v2\/users\/1"}],"replies":[{"embeddable":true,"href":"https:\/\/hilltophideaway.es\/de\/wp-json\/wp\/v2\/comments?post=3128"}],"version-history":[{"count":5,"href":"https:\/\/hilltophideaway.es\/de\/wp-json\/wp\/v2\/pages\/3128\/revisions"}],"predecessor-version":[{"id":3136,"href":"https:\/\/hilltophideaway.es\/de\/wp-json\/wp\/v2\/pages\/3128\/revisions\/3136"}],"wp:featuredmedia":[{"embeddable":true,"href":"https:\/\/hilltophideaway.es\/de\/wp-json\/wp\/v2\/media\/3071"}],"wp:attachment":[{"href":"https:\/\/hilltophideaway.es\/de\/wp-json\/wp\/v2\/media?parent=3128"}],"curies":[{"name":"wp","href":"https:\/\/api.w.org\/{rel}","templated":true}]}}