{"id":2942,"date":"2019-06-01T06:39:56","date_gmt":"2019-06-01T13:39:56","guid":{"rendered":"http:\/\/hilltophideaway.es\/aktivitaten\/"},"modified":"2020-02-24T07:27:09","modified_gmt":"2020-02-24T06:27:09","slug":"aktivitaten","status":"publish","type":"page","link":"https:\/\/hilltophideaway.es\/de\/aktivitaten\/","title":{"rendered":"Aktivit\u00e4ten"},"content":{"rendered":"<p>[et_pb_section fb_built=&#8220;1&#8243; _builder_version=&#8220;3.22.3&#8243; custom_padding=&#8220;26px|0px|42.1875px|0px&#8220;][et_pb_row _builder_version=&#8220;3.22.3&#8243;][et_pb_column type=&#8220;4_4&#8243; _builder_version=&#8220;3.0.47&#8243;][et_pb_post_title meta=&#8220;off&#8220; featured_image=&#8220;off&#8220; _builder_version=&#8220;3.0.75&#8243; title_font=&#8220;Playfair Display||||&#8220; title_font_size=&#8220;44px&#8220;][\/et_pb_post_title][et_pb_text _builder_version=&#8220;3.0.89&#8243; text_font=&#8220;Playfair Display||||&#8220; text_font_size=&#8220;24px&#8220; text_line_height=&#8220;1.8em&#8220;]<span class=\"s1\">Suchen Sie totale Entspannung oder einen aktiven Urlaub? Bei uns finden Sie beides! Hilltop Hideaway hat so viel zu bieten!<\/span><br \/>\n[\/et_pb_text][\/et_pb_column][\/et_pb_row][et_pb_row make_equal=&#8220;on&#8220; _builder_version=&#8220;3.22.3&#8243; background_size=&#8220;initial&#8220; background_position=&#8220;top_left&#8220; background_repeat=&#8220;repeat&#8220;][et_pb_column type=&#8220;1_2&#8243; _builder_version=&#8220;3.0.47&#8243;][et_pb_text _builder_version=&#8220;3.0.89&#8243;]<\/p>\n<p class=\"p1\">Verbringen Sie ein paar entspannte Tage auf dem Anwesen und tanken Sie neue Energie. Entspannen Sie sich einfach am Pool mit Ihrem Lieblingsbuch. Oder verbringen Sie die Zeit mit Ihren Liebsten auf der Terrasse und genie\u00dfen Sie ein erfrischendes Getr\u00e4nk. Vom ganzen Grundst\u00fcck haben Sie eine atemberaubende Aussicht!<\/p>\n<p class=\"p1\"><span class=\"s1\">Kinder lieben es am Pool zu spielen und die Natur zu erkunden. Alternativ k\u00f6nnen sie sich mit den Spielsachen und DVDs in der Villa besch\u00e4ftigen, w\u00e4hrend Sie sich entspannen. Sie k\u00f6nnen gerne die Mahlzeiten selbst kochen oder einfach ein leckeres Essen bestellen.<\/span><\/p>\n<p>[\/et_pb_text][et_pb_divider color=&#8220;#ffffff&#8220; divider_style=&#8220;inset&#8220; _builder_version=&#8220;3.2&#8243; max_width=&#8220;67%&#8220; module_alignment=&#8220;center&#8220;][\/et_pb_divider][\/et_pb_column][et_pb_column type=&#8220;1_2&#8243; _builder_version=&#8220;3.0.47&#8243;][et_pb_image src=&#8220;http:\/\/hilltophideaway.es\/wp-content\/uploads\/2017\/09\/pool-view-of-house.jpg&#8220; _builder_version=&#8220;3.0.75&#8243;][\/et_pb_image][\/et_pb_column][\/et_pb_row][et_pb_row custom_padding_tablet=&#8220;0px||0px|&#8220; make_equal=&#8220;on&#8220; custom_padding_last_edited=&#8220;on|phone&#8220; _builder_version=&#8220;3.22.3&#8243;][et_pb_column type=&#8220;4_4&#8243; _builder_version=&#8220;3.0.47&#8243;][et_pb_text _builder_version=&#8220;3.0.75&#8243; text_font=&#8220;Playfair Display||||&#8220; text_font_size=&#8220;35px&#8220; header_font=&#8220;Playfair Display||||&#8220; header_text_align=&#8220;center&#8220; header_font_size=&#8220;21px&#8220; text_orientation=&#8220;center&#8220; module_alignment=&#8220;center&#8220;]Izn\u00e1jar<br \/>\n[\/et_pb_text][\/et_pb_column][\/et_pb_row][et_pb_row custom_padding=&#8220;21px|0px|21.125px|0px&#8220; make_equal=&#8220;on&#8220; _builder_version=&#8220;3.22.3&#8243;][et_pb_column type=&#8220;1_2&#8243; _builder_version=&#8220;3.0.47&#8243;][et_pb_image src=&#8220;http:\/\/hilltophideaway.es\/wp-content\/uploads\/2017\/10\/iznajar-reservoir.jpg&#8220; _builder_version=&#8220;3.0.75&#8243;][\/et_pb_image][\/et_pb_column][et_pb_column type=&#8220;1_2&#8243; _builder_version=&#8220;3.0.47&#8243;][et_pb_text _builder_version=&#8220;3.0.89&#8243;]<\/p>\n<p class=\"p1\"><span class=\"s1\">Ein malerisches, wei\u00df get\u00fcnchtes Dorf mit sechstausend Einwohnern und seinem t\u00fcrkisfarbenen See, ist nur 10 Autominuten von der Unterkunft entfernt. Spazieren Sie durch die verwinkelten Gassen und besuchen Sie die maurische Burg aus dem 8. Jahrhundert.<\/span><span class=\"s1\"> Am bequemsten ist es, den Parkplatz der neuen Sporthalle zu nutzen und zu Fu\u00df ins Zentrum zu gehen, wo sich die Kirche befindet.\u00a0<\/span><\/p>\n<p class=\"p1\"><span class=\"s1\">In der Salon-Bibliothek finden Sie viele Informationen und Karten, die Sie auf Iznajar verfolgen k\u00f6nnen.<\/span><\/p>\n<p class=\"p1\"><strong><span class=\"s1\">Strand Valdearenas\u00a0<\/span><\/strong><\/p>\n<p class=\"p1\"><span class=\"s1\">Der See Iznajar hat einen sch\u00f6nen Sandstrand mit Bar und Restaurant. Sie k\u00f6nnen am sandigen Ufer spazieren gehen, im gr\u00f6\u00dften See Andalusiens baden oder Tretboote, Kanus und Jollen mieten.<\/span><\/p>\n<p>[\/et_pb_text][\/et_pb_column][\/et_pb_row][et_pb_row custom_padding_tablet=&#8220;0px||0px|&#8220; custom_margin=&#8220;||0px|&#8220; custom_padding_last_edited=&#8220;on|desktop&#8220; _builder_version=&#8220;3.22.3&#8243;][et_pb_column type=&#8220;4_4&#8243; _builder_version=&#8220;3.0.47&#8243;][et_pb_text _builder_version=&#8220;3.0.89&#8243; text_font=&#8220;Playfair Display||||&#8220; text_font_size=&#8220;35px&#8220; text_line_height=&#8220;1.8em&#8220; header_font=&#8220;Leckerli One||||&#8220; header_text_align=&#8220;center&#8220; text_orientation=&#8220;center&#8220; module_alignment=&#8220;center&#8220; custom_margin=&#8220;||0px|&#8220;]Priego de C\u00f3rdoba<br \/>\n[\/et_pb_text][\/et_pb_column][\/et_pb_row][et_pb_row custom_padding=&#8220;21px|0px|21.125px|0px&#8220; make_equal=&#8220;on&#8220; _builder_version=&#8220;3.22.3&#8243;][et_pb_column type=&#8220;1_2&#8243; _builder_version=&#8220;3.0.47&#8243;][et_pb_text _builder_version=&#8220;3.0.75&#8243;]Wirklich ein verstecktes Juwel, das von den meisten Urlaubern verpasst wird. Spazieren Sie durch die Altstadt und entlang der alten Stadtmauer, wo Sie die wundersch\u00f6ne Landschaft der umliegenden H\u00fcgel bewundern k\u00f6nnen. Genie\u00dfen Sie eine Mahlzeit auf der Terrasse des Hotel Adarve mit der unglaublichen Aussicht, die Ihnen dieser Ort bieten kann.<br \/>\n[\/et_pb_text][\/et_pb_column][et_pb_column type=&#8220;1_2&#8243; _builder_version=&#8220;3.0.47&#8243;][et_pb_image src=&#8220;http:\/\/hilltophideaway.es\/wp-content\/uploads\/2017\/09\/Priego-de-Crodoba-courtyard.jpg&#8220; _builder_version=&#8220;3.0.75&#8243;][\/et_pb_image][\/et_pb_column][\/et_pb_row][et_pb_row custom_padding_tablet=&#8220;0px||0px|&#8220; custom_padding_last_edited=&#8220;on|phone&#8220; _builder_version=&#8220;3.22.3&#8243;][et_pb_column type=&#8220;4_4&#8243; _builder_version=&#8220;3.0.47&#8243;][et_pb_text _builder_version=&#8220;3.0.75&#8243; text_font=&#8220;Playfair Display||||&#8220; text_font_size=&#8220;35px&#8220; header_font=&#8220;Leckerli One||||&#8220; header_text_align=&#8220;center&#8220; text_orientation=&#8220;center&#8220; module_alignment=&#8220;center&#8220;]<\/p>\n<p class=\"p1\"><span class=\"s1\">Granada<\/span><\/p>\n<p>[\/et_pb_text][\/et_pb_column][\/et_pb_row][et_pb_row custom_padding_tablet=&#8220;0px||0px|&#8220; custom_padding_last_edited=&#8220;on|phone&#8220; _builder_version=&#8220;3.22.3&#8243;][et_pb_column type=&#8220;4_4&#8243; _builder_version=&#8220;3.0.47&#8243;][et_pb_text _builder_version=&#8220;3.0.89&#8243;]<\/p>\n<p class=\"p1\"><span class=\"s1\">Innerhalb einer Autostunde erreichen Sie Granada und den ber\u00fchmten Alhambra-Palast. Die Landschaft alleine w\u00e4hrend der Fahrt ist die Reise wert! Granada, einst eine Kreuzung der Kulturen, ist heute eine pulsierende Stadt voller Kultur. Spazieren Sie \u00fcber den Fluss und in den engen, labyrinthartigen Stra\u00dfen der Altstadt und besuchen Sie die Alhambra, das Flaggschiff des gro\u00dfen historischen Erbes der Stadt.  WICHTIG: <a href=\"http:\/\/apc.ticketmaster.es\/nav\/landings\/en\/mucho_mas\/entradas_alhambra\/index.html\" target=\"_blank\" rel=\"noopener noreferrer\">Kaufen Sie Ihre Tickets<\/a><span class=\"Apple-converted-space\">\u00a0 <\/span>f\u00fcr die Alhambra rechtzeitig vor Ihrem Besuch, da die Pl\u00e4tze begrenzt sind.\u00a0<\/span><\/p>\n<p class=\"p1\"><span class=\"s1\">Auf dem R\u00fcckweg lohnt es sich, in <a href=\"http:\/\/www.andalucia.org\/en\/destinations\/provinces\/granada\/municipalities\/montefrio\/\" target=\"_blank\" rel=\"noopener noreferrer\">Montefrio<\/a> anzuhalten f\u00fcr ein leckeres Strudel-Dinner.<\/span><\/p>\n<p>[\/et_pb_text][et_pb_image src=&#8220;http:\/\/hilltophideaway.es\/wp-content\/uploads\/2017\/08\/Granada-Alhambra.jpg&#8220; _builder_version=&#8220;3.0.75&#8243; custom_margin=&#8220;||40px|&#8220;][\/et_pb_image][et_pb_text _builder_version=&#8220;3.0.75&#8243; text_font=&#8220;Playfair Display||||&#8220; text_font_size=&#8220;35px&#8220; header_font=&#8220;Leckerli One||||&#8220; header_text_align=&#8220;center&#8220; text_orientation=&#8220;center&#8220; module_alignment=&#8220;center&#8220;]<\/p>\n<p class=\"p1\">C\u00f3rdoba<\/p>\n<p>[\/et_pb_text][\/et_pb_column][\/et_pb_row][et_pb_row make_equal=&#8220;on&#8220; _builder_version=&#8220;3.22.3&#8243;][et_pb_column type=&#8220;1_2&#8243; _builder_version=&#8220;3.0.47&#8243;][et_pb_text _builder_version=&#8220;3.0.75&#8243;]Die Stadt der drei Kulturen mit arabischem, christlichem und j\u00fcdischem Erbe ist zu Recht eine der wichtigsten Kulturst\u00e4dte Europas. Seine Hauptattraktion ist die Mesquita, eine maurische Moschee, die heute zum UNESCO-Weltkulturerbe z\u00e4hlt. Bewundern Sie die Hunderte von S\u00e4ulen mit rot-wei\u00df gestreiften B\u00f6gen und lassen Sie sich in das 11. Jahrhundert zur\u00fcckversetzen, als Cordoba die Hauptstadt des arabischen Andalusiens war.<\/p>\n<p class=\"p1\"><span class=\"s1\"><a href=\"http:\/\/www.cordobaturismo.es\/en\" target=\"_blank\" rel=\"noopener noreferrer\">http:\/\/www.cordobaturismo.es\/en<\/a><\/span><\/p>\n<p class=\"p1\"><span class=\"s1\"><a href=\"http:\/\/www.andalucia.org\/en\/destinations\/provinces\/cordoba\/\" target=\"_blank\" rel=\"noopener noreferrer\">http:\/\/www.andalucia.org\/en\/destinations\/provinces\/cordoba\/<\/a><\/span><\/p>\n<p>[\/et_pb_text][\/et_pb_column][et_pb_column type=&#8220;1_2&#8243; _builder_version=&#8220;3.0.47&#8243;][et_pb_image src=&#8220;http:\/\/hilltophideaway.es\/wp-content\/uploads\/2017\/08\/architecture-756147_1280.jpg&#8220; _builder_version=&#8220;3.0.75&#8243;][\/et_pb_image][\/et_pb_column][\/et_pb_row][et_pb_row _builder_version=&#8220;3.22.3&#8243;][et_pb_column type=&#8220;4_4&#8243; _builder_version=&#8220;3.0.47&#8243;][et_pb_text _builder_version=&#8220;3.0.75&#8243; text_font=&#8220;Playfair Display||||&#8220; text_font_size=&#8220;35px&#8220; header_font=&#8220;Leckerli One||||&#8220; header_text_align=&#8220;center&#8220; text_orientation=&#8220;center&#8220; module_alignment=&#8220;center&#8220;]<\/p>\n<p class=\"p1\">M\u00e1laga<\/p>\n<p>[\/et_pb_text][\/et_pb_column][\/et_pb_row][et_pb_row make_equal=&#8220;on&#8220; _builder_version=&#8220;3.22.3&#8243;][et_pb_column type=&#8220;1_2&#8243; _builder_version=&#8220;3.0.47&#8243;][et_pb_image src=&#8220;http:\/\/hilltophideaway.es\/wp-content\/uploads\/2017\/10\/church-malaga-small.jpg&#8220; _builder_version=&#8220;3.0.75&#8243;][\/et_pb_image][\/et_pb_column][et_pb_column type=&#8220;1_2&#8243; _builder_version=&#8220;3.0.47&#8243;][et_pb_text _builder_version=&#8220;3.19.18&#8243;]<\/p>\n<p>Eine pulsierende Weltstadt, in der garantiert ist, dass Sie nicht langweilen werden. Spazieren Sie durch den Paseo del Parque, genie\u00dfen Sie ein Eis auf dem Paseo de la Farola am Hafen, sonnen Sie sich am Strand oder besuchen Sie die maurische Festung Alcazaba und das Picasso-Museum. Und nicht zuletzt genie\u00dfen Sie ihr traditionelle spanische Tapas in einer der Bars der Altstadt. Entdecken Sie mit Ihrem Kind das aufregende Leben des Meeres im <a href=\"https:\/\/www.visitsealife.com\/benalmadena\/en\/tickets\/?gclid=Cj0KEQjw0K7NBRC7oave4cOg6JkBEiQARqotEbO4x5VcPS_2_N-0zgSB9CCzVMJj5EWBXfzT2oekkc4aAtFM8P8HAQ\" target=\"_blank\" rel=\"noopener noreferrer\">Aquarium Malaga<\/a>, das auch mit dem Rollstuhl voll zug\u00e4nglich ist.<\/p>\n<p><a href=\"http:\/\/www.malagaturismo.com\/en\" target=\"_blank\" rel=\"noopener noreferrer\">http:\/\/www.malagaturismo.com\/en<\/a><\/p>\n<p>[\/et_pb_text][\/et_pb_column][\/et_pb_row][et_pb_row custom_padding_tablet=&#8220;0px||0px|&#8220; custom_padding_last_edited=&#8220;on|phone&#8220; _builder_version=&#8220;3.22.3&#8243;][et_pb_column type=&#8220;4_4&#8243; _builder_version=&#8220;3.0.47&#8243;][et_pb_text _builder_version=&#8220;3.0.89&#8243; text_font=&#8220;Playfair Display||||&#8220; text_font_size=&#8220;35px&#8220; header_font=&#8220;Leckerli One||||&#8220; header_text_align=&#8220;center&#8220; text_orientation=&#8220;center&#8220; module_alignment=&#8220;center&#8220;]<\/p>\n<p class=\"p1\">Wandern und Sport<\/p>\n<p>[\/et_pb_text][\/et_pb_column][\/et_pb_row][et_pb_row make_equal=&#8220;on&#8220; _builder_version=&#8220;3.22.3&#8243;][et_pb_column type=&#8220;1_2&#8243; _builder_version=&#8220;3.0.47&#8243;][et_pb_text _builder_version=&#8220;3.0.75&#8243;]<a href=\"http:\/\/www.torcaldeantequera.com\/\" target=\"_blank\" rel=\"noopener noreferrer\">El Torcal<\/a> ist ein Naturpark mit unglaublichen Kalksteinformationen, ein Muss f\u00fcr Naturliebhaber. Es verf\u00fcgt \u00fcber ein vollst\u00e4ndig zug\u00e4ngliches Besucherzentrum, einen Aussichtspunkt und eine Bar. Der Park hat zwei Wandertouren, ein dauert 45 Minuten, die andere 2 Stunden.<br \/>\nIn der Region Subbetica gibt es <a href=\"http:\/\/turismodelasubbetica.es\/location\/margen-izquierdo-del-pantano-iznajar-2\/\" target=\"_blank\" rel=\"noopener noreferrer\">33 Tracking-Routen<\/a>, zwei davon in unmittelbarer N\u00e4he der Villa.<\/p>\n<p>Wenn Sie Lust auf noch mehr Abenteuer haben, k\u00f6nnen Sie an Rafting, Klettern, Baumklettern, Canyoning, H\u00f6hlenklettern und vielem mehr teilnehmen. Weitere Informationen finden Sie unter <a href=\"https:\/\/alua.es\/en\/adventure-activities\/\" target=\"_blank\" rel=\"noopener noreferrer\">https:\/\/alua.es\/en\/adventure-activities\/<\/a><\/p>\n<p>F\u00fcr Pferdeliebhaber empfehlen wir das <a href=\"http:\/\/www.centroecuestrelasminas.com\/en\/facilities-cortijo-las-minas-equestrian-centre.html\" target=\"_blank\" rel=\"noopener noreferrer\">Centro Ecuestre Las Minas in Salinas<\/a>. Das Zentrum ist auch f\u00fcr Rollstuhlfahrer zug\u00e4nglich einschlie\u00dflich die Toiletten. Es gibt eine Rampe, \u00fcber die Sie sogar Zugang zu den Pferden haben.[\/et_pb_text][\/et_pb_column][et_pb_column type=&#8220;1_2&#8243; _builder_version=&#8220;3.0.47&#8243;][et_pb_image src=&#8220;http:\/\/hilltophideaway.es\/wp-content\/uploads\/2017\/10\/sierra-subbetica.jpg&#8220; _builder_version=&#8220;3.0.75&#8243;][\/et_pb_image][\/et_pb_column][\/et_pb_row][et_pb_row custom_padding_tablet=&#8220;0px||0px|&#8220; custom_padding_last_edited=&#8220;on|tablet&#8220; _builder_version=&#8220;3.22.3&#8243;][et_pb_column type=&#8220;4_4&#8243; _builder_version=&#8220;3.0.47&#8243;][et_pb_text _builder_version=&#8220;3.0.89&#8243; text_font=&#8220;Playfair Display||||&#8220; text_font_size=&#8220;35px&#8220; text_line_height=&#8220;1.8em&#8220; header_font=&#8220;Leckerli One||||&#8220; header_text_align=&#8220;center&#8220; text_orientation=&#8220;center&#8220; module_alignment=&#8220;center&#8220;]<\/p>\n<p class=\"p1\">Lass uns feiern!<\/p>\n<p>[\/et_pb_text][\/et_pb_column][\/et_pb_row][et_pb_row make_equal=&#8220;on&#8220; _builder_version=&#8220;3.22.3&#8243;][et_pb_column type=&#8220;4_4&#8243; _builder_version=&#8220;3.0.47&#8243;][et_pb_text _builder_version=&#8220;3.0.89&#8243;]Um die wahre spanische Lebensweise zu erleben, nehmen Sie an einer Fiesta teil. Die aktuellsten Informationen finden Sie im Abschnitt Agenda auf <a href=\"http:\/\/turismodelasubbetica.es\/\" target=\"_blank\" rel=\"noopener noreferrer\">http:\/\/turismodelasubbetica.es\/<\/a><\/p>\n<p>F\u00fcr weitere Informationen und Hilfe bei der Planung Ihres Besuches wenden Sie sich an das Tourismusb\u00fcro in Izn\u00e1jar in der N\u00e4he der Kirche und des Burgs.<br \/>\nDie Mitarbeiter k\u00f6nnen Ihnen bei der Organisation helfen und bei Bedarf Buchungen vornehmen.<br \/>\nDie aktuellen \u00d6ffnungszeiten finden Sie auf der <a href=\"http:\/\/www.iznajar.es\/ciudadano\/informacion_municipal\/juventud_nuevas_tecnologias_y_turismo\/oficina_de_turismo\" target=\"_blank\" rel=\"noopener noreferrer\">Webseite<\/a>.<br \/>\nTel.: +34 957534479 or +34 647492234<br \/>\n<a href=\"mailto:turismo@iznajar.es\" target=\"_blank\" rel=\"noopener noreferrer\">turismo@iznajar.es<\/a><br \/>\n[\/et_pb_text][\/et_pb_column][\/et_pb_row][\/et_pb_section][et_pb_section fb_built=&#8220;1&#8243; fullwidth=&#8220;on&#8220; _builder_version=&#8220;3.22.3&#8243;][et_pb_fullwidth_image src=&#8220;http:\/\/hilltophideaway.es\/wp-content\/uploads\/2017\/09\/iznajar-pantano.jpg&#8220; _builder_version=&#8220;3.0.75&#8243;][\/et_pb_fullwidth_image][\/et_pb_section]<\/p>\n","protected":false},"excerpt":{"rendered":"<p>Suchen Sie totale Entspannung oder einen aktiven Urlaub? Bei uns finden Sie beides! Hilltop Hideaway hat so viel zu bieten! Verbringen Sie ein paar entspannte Tage auf dem Anwesen und tanken Sie neue Energie. Entspannen Sie sich einfach am Pool mit Ihrem Lieblingsbuch. Oder verbringen Sie die Zeit mit Ihren Liebsten auf der Terrasse und [&hellip;]<\/p>\n","protected":false},"author":1,"featured_media":1534,"parent":0,"menu_order":0,"comment_status":"closed","ping_status":"closed","template":"","meta":{"_et_pb_use_builder":"on","_et_pb_old_content":"","_et_gb_content_width":"","om_disable_all_campaigns":false,"_monsterinsights_skip_tracking":false,"_monsterinsights_sitenote_active":false,"_monsterinsights_sitenote_note":"","_monsterinsights_sitenote_category":0,"_uf_show_specific_survey":0,"_uf_disable_surveys":false,"footnotes":""},"class_list":["post-2942","page","type-page","status-publish","has-post-thumbnail","hentry"],"aioseo_notices":[],"_links":{"self":[{"href":"https:\/\/hilltophideaway.es\/de\/wp-json\/wp\/v2\/pages\/2942","targetHints":{"allow":["GET"]}}],"collection":[{"href":"https:\/\/hilltophideaway.es\/de\/wp-json\/wp\/v2\/pages"}],"about":[{"href":"https:\/\/hilltophideaway.es\/de\/wp-json\/wp\/v2\/types\/page"}],"author":[{"embeddable":true,"href":"https:\/\/hilltophideaway.es\/de\/wp-json\/wp\/v2\/users\/1"}],"replies":[{"embeddable":true,"href":"https:\/\/hilltophideaway.es\/de\/wp-json\/wp\/v2\/comments?post=2942"}],"version-history":[{"count":2,"href":"https:\/\/hilltophideaway.es\/de\/wp-json\/wp\/v2\/pages\/2942\/revisions"}],"predecessor-version":[{"id":3144,"href":"https:\/\/hilltophideaway.es\/de\/wp-json\/wp\/v2\/pages\/2942\/revisions\/3144"}],"wp:featuredmedia":[{"embeddable":true,"href":"https:\/\/hilltophideaway.es\/de\/wp-json\/wp\/v2\/media\/1534"}],"wp:attachment":[{"href":"https:\/\/hilltophideaway.es\/de\/wp-json\/wp\/v2\/media?parent=2942"}],"curies":[{"name":"wp","href":"https:\/\/api.w.org\/{rel}","templated":true}]}}