{"id":2906,"date":"2019-05-31T01:03:53","date_gmt":"2019-05-31T08:03:53","guid":{"rendered":"http:\/\/hilltophideaway.es\/bildergalerie\/bildergalerie-iznajar\/"},"modified":"2019-05-31T01:03:53","modified_gmt":"2019-05-31T08:03:53","slug":"bildergalerie-iznajar","status":"publish","type":"page","link":"https:\/\/hilltophideaway.es\/de\/bildergalerie\/bildergalerie-iznajar\/","title":{"rendered":"Bildergalerie &#8211; Izn\u00e1jar"},"content":{"rendered":"<p>[et_pb_section bb_built=&#8220;1&#8243; admin_label=&#8220;Hero&#8220; fullwidth=&#8220;on&#8220; disabled_on=&#8220;off|off|off&#8220; _builder_version=&#8220;3.0.77&#8243; background_color=&#8220;#1f1f1f&#8220; parallax=&#8220;on&#8220; custom_padding=&#8220;|||&#8220; transparent_background=&#8220;on&#8220; next_background_color=&#8220;rgba(0,0,0,0.03)&#8220;][et_pb_fullwidth_header title=&#8220;Izn\u00e1jar&#8220; text_orientation=&#8220;center&#8220; scroll_down_icon_color=&#8220;#ffffff&#8220; scroll_down_icon_size=&#8220;32px&#8220; background_overlay_color=&#8220;rgba(31,31,31,0.85)&#8220; subhead_font_color=&#8220;#bebebe&#8220; _builder_version=&#8220;3.17.6&#8243; title_font=&#8220;Playfair Display||||&#8220; title_text_color=&#8220;#ffffff&#8220; title_font_size=&#8220;72px&#8220; title_line_height=&#8220;1.3em&#8220; title_line_height_last_edited=&#8220;off|desktop&#8220; content_font=&#8220;Montserrat||||&#8220; content_text_color=&#8220;#bfbfbf&#8220; content_font_size=&#8220;19px&#8220; content_line_height=&#8220;1.8em&#8220; subhead_font=&#8220;Montserrat||||&#8220; subhead_text_color=&#8220;#bebebe&#8220; subhead_line_height=&#8220;1.8em&#8220; background_color=&#8220;rgba(255,255,255,0)&#8220; background_image=&#8220;http:\/\/hilltophideaway.es\/wp-content\/uploads\/2017\/12\/Iznajar-town.jpg&#8220; parallax=&#8220;on&#8220; parallax_method=&#8220;on&#8220; custom_padding=&#8220;5%||5%|&#8220; animation_style=&#8220;zoom&#8220; animation_duration=&#8220;1500ms&#8220; animation_intensity_zoom=&#8220;4%&#8220; button_one_text_size__hover_enabled=&#8220;off&#8220; button_two_text_size__hover_enabled=&#8220;off&#8220; button_one_text_color__hover_enabled=&#8220;off&#8220; button_two_text_color__hover_enabled=&#8220;off&#8220; button_one_border_width__hover_enabled=&#8220;off&#8220; button_two_border_width__hover_enabled=&#8220;off&#8220; button_one_border_color__hover_enabled=&#8220;off&#8220; button_two_border_color__hover_enabled=&#8220;off&#8220; button_one_border_radius__hover_enabled=&#8220;off&#8220; button_two_border_radius__hover_enabled=&#8220;off&#8220; button_one_letter_spacing__hover_enabled=&#8220;off&#8220; button_two_letter_spacing__hover_enabled=&#8220;off&#8220; button_one_bg_color__hover_enabled=&#8220;off&#8220; button_two_bg_color__hover_enabled=&#8220;off&#8220;]<\/p>\n<p>Izn\u00e1jar ist 10 Autominuten von der Villa entfernt. Es ist ein traditionelles, wei\u00df get\u00fcnchtes Dorf mit einer Burg aus dem 8. Jahrhundert und einer Kirche aus dem 16. Jahrhundert. Es bietet einen spektakul\u00e4ren Blick \u00fcber einen 32 km langen See, der eine Vielzahl von Wassersportarten und Angelm\u00f6glichkeiten beherbergt.<\/p>\n<p>[\/et_pb_fullwidth_header][\/et_pb_section][et_pb_section bb_built=&#8220;1&#8243; admin_label=&#8220;Gallery&#8220; _builder_version=&#8220;3.0.77&#8243; background_color=&#8220;rgba(0,0,0,0.03)&#8220; background_size=&#8220;initial&#8220; background_position=&#8220;top_left&#8220; custom_padding=&#8220;50px||50px||false|false&#8220; collapsed=&#8220;off&#8220; prev_background_color=&#8220;#1f1f1f&#8220;][et_pb_row make_fullwidth=&#8220;on&#8220; use_custom_gutter=&#8220;on&#8220; gutter_width=&#8220;2&#8243; _builder_version=&#8220;3.17.6&#8243;][et_pb_column type=&#8220;4_4&#8243;][et_pb_gallery gallery_ids=&#8220;1090,1091,1083,1084,1074,1106,1099,2525,2519,2516,2513,2510,2507,2504,2498,2495,2492,2489,2477,2480,2483,2471,2468,2459,2462&#8243; gallery_orderby=&#8220;rand&#8220; posts_number=&#8220;30&#8243; show_title_and_caption=&#8220;off&#8220; show_pagination=&#8220;off&#8220; _builder_version=&#8220;3.17.6&#8243; zoom_icon_color=&#8220;#2ea3f2&#8243; hover_overlay_color=&#8220;rgba(255,255,255,0.9)&#8220;]<\/p>\n<p><\/p>\n<p>[\/et_pb_gallery][\/et_pb_column][\/et_pb_row][et_pb_row make_fullwidth=&#8220;on&#8220; make_equal=&#8220;on&#8220; _builder_version=&#8220;3.17.6&#8243;][et_pb_column type=&#8220;1_4&#8243;][\/et_pb_column][et_pb_column type=&#8220;1_2&#8243;][et_pb_button button_url=&#8220;http:\/\/hilltophideaway.es\/de\/bildergalerie\/&#8220; button_text=&#8220;Zur\u00fcck zur Hauptgalerie&#8220; button_alignment=&#8220;center&#8220; _builder_version=&#8220;3.17.6&#8243; button_icon=&#8220;%%39%%&#8220; button_icon_color=&#8220;rgba(12,113,195,0.76)&#8220; button_icon_placement=&#8220;left&#8220; button_on_hover=&#8220;off&#8220;]<\/p>\n<p><\/p>\n<p>[\/et_pb_button][\/et_pb_column][et_pb_column type=&#8220;1_4&#8243;][\/et_pb_column][\/et_pb_row][\/et_pb_section]<\/p>\n","protected":false},"excerpt":{"rendered":"<p>Izn\u00e1jar ist 10 Autominuten von der Villa entfernt. Es ist ein traditionelles, wei\u00df get\u00fcnchtes Dorf mit einer Burg aus dem 8. Jahrhundert und einer Kirche aus dem 16. Jahrhundert. Es bietet einen spektakul\u00e4ren Blick \u00fcber einen 32 km langen See, der eine Vielzahl von Wassersportarten und Angelm\u00f6glichkeiten beherbergt.<\/p>\n","protected":false},"author":1,"featured_media":1748,"parent":2835,"menu_order":0,"comment_status":"closed","ping_status":"closed","template":"","meta":{"_et_pb_use_builder":"on","_et_pb_old_content":"","_et_gb_content_width":"","om_disable_all_campaigns":false,"_monsterinsights_skip_tracking":false,"_monsterinsights_sitenote_active":false,"_monsterinsights_sitenote_note":"","_monsterinsights_sitenote_category":0,"_uf_show_specific_survey":0,"_uf_disable_surveys":false,"footnotes":""},"class_list":["post-2906","page","type-page","status-publish","has-post-thumbnail","hentry"],"aioseo_notices":[],"_links":{"self":[{"href":"https:\/\/hilltophideaway.es\/de\/wp-json\/wp\/v2\/pages\/2906","targetHints":{"allow":["GET"]}}],"collection":[{"href":"https:\/\/hilltophideaway.es\/de\/wp-json\/wp\/v2\/pages"}],"about":[{"href":"https:\/\/hilltophideaway.es\/de\/wp-json\/wp\/v2\/types\/page"}],"author":[{"embeddable":true,"href":"https:\/\/hilltophideaway.es\/de\/wp-json\/wp\/v2\/users\/1"}],"replies":[{"embeddable":true,"href":"https:\/\/hilltophideaway.es\/de\/wp-json\/wp\/v2\/comments?post=2906"}],"version-history":[{"count":2,"href":"https:\/\/hilltophideaway.es\/de\/wp-json\/wp\/v2\/pages\/2906\/revisions"}],"predecessor-version":[{"id":2908,"href":"https:\/\/hilltophideaway.es\/de\/wp-json\/wp\/v2\/pages\/2906\/revisions\/2908"}],"up":[{"embeddable":true,"href":"https:\/\/hilltophideaway.es\/de\/wp-json\/wp\/v2\/pages\/2835"}],"wp:featuredmedia":[{"embeddable":true,"href":"https:\/\/hilltophideaway.es\/de\/wp-json\/wp\/v2\/media\/1748"}],"wp:attachment":[{"href":"https:\/\/hilltophideaway.es\/de\/wp-json\/wp\/v2\/media?parent=2906"}],"curies":[{"name":"wp","href":"https:\/\/api.w.org\/{rel}","templated":true}]}}