{"id":2870,"date":"2019-05-26T02:17:23","date_gmt":"2019-05-26T09:17:23","guid":{"rendered":"http:\/\/hilltophideaway.es\/zuganglichkeit-fur-menschen-mit-behinderung\/"},"modified":"2025-08-27T09:49:44","modified_gmt":"2025-08-27T07:49:44","slug":"zuganglichkeit-fur-menschen-mit-behinderung","status":"publish","type":"page","link":"https:\/\/hilltophideaway.es\/de\/zuganglichkeit-fur-menschen-mit-behinderung\/","title":{"rendered":"Zug\u00e4nglichkeit f\u00fcr Menschen mit Behinderung"},"content":{"rendered":"<p>[et_pb_section fb_built=&#8220;1&#8243; _builder_version=&#8220;4.16&#8243; global_colors_info=&#8220;{}&#8220;][et_pb_row _builder_version=&#8220;4.16&#8243; custom_padding=&#8220;21.4062px|0px|2px|0px&#8220; global_colors_info=&#8220;{}&#8220;][et_pb_column type=&#8220;4_4&#8243; _builder_version=&#8220;4.16&#8243; custom_padding=&#8220;|||&#8220; global_colors_info=&#8220;{}&#8220; custom_padding__hover=&#8220;|||&#8220;][et_pb_post_title meta=&#8220;off&#8220; featured_image=&#8220;off&#8220; _builder_version=&#8220;4.16&#8243; title_font=&#8220;Playfair Display||||&#8220; title_font_size=&#8220;44px&#8220; global_colors_info=&#8220;{}&#8220;]<\/p>\n<p>&nbsp;<\/p>\n<p>[\/et_pb_post_title][\/et_pb_column][\/et_pb_row][et_pb_row column_structure=&#8220;2_3,1_3&#8243; _builder_version=&#8220;4.16&#8243; background_size=&#8220;initial&#8220; background_position=&#8220;top_left&#8220; background_repeat=&#8220;repeat&#8220; global_colors_info=&#8220;{}&#8220;][et_pb_column type=&#8220;2_3&#8243; _builder_version=&#8220;4.16&#8243; custom_padding=&#8220;|||&#8220; global_colors_info=&#8220;{}&#8220; custom_padding__hover=&#8220;|||&#8220;][et_pb_text _builder_version=&#8220;4.16&#8243; global_colors_info=&#8220;{}&#8220;]<\/p>\n<p>Die Villa wurde in 2009 f\u00fcr Rollstuhlfahrer konzipiert und gebaut. Bis heute ist es eine einzigartige Immobilie im l\u00e4ndlichen Andalusien, die komplett barrierefrei ist. Rollstuhlfahrer und ihre Familien k\u00f6nnen die authentische Spanien abseits der Menschenmassen erleben.<\/p>\n<p>[\/et_pb_text][et_pb_divider color=&#8220;rgba(0,0,0,0.15)&#8220; divider_position=&#8220;center&#8220; divider_weight=&#8220;3px&#8220; _builder_version=&#8220;4.16&#8243; max_width=&#8220;50%&#8220; module_alignment=&#8220;center&#8220; height=&#8220;6px&#8220; global_colors_info=&#8220;{}&#8220;][\/et_pb_divider][et_pb_text _builder_version=&#8220;4.16&#8243; text_font_size=&#8220;23px&#8220; text_line_height=&#8220;1.8em&#8220; custom_padding=&#8220;15px|||&#8220; global_colors_info=&#8220;{}&#8220;]<\/p>\n<p style=\"text-align: center;\" data-mce-style=\"text-align: center;\"><em>In der gesamten Villa wurden Designelemente sorgf\u00e4ltig ausgew\u00e4hlt, um Rollstuhlfahrern die gr\u00f6\u00dftm\u00f6gliche Unabh\u00e4ngigkeit zu erm\u00f6glichen.<\/em><\/p>\n<p>[\/et_pb_text][et_pb_divider color=&#8220;rgba(0,0,0,0.15)&#8220; divider_position=&#8220;center&#8220; divider_weight=&#8220;3px&#8220; _builder_version=&#8220;4.16&#8243; max_width=&#8220;50%&#8220; module_alignment=&#8220;center&#8220; height=&#8220;6px&#8220; global_colors_info=&#8220;{}&#8220;][\/et_pb_divider][\/et_pb_column][et_pb_column type=&#8220;1_3&#8243; _builder_version=&#8220;4.16&#8243; custom_padding=&#8220;|||&#8220; global_colors_info=&#8220;{}&#8220; custom_padding__hover=&#8220;|||&#8220;][et_pb_image src=&#8220;https:\/\/hilltophideaway.es\/wp-content\/uploads\/2018\/11\/pool-hoist-powered.jpeg&#8220; show_bottom_space=&#8220;off&#8220; align_tablet=&#8220;center&#8220; align_phone=&#8220;&#8220; align_last_edited=&#8220;on|desktop&#8220; disabled_on=&#8220;on|on|off&#8220; _builder_version=&#8220;4.16&#8243; global_colors_info=&#8220;{}&#8220;][\/et_pb_image][\/et_pb_column][\/et_pb_row][et_pb_row _builder_version=&#8220;4.16&#8243; global_colors_info=&#8220;{}&#8220;][et_pb_column type=&#8220;4_4&#8243; _builder_version=&#8220;4.16&#8243; custom_padding=&#8220;|||&#8220; global_colors_info=&#8220;{}&#8220; custom_padding__hover=&#8220;|||&#8220;][et_pb_slider show_image_video_mobile=&#8220;on&#8220; _builder_version=&#8220;4.20.2&#8243; animation_style=&#8220;fade&#8220; auto=&#8220;on&#8220; auto_speed=&#8220;9000&#8243; global_colors_info=&#8220;{}&#8220;][et_pb_slide heading=&#8220;Das ganze Erdgeschoss ist eben&#8220; image=&#8220;https:\/\/hilltophideaway.es\/wp-content\/uploads\/2017\/12\/pool-showing-sunbeds-across-to-house.jpg&#8220; use_bg_overlay=&#8220;off&#8220; use_text_overlay=&#8220;off&#8220; _builder_version=&#8220;4.16&#8243; button_on_hover=&#8220;on&#8220; global_colors_info=&#8220;{}&#8220; sticky_transition=&#8220;on&#8220;]<\/p>\n<p><span class=\"s2\">Ebenerdige Zugang zur Terrasse und Pool.<\/span><\/p>\n<p><span class=\"s2\">Pool mit drei Stufen (6, 8 und 5 cm) und Metallhandlauf (Tiefe des Beckens betr\u00e4gt 56 bis 118 cm)<\/span><\/p>\n<p>[\/et_pb_slide][et_pb_slide heading=&#8220;Electric profiling bed with pressure relieving mattress&#8220; image=&#8220;https:\/\/hilltophideaway.es\/wp-content\/uploads\/2023\/03\/cama-articulada-ultra-baja-artic-low.jpg&#8220; use_bg_overlay=&#8220;off&#8220; use_text_overlay=&#8220;off&#8220; _builder_version=&#8220;4.20.2&#8243; button_on_hover=&#8220;on&#8220; global_colors_info=&#8220;{}&#8220; sticky_transition=&#8220;on&#8220;]<\/p>\n<p><span class=\"s2\">Two possible heights: 33.5 cm and 40 cm.<\/span><\/p>\n<p><span class=\"s2\">Bed base 90 cm x 200 cm<\/span><\/p>\n<p><span class=\"s2\">Maximum user weight up to 140 kg.\/span><\/p>\n<p><span class=\"s2\">Powered bed. Remote control<\/span><\/p>\n<p>[\/et_pb_slide][et_pb_slide heading=&#8220;Hoist with electric lifting system and harness&#8220; image=&#8220;https:\/\/hilltophideaway.es\/wp-content\/uploads\/2023\/03\/grua-electrica-force-150kg-lifante.jpg&#8220; use_bg_overlay=&#8220;off&#8220; use_text_overlay=&#8220;off&#8220; _builder_version=&#8220;4.20.2&#8243; button_on_hover=&#8220;on&#8220; global_colors_info=&#8220;{}&#8220; sticky_transition=&#8220;on&#8220;]<\/p>\n<p><span class=\"s2\">Lifts up to 150Kg<\/span><\/p>\n<p>[\/et_pb_slide][et_pb_slide heading=&#8220;Befahrbare Nassr\u00e4umen&#8220; image=&#8220;https:\/\/hilltophideaway.es\/wp-content\/uploads\/2018\/11\/shower-hand-rails.jpg&#8220; use_bg_overlay=&#8220;off&#8220; use_text_overlay=&#8220;off&#8220; _builder_version=&#8220;4.16&#8243; button_on_hover=&#8220;on&#8220; global_colors_info=&#8220;{}&#8220; sticky_transition=&#8220;on&#8220;]<\/p>\n<p>4 befahrbare en suite- Nassr\u00e4umen (klare Grundfl\u00e4che 2,2 m x 2,14 m) mit 85 cm gro\u00dfen T\u00fcren<\/p>\n<p>Ebenerdige Duschen mit vertikalen Haltegriffe<\/p>\n<p>[\/et_pb_slide][et_pb_slide heading=&#8220;Duschstuhl f\u00fcr die befahrbare Dusche&#8220; image=&#8220;https:\/\/hilltophideaway.es\/wp-content\/uploads\/2018\/11\/black-shower-chair-arms-folded.jpeg&#8220; use_bg_overlay=&#8220;off&#8220; use_text_overlay=&#8220;off&#8220; _builder_version=&#8220;4.16&#8243; button_on_hover=&#8220;on&#8220; global_colors_info=&#8220;{}&#8220; sticky_transition=&#8220;on&#8220;]<\/p>\n<p>Zwei rollbare Duschst\u00fchle sind verf\u00fcgbar, einer mit absenkbaren Armst\u00fctzen.<\/p>\n<p>[\/et_pb_slide][et_pb_slide heading=&#8220;Alle vier Schlafzimmer haben en suite Nassr\u00e4umen &#8220; image=&#8220;https:\/\/hilltophideaway.es\/wp-content\/uploads\/2018\/11\/white-shower-chair.jpeg&#8220; use_bg_overlay=&#8220;off&#8220; use_text_overlay=&#8220;off&#8220; _builder_version=&#8220;4.16&#8243; button_on_hover=&#8220;on&#8220; global_colors_info=&#8220;{}&#8220; sticky_transition=&#8220;on&#8220;]<\/p>\n<p><span class=\"s2\">Duscharmaturen sind 1,2 m und 1,5 m hoch&nbsp;Klare Grundfl\u00e4che 2,2 m x 2,14 m mit 85 cm gro\u00dfen T\u00fcren.<\/span><\/p>\n<p>[\/et_pb_slide][et_pb_slide heading=&#8220;Poolaufzug mit Stuhl oder Hebegurt mit Kopfst\u00fctze&#8220; image=&#8220;https:\/\/hilltophideaway.es\/wp-content\/uploads\/2018\/11\/pool-hoist-powered.jpeg&#8220; use_bg_overlay=&#8220;off&#8220; use_text_overlay=&#8220;off&#8220; _builder_version=&#8220;4.16&#8243; button_on_hover=&#8220;on&#8220; global_colors_info=&#8220;{}&#8220; sticky_transition=&#8220;on&#8220;]<\/p>\n<p><span class=\"s2\">Motorisierter Virmedic-Poolaufzug (max. 185kg)<\/span><\/p>\n<p>[\/et_pb_slide][et_pb_slide heading=&#8220;Rollstuhlgerechte Toiletten&#8220; image=&#8220;https:\/\/hilltophideaway.es\/wp-content\/uploads\/2018\/11\/toilet-seat-riser.jpeg&#8220; use_bg_overlay=&#8220;off&#8220; use_text_overlay=&#8220;off&#8220; _builder_version=&#8220;4.16&#8243; button_on_hover=&#8220;on&#8220; global_colors_info=&#8220;{}&#8220; sticky_transition=&#8220;on&#8220;]<\/p>\n<p>Die WCs sind 40 cm hoch, WC-Sitzerh\u00f6hung ist vorhanden.<\/p>\n<p><span class=\"s2\">Au\u00dfer der G\u00e4stezimmer neben der Salon gibt es auch eine zus\u00e4tzliche befahrbare Toilette mit Schiebet\u00fcr (85 cm) und klappbarer Haltegriff.<\/span><\/p>\n<p>[\/et_pb_slide][et_pb_slide heading=&#8220;Einfache Zugang zum Pool&#8220; image=&#8220;https:\/\/hilltophideaway.es\/wp-content\/uploads\/2018\/11\/pool-hoist-harness-with-head-support.jpg&#8220; use_bg_overlay=&#8220;off&#8220; use_text_overlay=&#8220;off&#8220; _builder_version=&#8220;4.16&#8243; button_on_hover=&#8220;on&#8220; global_colors_info=&#8220;{}&#8220; sticky_transition=&#8220;on&#8220;]<\/p>\n<p>Rollstuhlfahrer k\u00f6nnen mit Hilfe des Poolaufzuges (mit Stuhl oder Hebegurt mit Kopfst\u00fctze) den Pool leicht betreten.<\/p>\n<p>[\/et_pb_slide][et_pb_slide heading=&#8220;Haltegriffe auf beiden Seiten der WC &#8220; image=&#8220;https:\/\/hilltophideaway.es\/wp-content\/uploads\/2018\/11\/toilet-rail.jpg&#8220; use_bg_overlay=&#8220;off&#8220; use_text_overlay=&#8220;off&#8220; _builder_version=&#8220;4.16&#8243; global_colors_info=&#8220;{}&#8220; sticky_transition=&#8220;on&#8220;]<\/p>\n<p>Klappbarer Haltegriff auf einer Seite des WCs und horizontaler oder vertikaler Haltegriff an der Wand auf der andere Seite.<\/p>\n<p>[\/et_pb_slide][\/et_pb_slider][\/et_pb_column][\/et_pb_row][et_pb_row column_structure=&#8220;3_5,2_5&#8243; _builder_version=&#8220;4.16&#8243; global_colors_info=&#8220;{}&#8220;][et_pb_column type=&#8220;3_5&#8243; _builder_version=&#8220;4.16&#8243; custom_padding=&#8220;|||&#8220; global_colors_info=&#8220;{}&#8220; custom_padding__hover=&#8220;|||&#8220;][et_pb_text admin_label=&#8220;Accessibility features&#8220; _builder_version=&#8220;4.20.2&#8243; global_colors_info=&#8220;{}&#8220;]<\/p>\n<h2 class=\"p1\"><span class=\"s1\">Zug\u00e4nglichkeitsmerkmale:<\/span><\/h2>\n<p><\/p>\n<ul class=\"ul1\">\n<li class=\"li1\"><span class=\"s2\">All the downstairs accommodation is level, no steps, thresholds or ramps<\/span><\/li>\n<\/ul>\n<p><\/p>\n<ul>\n<li><span class=\"s2\">Das ganze Erdgeschoss ist eben, keine Stufen, Schwellen oder Rampen<\/span><\/li>\n<li><span class=\"s2\">Der Bereich zwischen dem Parkplatz und dem Geb\u00e4ude ist eben<\/span><\/li>\n<li><span class=\"s2\">Ebenerdige Zugang zur Terrasse und Salon<\/span><\/li>\n<li><span class=\"s2\">Manuelle \u00f6ffnende T\u00fcr (90 cm breit)<\/span><\/li>\n<li><span class=\"s2\">Offene Salon (80 m\u00b2 gro\u00df) mit verschiedenen Sitzgelegenheiten und Tischen<\/span><\/li>\n<li><span class=\"s2\">Freiraum unter den Tischen 73 cm<\/span><\/li>\n<li><span class=\"s2\">Bar mit einer H\u00f6he von 107m und 83cm<\/span><\/li>\n<li><span class=\"s2\">Rollstuhlgerechte Toilette mit klappbarer Haltegriff neben der Salon (Schiebet\u00fcr 85 cm) <\/span><\/li>\n<li><span class=\"s2\">Ebener Zugang von der Salon durch den Innenhof zu den 4 Schlafzimmern<\/span><\/li>\n<li><span class=\"s2\">Die T\u00fcr der Schlafzimmer ist 85 cm breit, der Griff und der Schloss sind auf 96 cm und 1 m H\u00f6he<\/span><\/li>\n<li><span class=\"s2\">Die Schlafzimmer sind 16,45 m2 gro\u00df und haben einen gefliesten Boden, wo es leicht ist sich mit dem Rollstuhl umzudrehen<\/span><\/li>\n<li><span class=\"s2\">Abgesenkte Kleiderstange im Kleiderschrank<\/span><\/li>\n<li><span class=\"s2\">Die H\u00f6he der Betten betr\u00e4gt 55 cm (Matratze inbegriffen)<\/span><\/li>\n<li><span class=\"s2\">Licht kann vom Bett aus gesteuert werden<\/span><\/li>\n<li><span class=\"s2\">Abgesenkte Lichtschalter, Steckdosen und Fenstergriffe im ganzen Haus<\/span><\/li>\n<li><span class=\"s2\">4 befahrbare Nassr\u00e4umen (klare Grundfl\u00e4che 2,2 m x 2,14 m) mit 85 cm gro\u00dfen T\u00fcren<\/span><\/li>\n<li><span class=\"s2\">Rollstuhlgerechte Handwaschbecken mit Einhebelmischer<\/span><\/li>\n<li><span class=\"s2\">Klappbarer Haltegriff auf einer Seite des WCs und horizontaler oder vertikaler Haltegriff an der Wand auf der andere Seite<\/span><\/li>\n<li><span class=\"s2\">Das WC ist 40 cm hoch, WC-Sitzerh\u00f6hung ist vorhanden<\/span><\/li>\n<li><span class=\"s2\">Befahrbare Dusche mit zwei vertikalen Haltegriffen. Zwei rollbare Duschst\u00fchle sind verf\u00fcgbar, einer mit absenkbaren Armst\u00fctzen.<\/span><\/li>\n<li><span class=\"s2\">Duscharmaturen sind 1,2 m und 1,5 m hoch<\/span><\/li>\n<li><span class=\"s2\">Der Pfad zum Pool ist eben<\/span><\/li>\n<li><span class=\"s2\">Pool mit drei Stufen (6, 8 und 5 cm) und Metallhandlauf (Tiefe des Beckens betr\u00e4gt 56 bis 118 cm)<\/span><\/li>\n<li><span class=\"s2\">Motorisierter Virmedic-Poolaufzug (max. 185kg). Stuhl und Hebegurt mit Kopfst\u00fctze verf\u00fcgbar.<\/span><\/li>\n<li><span class=\"s2\">Metale Sonnenliegen am Pool mit stabile Armlehnen, die eine gute Unterst\u00fctzung bieten<\/span><\/li>\n<li>Optionaler Catering und Essen Lieferservice<\/li>\n<\/ul>\n<p>[\/et_pb_text][\/et_pb_column][et_pb_column type=&#8220;2_5&#8243; _builder_version=&#8220;4.16&#8243; custom_padding=&#8220;|||&#8220; global_colors_info=&#8220;{}&#8220; custom_padding__hover=&#8220;|||&#8220;][et_pb_text _builder_version=&#8220;4.16&#8243; text_font_size=&#8220;27px&#8220; text_line_height=&#8220;1.8em&#8220; background_color=&#8220;#bebebe&#8220; background_layout=&#8220;dark&#8220; custom_margin=&#8220;||0px|&#8220; border_color_all=&#8220;#bebebe&#8220; use_border_color=&#8220;on&#8220; border_color=&#8220;#bebebe&#8220; saved_tabs=&#8220;all&#8220; global_colors_info=&#8220;{}&#8220;]<\/p>\n<p style=\"text-align: center;\" data-mce-style=\"text-align: center;\">Was unsere G\u00e4ste sagen<\/p>\n<p>[\/et_pb_text][et_pb_text _builder_version=&#8220;4.16&#8243; background_color=&#8220;#fcfcfc&#8220; custom_margin=&#8220;0px|0px|0px|0px&#8220; custom_padding=&#8220;10px|10px||10px&#8220; border_color_all=&#8220;#bebebe&#8220; use_border_color=&#8220;on&#8220; border_color=&#8220;#bebebe&#8220; saved_tabs=&#8220;all&#8220; global_colors_info=&#8220;{}&#8220;]<\/p>\n<p><em>&#8222;Das Anwesen ist sehr gut ausgelegt f\u00fcr Rollstuhlfahrer und verf\u00fcgt \u00fcber eine gro\u00dfe Terrasse, einen ger\u00e4umigen Wohnbereich und befahrbare Duschen.&#8220;<\/em><\/p>\n<p><em>&#8222;Ich bin ein Rollstuhlfahrer und es ist oft schwierig, eine geeignete Unterkunft zu finden. Die Villa und der Pool waren sehr gut zug\u00e4nglich und sehr sch\u00f6n.&#8220;<\/em><\/p>\n<p><em>&#8222;Das Haus bietet einen hervorragenden Zugang f\u00fcr Behinderte, so dass wir uns entspannen k\u00f6nnen, da wir wussten, dass unsere Tochter sich problemlos mit ihrem Power-Rollstuhl im Haus bewegen kann.&#8220;<\/em><\/p>\n<p><em>&#8222;Vollkommen rollstuhlgerecht . Es ist gro\u00dfartig ein Ferienhaus zu finden, wo alle vier Schlafzimmer und Nassr\u00e4ume von jeden genutzt werden kann\u2026 der Pool hatte einen Aufzug und es war das erste Mal seit Jahren, dass ich ein Pool nutzen konnte.&#8220;<\/em><\/p>\n<p><em>&#8222;Wenn Sie den Touristenmengen entkommen m\u00f6chten, und in einer sch\u00f6nen, f\u00fcr Rollstuhlfahrer gut eingerichteten Villa sich entspannen m\u00f6chten, ist dies der richtige Ort f\u00fcr Sie. Es ist \u00fcberall Zug\u00e4nglich, inklusive die Nassr\u00e4ume und hat ein Poolaufzug.&#8220;<\/em><\/p>\n<p><em>&#8222;Fabelhafte Villa mit gutem Rollstuhlzugang und Einrichtungen.&#8220;<\/em><\/p>\n<p>[\/et_pb_text][\/et_pb_column][\/et_pb_row][et_pb_row _builder_version=&#8220;4.16&#8243; global_colors_info=&#8220;{}&#8220;][et_pb_column type=&#8220;4_4&#8243; _builder_version=&#8220;4.16&#8243; custom_padding=&#8220;|||&#8220; global_colors_info=&#8220;{}&#8220; custom_padding__hover=&#8220;|||&#8220;][et_pb_divider color=&#8220;rgba(0,0,0,0.15)&#8220; divider_position=&#8220;center&#8220; divider_weight=&#8220;3px&#8220; _builder_version=&#8220;4.16&#8243; max_width=&#8220;50%&#8220; module_alignment=&#8220;center&#8220; height=&#8220;6px&#8220; global_colors_info=&#8220;{}&#8220;][\/et_pb_divider][et_pb_text _builder_version=&#8220;4.16&#8243; text_font_size=&#8220;23px&#8220; text_line_height=&#8220;1.8em&#8220; custom_padding=&#8220;15px|||&#8220; global_colors_info=&#8220;{}&#8220;]<\/p>\n<p style=\"text-align: center;\" data-mce-style=\"text-align: center;\"><em>Die Zug\u00e4nglichkeit f\u00fcr alle Generationen, unabh\u00e4ngig von Alter und K\u00f6nnen, macht diesen Ort ideal f\u00fcr Familientreffen.<\/em><\/p>\n<p>[\/et_pb_text][et_pb_divider color=&#8220;rgba(0,0,0,0.15)&#8220; divider_position=&#8220;center&#8220; divider_weight=&#8220;3px&#8220; _builder_version=&#8220;4.16&#8243; max_width=&#8220;50%&#8220; module_alignment=&#8220;center&#8220; height=&#8220;6px&#8220; global_colors_info=&#8220;{}&#8220;][\/et_pb_divider][\/et_pb_column][\/et_pb_row][et_pb_row _builder_version=&#8220;4.16&#8243; custom_padding=&#8220;10px|10px|10px|10px&#8220; box_shadow_style=&#8220;preset2&#8243; global_colors_info=&#8220;{}&#8220;][et_pb_column type=&#8220;4_4&#8243; _builder_version=&#8220;4.16&#8243; custom_padding=&#8220;|||&#8220; global_colors_info=&#8220;{}&#8220; custom_padding__hover=&#8220;|||&#8220;][et_pb_text admin_label=&#8220;Assistance at the airport&#8220; _builder_version=&#8220;4.16&#8243; header_font=&#8220;|600|||||||&#8220; link_option_url_new_window=&#8220;on&#8220; global_colors_info=&#8220;{}&#8220;]<\/p>\n<h3>Hilfe am Flughafen<\/h3>\n<p>Der Flughafen M\u00e1laga bietet ausgezeichnete Unterst\u00fctzung f\u00fcr Reisende mit Behinderungen. Weitere Informationen finden Sie auf der <a href=\"https:\/\/www.airmalaga.com\/about-malaga-airport\/malaga-airport-disabled\/\" target=\"_blank\" rel=\"noopener noreferrer\" data-mce-href=\"https:\/\/www.airmalaga.com\/about-malaga-airport\/malaga-airport-disabled\/\">offiziellen Website<\/a>. WICHTIG: Die Unterst\u00fctzung muss mindestens 48 Stunden vor dem Abflug gebucht werden.<\/p>\n<p>[\/et_pb_text][et_pb_text admin_label=&#8220;Additional information&#8220; _builder_version=&#8220;4.27.4&#8243; hover_enabled=&#8220;0&#8243; global_colors_info=&#8220;{}&#8220; sticky_enabled=&#8220;0&#8243;]<\/p>\n<h3>Zus\u00e4tzliche Information<\/h3>\n<p>Spezielle Assistenzhunde sind willkommen. Ihre Gesundheit, Ihr Komfort und Ihre Sicherheit sind f\u00fcr uns von gr\u00f6\u00dfter Bedeutung.<\/p>\n<p>Wir k\u00f6nnen Sie mit einer lokalen britischen Pflegerin verbinden, um Sie in Ihrem Alltag zu unterst\u00fctzen.<\/p>\n<p>Wir sind ein voll registriertes und legales Casa Rural und haben eine Haftpflichtversicherung.<\/p>\n<p>Es gibt ein medizinisches Zentrum im Iznajar, 10 Autominuten entfernt, zusammen mit zwei Apotheken.<\/p>\n<p>Wenn Sie spezielle Ausr\u00fcstung, ein elektrisches Bett usw. ben\u00f6tigen, wenden Sie sich bitte an <a href=\"https:\/\/www.amigo24.com\/en\/\" target=\"_blank\" rel=\"noopener noreferrer\" data-mce-href=\"https:\/\/www.amigo24.com\/en\/\">Amigo24<\/a>. Die Ausr\u00fcstung kann direkt an die Villa geliefert werden.<\/p>\n<p>Rollstuhlgerechte Fahrzeuge k\u00f6nnen bei <a href=\"http:\/\/www.rentacarcaleta.com\/disabled-car-hire-with-wheelchair-access-velez-malaga-costa-del-sol.html\" target=\"_blank\" rel=\"noopener noreferrer\" data-mce-href=\"http:\/\/www.rentacarcaleta.com\/disabled-car-hire-with-wheelchair-access-velez-malaga-costa-del-sol.html\">Caleta Car Hire<\/a>&nbsp;gemietet werden. In der N\u00e4he gibt es ein Taxiunternehmen mit einem angepassten Fahrzeug.<\/p>\n<p>Wir werden unser Bestes geben damit Ihre individuellen Bed\u00fcrfnisse so gut wie m\u00f6glich erf\u00fcllt werden.<\/p>\n<p>[\/et_pb_text][\/et_pb_column][\/et_pb_row][\/et_pb_section]<\/p>\n","protected":false},"excerpt":{"rendered":"<p>&nbsp;Die Villa wurde in 2009 f\u00fcr Rollstuhlfahrer konzipiert und gebaut. Bis heute ist es eine einzigartige Immobilie im l\u00e4ndlichen Andalusien, die komplett barrierefrei ist. Rollstuhlfahrer und ihre Familien k\u00f6nnen die authentische Spanien abseits der Menschenmassen erleben. In der gesamten Villa wurden Designelemente sorgf\u00e4ltig ausgew\u00e4hlt, um Rollstuhlfahrern die gr\u00f6\u00dftm\u00f6gliche Unabh\u00e4ngigkeit zu erm\u00f6glichen. Ebenerdige Zugang zur Terrasse [&hellip;]<\/p>\n","protected":false},"author":1,"featured_media":1804,"parent":0,"menu_order":0,"comment_status":"closed","ping_status":"closed","template":"","meta":{"_et_pb_use_builder":"on","_et_pb_old_content":"","_et_gb_content_width":"","om_disable_all_campaigns":false,"_monsterinsights_skip_tracking":false,"_monsterinsights_sitenote_active":false,"_monsterinsights_sitenote_note":"","_monsterinsights_sitenote_category":0,"_uf_show_specific_survey":0,"_uf_disable_surveys":false,"footnotes":""},"class_list":["post-2870","page","type-page","status-publish","has-post-thumbnail","hentry"],"aioseo_notices":[],"_links":{"self":[{"href":"https:\/\/hilltophideaway.es\/de\/wp-json\/wp\/v2\/pages\/2870","targetHints":{"allow":["GET"]}}],"collection":[{"href":"https:\/\/hilltophideaway.es\/de\/wp-json\/wp\/v2\/pages"}],"about":[{"href":"https:\/\/hilltophideaway.es\/de\/wp-json\/wp\/v2\/types\/page"}],"author":[{"embeddable":true,"href":"https:\/\/hilltophideaway.es\/de\/wp-json\/wp\/v2\/users\/1"}],"replies":[{"embeddable":true,"href":"https:\/\/hilltophideaway.es\/de\/wp-json\/wp\/v2\/comments?post=2870"}],"version-history":[{"count":14,"href":"https:\/\/hilltophideaway.es\/de\/wp-json\/wp\/v2\/pages\/2870\/revisions"}],"predecessor-version":[{"id":3397,"href":"https:\/\/hilltophideaway.es\/de\/wp-json\/wp\/v2\/pages\/2870\/revisions\/3397"}],"wp:featuredmedia":[{"embeddable":true,"href":"https:\/\/hilltophideaway.es\/de\/wp-json\/wp\/v2\/media\/1804"}],"wp:attachment":[{"href":"https:\/\/hilltophideaway.es\/de\/wp-json\/wp\/v2\/media?parent=2870"}],"curies":[{"name":"wp","href":"https:\/\/api.w.org\/{rel}","templated":true}]}}