{"id":2854,"date":"2019-05-26T01:02:21","date_gmt":"2019-05-26T08:02:21","guid":{"rendered":"http:\/\/hilltophideaway.es\/buchung\/"},"modified":"2024-09-17T11:11:57","modified_gmt":"2024-09-17T09:11:57","slug":"buchung","status":"publish","type":"page","link":"https:\/\/hilltophideaway.es\/de\/buchung\/","title":{"rendered":"Buchung"},"content":{"rendered":"<p>[et_pb_section fb_built=&#8220;1&#8243; _builder_version=&#8220;4.16&#8243; global_colors_info=&#8220;{}&#8220; admin_label=&#8220;Section&#8220;][et_pb_row _builder_version=&#8220;4.16&#8243; background_size=&#8220;initial&#8220; background_position=&#8220;top_left&#8220; background_repeat=&#8220;repeat&#8220; custom_padding=&#8220;||0px|&#8220; global_colors_info=&#8220;{}&#8220;][et_pb_column type=&#8220;4_4&#8243; _builder_version=&#8220;4.16&#8243; custom_padding=&#8220;|||&#8220; global_colors_info=&#8220;{}&#8220; custom_padding__hover=&#8220;|||&#8220;][et_pb_post_title meta=&#8220;off&#8220; featured_image=&#8220;off&#8220; admin_label=&#8220;Post Title&#8220; _builder_version=&#8220;4.16&#8243; title_font=&#8220;Playfair Display||||&#8220; title_font_size=&#8220;44px&#8220; global_colors_info=&#8220;{}&#8220;][\/et_pb_post_title][et_pb_text disabled_on=&#8220;on||&#8220; admin_label=&#8220;Text&#8220; _builder_version=&#8220;4.27.0&#8243; hover_enabled=&#8220;0&#8243; global_colors_info=&#8220;{}&#8220; sticky_enabled=&#8220;0&#8243;]<\/p>\n<h3>2024 September &#8211; 2026 April (Preise in Euro f\u00fcr einen einw\u00f6chigen Aufenthalt)<\/h3>\n<p>Das Haus verf\u00fcgt \u00fcber zwei separate Wohnungen, die zusammen oder getrennt gemietet werden k\u00f6nnen. Wir bieten niedrige Preise im Fr\u00fchling, Herbst und Winter (sonnig!) so dass Sie auch bei Gruppen mit weniger als 12 Personen viel Wert f\u00fcr Ihr Geld erhalten. <strong>Die Preise pro Person und Nacht fangen schon bei 15 Euro an.<\/strong>[\/et_pb_text][et_pb_accordion _builder_version=&#8220;4.16&#8243; toggle_level=&#8220;h3&#8243; global_colors_info=&#8220;{}&#8220;][et_pb_accordion_item title=&#8220;Erdgeschoss (8 Schlafpl\u00e4tze, Rollstuhlzugang)&#8220; open=&#8220;on&#8220; _builder_version=&#8220;4.16&#8243; global_colors_info=&#8220;{}&#8220;]<table id=\"table_11652971\" width=\"100%\" class=\"zebra\"><thead><tr><th>Period<\/th><th>Price<\/th><\/tr>\r\n    <\/thead>\r\n    <tbody>\r\n\t\r\n\t<script type=\"text\/javascript\" charset=\"utf-8\">\r\n jQuery(document).ready(function() {\r\n    jQuery('#table_11652971').DataTable( {\"destroy\": true,\"bPaginate\": false,\"bLengthChange\": true,\"bFilter\": false,\"bSort\": false,\"bInfo\": false,\"bStateSave\": true,\"bAutoWidth\": true,\"sPaginationType\": \"full_numbers\",\"oLanguage\": {\r\n\t\t\t\"sLengthMenu\": \"Display _MENU_ records per page\",\r\n\t\t\t\"sZeroRecords\": \"Nothing found - sorry\",\r\n\t\t\t\"sInfo\": \"Showing _START_ to _END_ of _TOTAL_ records\",\r\n\t\t\t\"sInfoEmpty\": \"Showing 0 to 0 of 0 records\",\r\n                        \"sSearch\": \"Search: \",\r\n\t\t\t\"sInfoFiltered\": \"(filtered from _MAX_ total records)\"\r\n\t\t}} );\r\n});\r\n <\/script><tr><td>2026 January 10 - 2026 March 27<\/td><td>EUR 975<\/td><\/tr><tr><td>2026 March 28 - 2026 April 24<\/td><td>EUR 1495<\/td><\/tr><tr><td>2026 April 25 - 2026 October 30<\/td><td>EUR 2595<\/td><\/tr><tr><td>2026 November 1 - 2026 December 18<\/td><td>EUR 975<\/td><\/tr><tr><td>2026 December 19 - 2027 January 8<\/td><td>EUR 1565<\/td><\/tr><tr><td>2027 January 9 - 2027 March 19<\/td><td>EUR 1025<\/td><\/tr><tr><td>2027 March 20 - 2027 April 30<\/td><td>EUR 1565<\/td><\/tr><tr><td>2027 May 1- 2027 November 5<\/td><td>EUR 2725<\/td><\/tr><tr><td>2027 November 6 - 2027 December 17<\/td><td>EUR 1025<\/td><\/tr>\r\n    <\/tbody>\r\n<\/table><br \/>\n[\/et_pb_accordion_item][et_pb_accordion_item title=&#8220;Obergeschoss (5 Schlafpl\u00e4tze)&#8220; _builder_version=&#8220;4.16&#8243; global_colors_info=&#8220;{}&#8220; open=&#8220;off&#8220;]<table id=\"table_21630212\" width=\"100%\" class=\"zebra\"><thead><tr><th>Period<\/th><th>Price<\/th><\/tr>\r\n    <\/thead>\r\n    <tbody>\r\n\t\r\n\t<script type=\"text\/javascript\" charset=\"utf-8\">\r\n jQuery(document).ready(function() {\r\n    jQuery('#table_21630212').DataTable( {\"destroy\": true,\"bPaginate\": false,\"bLengthChange\": false,\"bFilter\": false,\"bSort\": false,\"bInfo\": false,\"bStateSave\": true,\"bAutoWidth\": true,\"sPaginationType\": \"full_numbers\",\"oLanguage\": {\r\n\t\t\t\"sLengthMenu\": \"Display _MENU_ records per page\",\r\n\t\t\t\"sZeroRecords\": \"Nothing found - sorry\",\r\n\t\t\t\"sInfo\": \"Showing _START_ to _END_ of _TOTAL_ records\",\r\n\t\t\t\"sInfoEmpty\": \"Showing 0 to 0 of 0 records\",\r\n                        \"sSearch\": \"Search: \",\r\n\t\t\t\"sInfoFiltered\": \"(filtered from _MAX_ total records)\"\r\n\t\t}} );\r\n});\r\n <\/script><tr><td>2026 January 10 - 2026 March 27<\/td><td>EUR 475<\/td><\/tr><tr><td>2026 March 28 - 2026 April 24<\/td><td>EUR 765<\/td><\/tr><tr><td>2026 April 25 - 2026 October 30<\/td><td>EUR 1350<\/td><\/tr><tr><td>2026 November 1 - 2026 December 18<\/td><td>EUR 475<\/td><\/tr><tr><td>2026 December 19 - 2027 January 8<\/td><td>EUR 805<\/td><\/tr><tr><td>2027 January 9 - 2027 March 19<\/td><td>EUR 495<\/td><\/tr><tr><td>2027 March 20 - 2027 April 30<\/td><td>EUR 805<\/td><\/tr><tr><td>2027 May 1- 2027 November 5<\/td><td>EUR 1415<\/td><\/tr><tr><td>2027 November 6 - 2027 December 17<\/td><td>EUR 805<\/td><\/tr>\r\n    <\/tbody>\r\n<\/table><br \/>\n[\/et_pb_accordion_item][et_pb_accordion_item title=&#8220;Exklusive Nutzung der gesamten Villa, 10% RABATT! (13 Schlafpl\u00e4tze)&#8220; _builder_version=&#8220;4.16&#8243; global_colors_info=&#8220;{}&#8220; open=&#8220;off&#8220;]<table id=\"table_373153\" width=\"100%\" class=\"zebra\"><thead><tr><th>Period<\/th><th>Price<\/th><\/tr>\r\n    <\/thead>\r\n    <tbody>\r\n\t\r\n\t<script type=\"text\/javascript\" charset=\"utf-8\">\r\n jQuery(document).ready(function() {\r\n    jQuery('#table_373153').DataTable( {\"destroy\": true,\"bPaginate\": false,\"bLengthChange\": false,\"bFilter\": false,\"bSort\": false,\"bInfo\": false,\"bStateSave\": true,\"bAutoWidth\": true,\"sPaginationType\": \"full_numbers\",\"oLanguage\": {\r\n\t\t\t\"sLengthMenu\": \"Display _MENU_ records per page\",\r\n\t\t\t\"sZeroRecords\": \"Nothing found - sorry\",\r\n\t\t\t\"sInfo\": \"Showing _START_ to _END_ of _TOTAL_ records\",\r\n\t\t\t\"sInfoEmpty\": \"Showing 0 to 0 of 0 records\",\r\n                        \"sSearch\": \"Search: \",\r\n\t\t\t\"sInfoFiltered\": \"(filtered from _MAX_ total records)\"\r\n\t\t}} );\r\n});\r\n <\/script><tr><td>2026 January 10 - 2026 March 27<\/td><td>EUR <del>1450<\/del> 1295<\/td><\/tr><tr><td>2026 March 28 - 2026 April 24<\/td><td>EUR <del>2260<\/del> 2030<\/td><\/tr><tr><td>2026 April 25 - 2026 October 30<\/td><td>EUR <del>3945<\/del> 3550<\/td><\/tr><tr><td>2026 November 1 - 2026 December 18<\/td><td>EUR <del>1450<\/del> 1295<\/td><\/tr><tr><td>2026 December 19 - 2027 January 8<\/td><td>EUR <del>2370<\/del> 2135<\/td><\/tr><tr><td>2027 January 9 - 2027 March 19<\/td><td>EUR <del>1520<\/del> 1370<\/td><\/tr><tr><td>2027 March 20 - 2027 April 30<\/td><td>EUR <del>2370<\/del> 2135<\/td><\/tr><tr><td>2027 May 1- 2027 November 5<\/td><td>EUR <del>4140<\/del> 3725<\/td><\/tr><tr><td>2027 November 6 - 2027 December 17<\/td><td>EUR <del>2370<\/del> 2135<\/td><\/tr>\r\n    <\/tbody>\r\n<\/table><br \/>\n[\/et_pb_accordion_item][\/et_pb_accordion][et_pb_text _builder_version=&#8220;4.16&#8243; global_colors_info=&#8220;{}&#8220;]<\/p>\n<h3><strong>Jetzt anfragen<\/strong><\/h3>\n<p>[\/et_pb_text][et_pb_contact_form captcha=&#8220;off&#8220; email=&#8220;info@hilltophideaway.es&#8220; module_id=&#8220;et_pb_contact_form_0&#8243; _builder_version=&#8220;4.16&#8243; _unique_id=&#8220;5593d054-cdfc-4033-a270-9a86883b3fd2&#8243; global_colors_info=&#8220;{}&#8220;][et_pb_contact_field field_id=&#8220;Name&#8220; field_title=&#8220;Name&#8220; _builder_version=&#8220;4.16&#8243; global_colors_info=&#8220;{}&#8220; button_text_size__hover_enabled=&#8220;off&#8220; button_one_text_size__hover_enabled=&#8220;off&#8220; button_two_text_size__hover_enabled=&#8220;off&#8220; button_text_color__hover_enabled=&#8220;off&#8220; button_one_text_color__hover_enabled=&#8220;off&#8220; button_two_text_color__hover_enabled=&#8220;off&#8220; button_border_width__hover_enabled=&#8220;off&#8220; button_one_border_width__hover_enabled=&#8220;off&#8220; button_two_border_width__hover_enabled=&#8220;off&#8220; button_border_color__hover_enabled=&#8220;off&#8220; button_one_border_color__hover_enabled=&#8220;off&#8220; button_two_border_color__hover_enabled=&#8220;off&#8220; button_border_radius__hover_enabled=&#8220;off&#8220; button_one_border_radius__hover_enabled=&#8220;off&#8220; button_two_border_radius__hover_enabled=&#8220;off&#8220; button_letter_spacing__hover_enabled=&#8220;off&#8220; button_one_letter_spacing__hover_enabled=&#8220;off&#8220; button_two_letter_spacing__hover_enabled=&#8220;off&#8220; button_bg_color__hover_enabled=&#8220;off&#8220; button_one_bg_color__hover_enabled=&#8220;off&#8220; button_two_bg_color__hover_enabled=&#8220;off&#8220;][\/et_pb_contact_field][et_pb_contact_field field_id=&#8220;Email&#8220; field_title=&#8220;Email Addresse&#8220; field_type=&#8220;email&#8220; _builder_version=&#8220;4.16&#8243; global_colors_info=&#8220;{}&#8220; button_text_size__hover_enabled=&#8220;off&#8220; button_one_text_size__hover_enabled=&#8220;off&#8220; button_two_text_size__hover_enabled=&#8220;off&#8220; button_text_color__hover_enabled=&#8220;off&#8220; button_one_text_color__hover_enabled=&#8220;off&#8220; button_two_text_color__hover_enabled=&#8220;off&#8220; button_border_width__hover_enabled=&#8220;off&#8220; button_one_border_width__hover_enabled=&#8220;off&#8220; button_two_border_width__hover_enabled=&#8220;off&#8220; button_border_color__hover_enabled=&#8220;off&#8220; button_one_border_color__hover_enabled=&#8220;off&#8220; button_two_border_color__hover_enabled=&#8220;off&#8220; button_border_radius__hover_enabled=&#8220;off&#8220; button_one_border_radius__hover_enabled=&#8220;off&#8220; button_two_border_radius__hover_enabled=&#8220;off&#8220; button_letter_spacing__hover_enabled=&#8220;off&#8220; button_one_letter_spacing__hover_enabled=&#8220;off&#8220; button_two_letter_spacing__hover_enabled=&#8220;off&#8220; button_bg_color__hover_enabled=&#8220;off&#8220; button_one_bg_color__hover_enabled=&#8220;off&#8220; button_two_bg_color__hover_enabled=&#8220;off&#8220;][\/et_pb_contact_field][et_pb_contact_field field_id=&#8220;Interested_in&#8220; field_title=&#8220;Interessiert an&#8220; field_type=&#8220;select&#8220; select_options=&#8220;%91{%22value%22:%22Gesamten Villa%22,%22checked%22:0},{%22value%22:%22Erdgeschoss %22,%22checked%22:0},{%22value%22:%22Obergeschoss%22,%22checked%22:0}%93&#8243; fullwidth_field=&#8220;on&#8220; _builder_version=&#8220;4.16&#8243; global_colors_info=&#8220;{}&#8220; button_text_size__hover_enabled=&#8220;off&#8220; button_one_text_size__hover_enabled=&#8220;off&#8220; button_two_text_size__hover_enabled=&#8220;off&#8220; button_text_color__hover_enabled=&#8220;off&#8220; button_one_text_color__hover_enabled=&#8220;off&#8220; button_two_text_color__hover_enabled=&#8220;off&#8220; button_border_width__hover_enabled=&#8220;off&#8220; button_one_border_width__hover_enabled=&#8220;off&#8220; button_two_border_width__hover_enabled=&#8220;off&#8220; button_border_color__hover_enabled=&#8220;off&#8220; button_one_border_color__hover_enabled=&#8220;off&#8220; button_two_border_color__hover_enabled=&#8220;off&#8220; button_border_radius__hover_enabled=&#8220;off&#8220; button_one_border_radius__hover_enabled=&#8220;off&#8220; button_two_border_radius__hover_enabled=&#8220;off&#8220; button_letter_spacing__hover_enabled=&#8220;off&#8220; button_one_letter_spacing__hover_enabled=&#8220;off&#8220; button_two_letter_spacing__hover_enabled=&#8220;off&#8220; button_bg_color__hover_enabled=&#8220;off&#8220; button_one_bg_color__hover_enabled=&#8220;off&#8220; button_two_bg_color__hover_enabled=&#8220;off&#8220;][\/et_pb_contact_field][et_pb_contact_field field_id=&#8220;Number_of_adults&#8220; field_title=&#8220;Anzahl der Erwachsenen&#8220; field_type=&#8220;select&#8220; select_options=&#8220;%91{%22value%22:%222%22,%22checked%22:0},{%22value%22:%223%22,%22checked%22:0},{%22value%22:%224%22,%22checked%22:0},{%22value%22:%225%22,%22checked%22:0},{%22value%22:%226%22,%22checked%22:0},{%22value%22:%227%22,%22checked%22:0},{%22value%22:%228%22,%22checked%22:0},{%22value%22:%229%22,%22checked%22:0},{%22value%22:%2210%22,%22checked%22:0},{%22value%22:%2211%22,%22checked%22:0},{%22value%22:%2212%22,%22checked%22:0}%93&#8243; _builder_version=&#8220;4.16&#8243; global_colors_info=&#8220;{}&#8220; button_text_size__hover_enabled=&#8220;off&#8220; button_one_text_size__hover_enabled=&#8220;off&#8220; button_two_text_size__hover_enabled=&#8220;off&#8220; button_text_color__hover_enabled=&#8220;off&#8220; button_one_text_color__hover_enabled=&#8220;off&#8220; button_two_text_color__hover_enabled=&#8220;off&#8220; button_border_width__hover_enabled=&#8220;off&#8220; button_one_border_width__hover_enabled=&#8220;off&#8220; button_two_border_width__hover_enabled=&#8220;off&#8220; button_border_color__hover_enabled=&#8220;off&#8220; button_one_border_color__hover_enabled=&#8220;off&#8220; button_two_border_color__hover_enabled=&#8220;off&#8220; button_border_radius__hover_enabled=&#8220;off&#8220; button_one_border_radius__hover_enabled=&#8220;off&#8220; button_two_border_radius__hover_enabled=&#8220;off&#8220; button_letter_spacing__hover_enabled=&#8220;off&#8220; button_one_letter_spacing__hover_enabled=&#8220;off&#8220; button_two_letter_spacing__hover_enabled=&#8220;off&#8220; button_bg_color__hover_enabled=&#8220;off&#8220; button_one_bg_color__hover_enabled=&#8220;off&#8220; button_two_bg_color__hover_enabled=&#8220;off&#8220;][\/et_pb_contact_field][et_pb_contact_field field_id=&#8220;Number_of_children&#8220; field_title=&#8220;Anzahl der Kinder&#8220; field_type=&#8220;select&#8220; select_options=&#8220;%91{%22value%22:%220%22,%22checked%22:0},{%22value%22:%221%22,%22checked%22:0},{%22value%22:%222%22,%22checked%22:0},{%22value%22:%223%22,%22checked%22:0},{%22value%22:%224%22,%22checked%22:0},{%22value%22:%225%22,%22checked%22:0},{%22value%22:%226%22,%22checked%22:0},{%22value%22:%227%22,%22checked%22:0},{%22value%22:%228%22,%22checked%22:0},{%22value%22:%229%22,%22checked%22:0},{%22value%22:%2210%22,%22checked%22:0}%93&#8243; _builder_version=&#8220;4.16&#8243; global_colors_info=&#8220;{}&#8220; button_text_size__hover_enabled=&#8220;off&#8220; button_one_text_size__hover_enabled=&#8220;off&#8220; button_two_text_size__hover_enabled=&#8220;off&#8220; button_text_color__hover_enabled=&#8220;off&#8220; button_one_text_color__hover_enabled=&#8220;off&#8220; button_two_text_color__hover_enabled=&#8220;off&#8220; button_border_width__hover_enabled=&#8220;off&#8220; button_one_border_width__hover_enabled=&#8220;off&#8220; button_two_border_width__hover_enabled=&#8220;off&#8220; button_border_color__hover_enabled=&#8220;off&#8220; button_one_border_color__hover_enabled=&#8220;off&#8220; button_two_border_color__hover_enabled=&#8220;off&#8220; button_border_radius__hover_enabled=&#8220;off&#8220; button_one_border_radius__hover_enabled=&#8220;off&#8220; button_two_border_radius__hover_enabled=&#8220;off&#8220; button_letter_spacing__hover_enabled=&#8220;off&#8220; button_one_letter_spacing__hover_enabled=&#8220;off&#8220; button_two_letter_spacing__hover_enabled=&#8220;off&#8220; button_bg_color__hover_enabled=&#8220;off&#8220; button_one_bg_color__hover_enabled=&#8220;off&#8220; button_two_bg_color__hover_enabled=&#8220;off&#8220;][\/et_pb_contact_field][et_pb_contact_field field_id=&#8220;Message&#8220; field_title=&#8220;Geben Sie Ihre bevorzugten Termine und besondere Anforderungen an. Wenn Sie bestimmte Vereinbarungen telefonisch besprechen m\u00f6chten, geben Sie bitte Ihre Telefonnummer an und eine bevorzugte Zeit wenn wir sie anrufen k\u00f6nnen.&#8220; field_type=&#8220;text&#8220; fullwidth_field=&#8220;on&#8220; _builder_version=&#8220;4.16&#8243; global_colors_info=&#8220;{}&#8220; button_text_size__hover_enabled=&#8220;off&#8220; button_one_text_size__hover_enabled=&#8220;off&#8220; button_two_text_size__hover_enabled=&#8220;off&#8220; button_text_color__hover_enabled=&#8220;off&#8220; button_one_text_color__hover_enabled=&#8220;off&#8220; button_two_text_color__hover_enabled=&#8220;off&#8220; button_border_width__hover_enabled=&#8220;off&#8220; button_one_border_width__hover_enabled=&#8220;off&#8220; button_two_border_width__hover_enabled=&#8220;off&#8220; button_border_color__hover_enabled=&#8220;off&#8220; button_one_border_color__hover_enabled=&#8220;off&#8220; button_two_border_color__hover_enabled=&#8220;off&#8220; button_border_radius__hover_enabled=&#8220;off&#8220; button_one_border_radius__hover_enabled=&#8220;off&#8220; button_two_border_radius__hover_enabled=&#8220;off&#8220; button_letter_spacing__hover_enabled=&#8220;off&#8220; button_one_letter_spacing__hover_enabled=&#8220;off&#8220; button_two_letter_spacing__hover_enabled=&#8220;off&#8220; button_bg_color__hover_enabled=&#8220;off&#8220; button_one_bg_color__hover_enabled=&#8220;off&#8220; button_two_bg_color__hover_enabled=&#8220;off&#8220;][\/et_pb_contact_field][\/et_pb_contact_form][\/et_pb_column][\/et_pb_row][\/et_pb_section]<\/p>\n","protected":false},"excerpt":{"rendered":"<p>2024 September &#8211; 2026 April (Preise in Euro f\u00fcr einen einw\u00f6chigen Aufenthalt) Das Haus verf\u00fcgt \u00fcber zwei separate Wohnungen, die zusammen oder getrennt gemietet werden k\u00f6nnen. Wir bieten niedrige Preise im Fr\u00fchling, Herbst und Winter (sonnig!) so dass Sie auch bei Gruppen mit weniger als 12 Personen viel Wert f\u00fcr Ihr Geld erhalten. Die Preise [&hellip;]<\/p>\n","protected":false},"author":1,"featured_media":1702,"parent":0,"menu_order":0,"comment_status":"closed","ping_status":"closed","template":"","meta":{"_et_pb_use_builder":"on","_et_pb_old_content":"","_et_gb_content_width":"","om_disable_all_campaigns":false,"_monsterinsights_skip_tracking":false,"_monsterinsights_sitenote_active":false,"_monsterinsights_sitenote_note":"","_monsterinsights_sitenote_category":0,"_uf_show_specific_survey":0,"_uf_disable_surveys":false,"footnotes":""},"class_list":["post-2854","page","type-page","status-publish","has-post-thumbnail","hentry"],"aioseo_notices":[],"_links":{"self":[{"href":"https:\/\/hilltophideaway.es\/de\/wp-json\/wp\/v2\/pages\/2854","targetHints":{"allow":["GET"]}}],"collection":[{"href":"https:\/\/hilltophideaway.es\/de\/wp-json\/wp\/v2\/pages"}],"about":[{"href":"https:\/\/hilltophideaway.es\/de\/wp-json\/wp\/v2\/types\/page"}],"author":[{"embeddable":true,"href":"https:\/\/hilltophideaway.es\/de\/wp-json\/wp\/v2\/users\/1"}],"replies":[{"embeddable":true,"href":"https:\/\/hilltophideaway.es\/de\/wp-json\/wp\/v2\/comments?post=2854"}],"version-history":[{"count":39,"href":"https:\/\/hilltophideaway.es\/de\/wp-json\/wp\/v2\/pages\/2854\/revisions"}],"predecessor-version":[{"id":3334,"href":"https:\/\/hilltophideaway.es\/de\/wp-json\/wp\/v2\/pages\/2854\/revisions\/3334"}],"wp:featuredmedia":[{"embeddable":true,"href":"https:\/\/hilltophideaway.es\/de\/wp-json\/wp\/v2\/media\/1702"}],"wp:attachment":[{"href":"https:\/\/hilltophideaway.es\/de\/wp-json\/wp\/v2\/media?parent=2854"}],"curies":[{"name":"wp","href":"https:\/\/api.w.org\/{rel}","templated":true}]}}