{"id":2835,"date":"2019-05-07T15:17:01","date_gmt":"2019-05-07T22:17:01","guid":{"rendered":"http:\/\/hilltophideaway.es\/galerie\/"},"modified":"2019-05-31T01:11:26","modified_gmt":"2019-05-31T08:11:26","slug":"bildergalerie","status":"publish","type":"page","link":"https:\/\/hilltophideaway.es\/de\/bildergalerie\/","title":{"rendered":"Bildergalerie"},"content":{"rendered":"<p>[et_pb_section bb_built=&#8220;1&#8243; _builder_version=&#8220;3.0.69&#8243; custom_padding=&#8220;42.1875px|0px|0|0px|false|false&#8220; next_background_color=&#8220;#000000&#8243;][et_pb_row _builder_version=&#8220;3.0.48&#8243; background_size=&#8220;initial&#8220; background_position=&#8220;top_left&#8220; background_repeat=&#8220;repeat&#8220;][et_pb_column type=&#8220;4_4&#8243;][et_pb_post_title meta=&#8220;off&#8220; featured_image=&#8220;off&#8220; _builder_version=&#8220;3.17.6&#8243; title_font=&#8220;Playfair Display||||&#8220; title_font_size=&#8220;44px&#8220; \/][\/et_pb_column][\/et_pb_row][\/et_pb_section][et_pb_section bb_built=&#8220;1&#8243; disabled_on=&#8220;off|off|off&#8220; _builder_version=&#8220;3.17.6&#8243; custom_padding=&#8220;25px|0px|42.1875px|0px|false|false&#8220; prev_background_color=&#8220;#000000&#8243; next_background_color=&#8220;#000000&#8243;][et_pb_row width_unit=&#8220;off&#8220; custom_width_percent=&#8220;94%&#8220; use_custom_gutter=&#8220;on&#8220; gutter_width=&#8220;1&#8243; custom_padding=&#8220;0|0px|0|0px|false|false&#8220; _builder_version=&#8220;3.17.6&#8243; use_background_color_gradient=&#8220;on&#8220; background_color_gradient_start=&#8220;rgba(242,178,138,0.6)&#8220; background_color_gradient_end=&#8220;rgba(0,0,0,0.52)&#8220; background_color_gradient_direction=&#8220;90deg&#8220; box_shadow_style=&#8220;preset1&#8243; box_shadow_horizontal=&#8220;4px&#8220; box_shadow_vertical=&#8220;4px&#8220; box_shadow_color=&#8220;rgba(0,0,0,0.71)&#8220;][et_pb_column type=&#8220;1_3&#8243;][et_pb_image src=&#8220;http:\/\/hilltophideaway.es\/wp-content\/uploads\/2018\/11\/bedroom-2-double-window.jpg&#8220; url=&#8220;http:\/\/hilltophideaway.es\/de\/bildergalerie\/bildergalerie-erdgeschoss\/&#8220; show_bottom_space=&#8220;off&#8220; force_fullwidth=&#8220;on&#8220; _builder_version=&#8220;3.17.6&#8243; box_shadow_style=&#8220;preset3&#8243; \/][et_pb_text admin_label=&#8220;Ground floor&#8220; module_class=&#8220;ds-advent-6-text-hide&#8220; _builder_version=&#8220;3.17.6&#8243; text_font=&#8220;|||on|||||&#8220; text_font_size=&#8220;30px&#8220; text_line_height=&#8220;1em&#8220; use_background_color_gradient=&#8220;on&#8220; background_color_gradient_start=&#8220;rgba(242,192,162,0.55)&#8220; background_color_gradient_end=&#8220;rgba(0,0,0,0.55)&#8220; background_color_gradient_direction=&#8220;90deg&#8220; box_shadow_style=&#8220;preset1&#8243; box_shadow_horizontal=&#8220;4px&#8220; box_shadow_vertical=&#8220;4px&#8220; box_shadow_color=&#8220;rgba(0,0,0,0.71)&#8220; text_orientation=&#8220;center&#8220; background_layout=&#8220;dark&#8220; module_alignment=&#8220;center&#8220; custom_padding=&#8220;20px|20px|20px|20px&#8220; filter_contrast=&#8220;200%&#8220; filter_opacity=&#8220;91%&#8220; link_option_url=&#8220;http:\/\/hilltophideaway.es\/de\/bildergalerie\/bildergalerie-erdgeschoss\/&#8220;]<\/p>\n<p><a href=\"http:\/\/hilltophideaway.es\/de\/bildergalerie\/bildergalerie-erdgeschoss\/\"> <mark>Erdgeschoss<\/mark><\/a><\/p>\n<p>[\/et_pb_text][\/et_pb_column][et_pb_column type=&#8220;1_3&#8243;][et_pb_image src=&#8220;http:\/\/hilltophideaway.es\/wp-content\/uploads\/2018\/11\/apartment-living-couch.jpg&#8220; url=&#8220;http:\/\/hilltophideaway.es\/de\/bildergalerie\/bildergalerie-wohnung-im-obergeschoss\/&#8220; show_bottom_space=&#8220;off&#8220; force_fullwidth=&#8220;on&#8220; _builder_version=&#8220;3.17.6&#8243; box_shadow_style=&#8220;preset3&#8243; \/][et_pb_text admin_label=&#8220;Upstairs&#8220; module_class=&#8220;ds-advent-6-text-hide&#8220; _builder_version=&#8220;3.17.6&#8243; text_font=&#8220;|||on|||||&#8220; text_font_size=&#8220;30px&#8220; text_line_height=&#8220;1em&#8220; use_background_color_gradient=&#8220;on&#8220; background_color_gradient_start=&#8220;rgba(242,178,138,0.6)&#8220; background_color_gradient_end=&#8220;rgba(0,0,0,0.52)&#8220; background_color_gradient_direction=&#8220;90deg&#8220; box_shadow_style=&#8220;preset1&#8243; box_shadow_horizontal=&#8220;4px&#8220; box_shadow_vertical=&#8220;4px&#8220; box_shadow_color=&#8220;rgba(0,0,0,0.71)&#8220; text_orientation=&#8220;center&#8220; background_layout=&#8220;dark&#8220; module_alignment=&#8220;center&#8220; custom_padding=&#8220;20px|20px|20px|20px&#8220; link_option_url=&#8220;http:\/\/hilltophideaway.es\/de\/bildergalerie\/bildergalerie-wohnung-im-obergeschoss\/&#8220;]<\/p>\n<p><a href=\"http:\/\/hilltophideaway.es\/de\/bildergalerie\/bildergalerie-wohnung-im-obergeschoss\/\">Wohnung im <mark>Obergeschoss<\/mark><\/a><\/p>\n<p>[\/et_pb_text][\/et_pb_column][et_pb_column type=&#8220;1_3&#8243;][et_pb_image src=&#8220;http:\/\/hilltophideaway.es\/wp-content\/uploads\/2018\/06\/apartment-view-from-the-terrace.jpg&#8220; url=&#8220;http:\/\/hilltophideaway.es\/de\/bildergalerie\/bildergalerie-garten-und-poolbereich\/&#8220; show_bottom_space=&#8220;off&#8220; force_fullwidth=&#8220;on&#8220; _builder_version=&#8220;3.17.6&#8243; box_shadow_style=&#8220;preset3&#8243; \/][et_pb_text admin_label=&#8220;Garden and pool&#8220; module_class=&#8220;ds-advent-6-text-hide&#8220; _builder_version=&#8220;3.17.6&#8243; text_font=&#8220;|||on|||||&#8220; text_font_size=&#8220;30px&#8220; text_line_height=&#8220;1em&#8220; use_background_color_gradient=&#8220;on&#8220; background_color_gradient_start=&#8220;rgba(242,178,138,0.6)&#8220; background_color_gradient_end=&#8220;rgba(0,0,0,0.52)&#8220; background_color_gradient_direction=&#8220;90deg&#8220; text_orientation=&#8220;center&#8220; background_layout=&#8220;dark&#8220; module_alignment=&#8220;center&#8220; custom_padding=&#8220;20px|20px|20px|20px&#8220; link_option_url=&#8220;http:\/\/hilltophideaway.es\/de\/bildergalerie\/bildergalerie-garten-und-poolbereich\/&#8220;]<\/p>\n<p><a href=\"http:\/\/hilltophideaway.es\/de\/bildergalerie\/bildergalerie-garten-und-poolbereich\/\">Garten und <mark>Poolbereich<\/mark><\/a><\/p>\n<p>[\/et_pb_text][\/et_pb_column][\/et_pb_row][et_pb_row width_unit=&#8220;off&#8220; custom_width_percent=&#8220;94%&#8220; use_custom_gutter=&#8220;on&#8220; gutter_width=&#8220;1&#8243; custom_padding=&#8220;0|0px|0|0px|false|false&#8220; _builder_version=&#8220;3.17.6&#8243; box_shadow_style=&#8220;preset1&#8243; box_shadow_horizontal=&#8220;4px&#8220; box_shadow_vertical=&#8220;4px&#8220; box_shadow_color=&#8220;rgba(0,0,0,0.71)&#8220;][et_pb_column type=&#8220;1_3&#8243;][et_pb_image src=&#8220;http:\/\/hilltophideaway.es\/wp-content\/uploads\/2018\/11\/alhambra-water-fountain-1440.jpg&#8220; url=&#8220;http:\/\/hilltophideaway.es\/de\/bildergalerie\/bildergalerie-granada\/&#8220; show_bottom_space=&#8220;off&#8220; force_fullwidth=&#8220;on&#8220; _builder_version=&#8220;3.17.6&#8243; box_shadow_style=&#8220;preset3&#8243; \/][et_pb_text admin_label=&#8220;Granada&#8220; module_class=&#8220;ds-advent-6-text-hide&#8220; _builder_version=&#8220;3.17.6&#8243; text_font=&#8220;|||on|||||&#8220; text_font_size=&#8220;30px&#8220; text_line_height=&#8220;1em&#8220; use_background_color_gradient=&#8220;on&#8220; background_color_gradient_start=&#8220;rgba(242,178,138,0.6)&#8220; background_color_gradient_end=&#8220;rgba(0,0,0,0.52)&#8220; background_color_gradient_direction=&#8220;90deg&#8220; box_shadow_style=&#8220;preset1&#8243; box_shadow_horizontal=&#8220;4px&#8220; box_shadow_vertical=&#8220;4px&#8220; box_shadow_color=&#8220;rgba(0,0,0,0.71)&#8220; text_orientation=&#8220;center&#8220; background_layout=&#8220;dark&#8220; module_alignment=&#8220;center&#8220; custom_padding=&#8220;20px|20px|20px|20px&#8220; link_option_url=&#8220;http:\/\/hilltophideaway.es\/de\/bildergalerie\/bildergalerie-granada\/&#8220;]<\/p>\n<p>\n<a href=\"http:\/\/hilltophideaway.es\/de\/bildergalerie\/bildergalerie-granada\/\"><mark>Granada<\/mark><\/a><\/p>\n<p>[\/et_pb_text][\/et_pb_column][et_pb_column type=&#8220;1_3&#8243;][et_pb_image src=&#8220;http:\/\/hilltophideaway.es\/wp-content\/uploads\/2018\/11\/Iznajar-lake-beach.jpg&#8220; url=&#8220;http:\/\/hilltophideaway.es\/de\/bildergalerie\/bildergalerie-iznajar\/&#8220; show_bottom_space=&#8220;off&#8220; force_fullwidth=&#8220;on&#8220; _builder_version=&#8220;3.17.6&#8243; box_shadow_style=&#8220;preset3&#8243; \/][et_pb_text admin_label=&#8220;Iznajar&#8220; module_class=&#8220;ds-advent-6-text-hide&#8220; _builder_version=&#8220;3.17.6&#8243; text_font=&#8220;|||on|||||&#8220; text_font_size=&#8220;30px&#8220; text_line_height=&#8220;1em&#8220; use_background_color_gradient=&#8220;on&#8220; background_color_gradient_start=&#8220;rgba(242,178,138,0.6)&#8220; background_color_gradient_end=&#8220;rgba(0,0,0,0.52)&#8220; background_color_gradient_direction=&#8220;90deg&#8220; box_shadow_style=&#8220;preset1&#8243; box_shadow_horizontal=&#8220;4px&#8220; box_shadow_vertical=&#8220;4px&#8220; box_shadow_color=&#8220;rgba(0,0,0,0.71)&#8220; text_orientation=&#8220;center&#8220; background_layout=&#8220;dark&#8220; module_alignment=&#8220;center&#8220; custom_padding=&#8220;20px|20px|20px|20px&#8220; link_option_url=&#8220;http:\/\/hilltophideaway.es\/de\/bildergalerie\/bildergalerie-iznajar\/&#8220;]<\/p>\n<p><a href=\"http:\/\/hilltophideaway.es\/de\/bildergalerie\/bildergalerie-iznajar\/\"> <mark>Izn\u00e1jar<\/mark><\/a><\/p>\n<p>[\/et_pb_text][\/et_pb_column][et_pb_column type=&#8220;1_3&#8243;][et_pb_image src=&#8220;http:\/\/hilltophideaway.es\/wp-content\/uploads\/2018\/11\/spain-2027611_1280-copy.jpg&#8220; url=&#8220;http:\/\/hilltophideaway.es\/de\/bildergalerie\/bildergalerie-cordoba\/&#8220; show_bottom_space=&#8220;off&#8220; force_fullwidth=&#8220;on&#8220; _builder_version=&#8220;3.17.6&#8243; box_shadow_style=&#8220;preset3&#8243; \/][et_pb_text admin_label=&#8220;Cordoba&#8220; module_class=&#8220;ds-advent-6-text-hide&#8220; _builder_version=&#8220;3.17.6&#8243; text_font=&#8220;|||on|||||&#8220; text_font_size=&#8220;30px&#8220; text_line_height=&#8220;1em&#8220; use_background_color_gradient=&#8220;on&#8220; background_color_gradient_start=&#8220;rgba(242,178,138,0.6)&#8220; background_color_gradient_end=&#8220;rgba(0,0,0,0.52)&#8220; background_color_gradient_direction=&#8220;90deg&#8220; text_orientation=&#8220;center&#8220; background_layout=&#8220;dark&#8220; module_alignment=&#8220;center&#8220; custom_padding=&#8220;20px|20px|20px|20px&#8220; link_option_url=&#8220;http:\/\/hilltophideaway.es\/de\/bildergalerie\/bildergalerie-cordoba\/&#8220;]<\/p>\n<p>\n<a href=\"http:\/\/hilltophideaway.es\/de\/bildergalerie\/bildergalerie-cordoba\/\"> <mark>C\u00f3rdoba<\/mark><\/a><\/p>\n<p>[\/et_pb_text][\/et_pb_column][\/et_pb_row][et_pb_row width_unit=&#8220;off&#8220; custom_width_percent=&#8220;94%&#8220; use_custom_gutter=&#8220;on&#8220; gutter_width=&#8220;1&#8243; custom_padding=&#8220;0|0px|0|0px|false|false&#8220; _builder_version=&#8220;3.17.6&#8243; box_shadow_style=&#8220;preset1&#8243; box_shadow_horizontal=&#8220;4px&#8220; box_shadow_vertical=&#8220;4px&#8220; box_shadow_color=&#8220;rgba(0,0,0,0.71)&#8220;][et_pb_column type=&#8220;1_3&#8243;][et_pb_image src=&#8220;http:\/\/hilltophideaway.es\/wp-content\/uploads\/2018\/11\/sierra-subbetica-1440.jpg&#8220; url=&#8220;http:\/\/hilltophideaway.es\/de\/bildergalerie\/bildergalerie-wandern-und-sport\/&#8220; show_bottom_space=&#8220;off&#8220; force_fullwidth=&#8220;on&#8220; _builder_version=&#8220;3.17.6&#8243; box_shadow_style=&#8220;preset3&#8243; \/][et_pb_text admin_label=&#8220;Hiking and sports&#8220; module_class=&#8220;ds-advent-6-text-hide&#8220; _builder_version=&#8220;3.17.6&#8243; text_font=&#8220;|||on|||||&#8220; text_font_size=&#8220;30px&#8220; text_line_height=&#8220;1em&#8220; use_background_color_gradient=&#8220;on&#8220; background_color_gradient_start=&#8220;rgba(242,178,138,0.6)&#8220; background_color_gradient_end=&#8220;rgba(0,0,0,0.52)&#8220; background_color_gradient_direction=&#8220;90deg&#8220; box_shadow_style=&#8220;preset1&#8243; box_shadow_horizontal=&#8220;4px&#8220; box_shadow_vertical=&#8220;4px&#8220; box_shadow_color=&#8220;rgba(0,0,0,0.71)&#8220; text_orientation=&#8220;center&#8220; background_layout=&#8220;dark&#8220; module_alignment=&#8220;center&#8220; custom_padding=&#8220;20px|20px|20px|20px&#8220; link_option_url=&#8220;http:\/\/hilltophideaway.es\/de\/bildergalerie\/bildergalerie-wandern-und-sport\/&#8220;]<\/p>\n<p><a href=\"http:\/\/hilltophideaway.es\/de\/bildergalerie\/bildergalerie-wandern-und-sport\/\">Wandern und<mark>Sport<\/mark><\/a><\/p>\n<p>[\/et_pb_text][\/et_pb_column][et_pb_column type=&#8220;1_3&#8243;][et_pb_image src=&#8220;http:\/\/hilltophideaway.es\/wp-content\/uploads\/2018\/11\/Priego-de-Crodoba-courtyard-1440.jpg&#8220; url=&#8220;http:\/\/hilltophideaway.es\/de\/bildergalerie\/bildergalerie-priego-de-cordoba\/&#8220; show_bottom_space=&#8220;off&#8220; force_fullwidth=&#8220;on&#8220; _builder_version=&#8220;3.17.6&#8243; box_shadow_style=&#8220;preset3&#8243; \/][et_pb_text admin_label=&#8220;Priego de C\u00f3rdoba&#8220; module_class=&#8220;ds-advent-6-text-hide&#8220; _builder_version=&#8220;3.17.6&#8243; text_font=&#8220;|||on|||||&#8220; text_font_size=&#8220;30px&#8220; text_line_height=&#8220;1em&#8220; use_background_color_gradient=&#8220;on&#8220; background_color_gradient_start=&#8220;rgba(242,178,138,0.6)&#8220; background_color_gradient_end=&#8220;rgba(0,0,0,0.52)&#8220; background_color_gradient_direction=&#8220;90deg&#8220; box_shadow_style=&#8220;preset1&#8243; box_shadow_horizontal=&#8220;4px&#8220; box_shadow_vertical=&#8220;4px&#8220; box_shadow_color=&#8220;rgba(0,0,0,0.71)&#8220; text_orientation=&#8220;center&#8220; background_layout=&#8220;dark&#8220; module_alignment=&#8220;center&#8220; custom_padding=&#8220;20px|20px|20px|20px&#8220; link_option_url=&#8220;http:\/\/hilltophideaway.es\/de\/bildergalerie\/bildergalerie-priego-de-cordoba\/&#8220;]<\/p>\n<p><a href=\"http:\/\/hilltophideaway.es\/de\/bildergalerie\/bildergalerie-priego-de-cordoba\/\">Priego de<mark>C\u00f3rdoba<\/mark><\/a><\/p>\n<p>[\/et_pb_text][\/et_pb_column][et_pb_column type=&#8220;1_3&#8243;][et_pb_image src=&#8220;http:\/\/hilltophideaway.es\/wp-content\/uploads\/2018\/11\/Malaga-old-town-skyline-1440-1.jpg&#8220; url=&#8220;http:\/\/hilltophideaway.es\/de\/bildergalerie\/bildergalerie-malaga\/&#8220; show_bottom_space=&#8220;off&#8220; force_fullwidth=&#8220;on&#8220; _builder_version=&#8220;3.17.6&#8243; box_shadow_style=&#8220;preset3&#8243; \/][et_pb_text admin_label=&#8220;Malaga&#8220; module_class=&#8220;ds-advent-6-text-hide&#8220; _builder_version=&#8220;3.17.6&#8243; text_font=&#8220;|||on|||||&#8220; text_font_size=&#8220;30px&#8220; text_line_height=&#8220;1em&#8220; use_background_color_gradient=&#8220;on&#8220; background_color_gradient_start=&#8220;rgba(242,178,138,0.6)&#8220; background_color_gradient_end=&#8220;rgba(0,0,0,0.52)&#8220; background_color_gradient_direction=&#8220;90deg&#8220; text_orientation=&#8220;center&#8220; background_layout=&#8220;dark&#8220; module_alignment=&#8220;center&#8220; custom_padding=&#8220;20px|20px|20px|20px&#8220; link_option_url=&#8220;http:\/\/hilltophideaway.es\/de\/bildergalerie\/bildergalerie-malaga\/&#8220;]<\/p>\n<p><a href=\"http:\/\/hilltophideaway.es\/de\/bildergalerie\/bildergalerie-malaga\/\"> <mark>M\u00e1laga<\/mark><\/a><\/p>\n<p>[\/et_pb_text][\/et_pb_column][\/et_pb_row][\/et_pb_section][et_pb_section bb_built=&#8220;1&#8243; _builder_version=&#8220;3.17.6&#8243; custom_padding=&#8220;0|0px|0|0px|false|false&#8220; prev_background_color=&#8220;#000000&#8243;][et_pb_row _builder_version=&#8220;3.17.6&#8243; custom_padding=&#8220;21.0938px|0px|0|0px|false|false&#8220;][et_pb_column type=&#8220;4_4&#8243;][et_pb_code _builder_version=&#8220;3.17.6&#8243;]<\/p>\n<style><!-- [et_pb_line_break_holder] -->\/*************Advent Calendar 2017 - 6*************\/<!-- [et_pb_line_break_holder] -->\/******Three Easy to Edit Image Hover Effects******\/<!-- [et_pb_line_break_holder] -->\/******************By Divi Soup********************\/<!-- [et_pb_line_break_holder] --><!-- [et_pb_line_break_holder] --><!-- [et_pb_line_break_holder] -->\/***Effect 1 - Show text on hover***\/<!-- [et_pb_line_break_holder] --><!-- [et_pb_line_break_holder] --><!-- [et_pb_line_break_holder] -->\/*Postion the text module and centrally align text*\/<!-- [et_pb_line_break_holder] --><!-- [et_pb_line_break_holder] -->.ds-advent-6-text-show {<!-- [et_pb_line_break_holder] -->    position: absolute;<!-- [et_pb_line_break_holder] -->    top: 0;<!-- [et_pb_line_break_holder] -->    left: 0;<!-- [et_pb_line_break_holder] -->    width: 100%;<!-- [et_pb_line_break_holder] -->    height: 100%;<!-- [et_pb_line_break_holder] -->    cursor: pointer;<!-- [et_pb_line_break_holder] -->    display: -webkit-box;<!-- [et_pb_line_break_holder] -->    display: -ms-flexbox;<!-- [et_pb_line_break_holder] -->    display: flex;<!-- [et_pb_line_break_holder] -->    -webkit-box-orient: vertical;<!-- [et_pb_line_break_holder] -->    -webkit-box-direction: normal;<!-- [et_pb_line_break_holder] -->    -ms-flex-direction: column;<!-- [et_pb_line_break_holder] -->    flex-direction: column;<!-- [et_pb_line_break_holder] -->    -webkit-box-pack: center;<!-- [et_pb_line_break_holder] -->    -ms-flex-pack: center;<!-- [et_pb_line_break_holder] -->    justify-content: center;<!-- [et_pb_line_break_holder] -->    -webkit-transition: all .7s ease;<!-- [et_pb_line_break_holder] -->    transition: all .7s ease;<!-- [et_pb_line_break_holder] -->    opacity: 0;<!-- [et_pb_line_break_holder] -->}<!-- [et_pb_line_break_holder] --><!-- [et_pb_line_break_holder] --><!-- [et_pb_line_break_holder] -->\/*Show text on hover*\/<!-- [et_pb_line_break_holder] --><!-- [et_pb_line_break_holder] -->.ds-advent-6-text-show:hover {<!-- [et_pb_line_break_holder] -->    opacity: 1;<!-- [et_pb_line_break_holder] -->}<!-- [et_pb_line_break_holder] --><!-- [et_pb_line_break_holder] --><!-- [et_pb_line_break_holder] -->\/*Text link colour*\/<!-- [et_pb_line_break_holder] --><!-- [et_pb_line_break_holder] -->.ds-advent-6-text-show a {<!-- [et_pb_line_break_holder] -->    color: #fff;<!-- [et_pb_line_break_holder] -->}<!-- [et_pb_line_break_holder] --><!-- [et_pb_line_break_holder] --><!-- [et_pb_line_break_holder] -->\/*Bold text*\/<!-- [et_pb_line_break_holder] --><!-- [et_pb_line_break_holder] -->.ds-advent-6-text-show mark {<!-- [et_pb_line_break_holder] -->    display: block;<!-- [et_pb_line_break_holder] -->    background: transparent;<!-- [et_pb_line_break_holder] -->    font-weight: bold;<!-- [et_pb_line_break_holder] -->    color: #fff;<!-- [et_pb_line_break_holder] -->}<!-- [et_pb_line_break_holder] --><!-- [et_pb_line_break_holder] -->\/***End Effect 1 - Show text on hover***\/<!-- [et_pb_line_break_holder] --><!-- [et_pb_line_break_holder] -->\/***Effect 2 - Hide text on hover***\/<!-- [et_pb_line_break_holder] --><!-- [et_pb_line_break_holder] --><!-- [et_pb_line_break_holder] -->\/*Postion the text module and centrally align text*\/<!-- [et_pb_line_break_holder] --><!-- [et_pb_line_break_holder] -->.ds-advent-6-text-hide {<!-- [et_pb_line_break_holder] -->    position: absolute;<!-- [et_pb_line_break_holder] -->    top: 0;<!-- [et_pb_line_break_holder] -->    left: 0;<!-- [et_pb_line_break_holder] -->    width: 100%;<!-- [et_pb_line_break_holder] -->    height: 100%;<!-- [et_pb_line_break_holder] -->    cursor: pointer;<!-- [et_pb_line_break_holder] -->    display: -webkit-box;<!-- [et_pb_line_break_holder] -->    display: -ms-flexbox;<!-- [et_pb_line_break_holder] -->    display: flex;<!-- [et_pb_line_break_holder] -->    -webkit-box-orient: vertical;<!-- [et_pb_line_break_holder] -->    -webkit-box-direction: normal;<!-- [et_pb_line_break_holder] -->    -ms-flex-direction: column;<!-- [et_pb_line_break_holder] -->    flex-direction: column;<!-- [et_pb_line_break_holder] -->    -webkit-box-pack: center;<!-- [et_pb_line_break_holder] -->    -ms-flex-pack: center;<!-- [et_pb_line_break_holder] -->    justify-content: center;<!-- [et_pb_line_break_holder] -->    -webkit-transition: all .7s ease;<!-- [et_pb_line_break_holder] -->    transition: all .7s ease;<!-- [et_pb_line_break_holder] -->    opacity: 1;<!-- [et_pb_line_break_holder] -->}<!-- [et_pb_line_break_holder] --><!-- [et_pb_line_break_holder] --><!-- [et_pb_line_break_holder] -->\/*Hide text on hover*\/<!-- [et_pb_line_break_holder] --><!-- [et_pb_line_break_holder] -->.ds-advent-6-text-hide:hover {<!-- [et_pb_line_break_holder] -->    opacity: 0;<!-- [et_pb_line_break_holder] -->}<!-- [et_pb_line_break_holder] --><!-- [et_pb_line_break_holder] --><!-- [et_pb_line_break_holder] -->\/*Text link colour*\/<!-- [et_pb_line_break_holder] --><!-- [et_pb_line_break_holder] -->.ds-advent-6-text-hide a {<!-- [et_pb_line_break_holder] -->    color: #fff;<!-- [et_pb_line_break_holder] -->}<!-- [et_pb_line_break_holder] --><!-- [et_pb_line_break_holder] --><!-- [et_pb_line_break_holder] -->\/*Bold text*\/<!-- [et_pb_line_break_holder] --><!-- [et_pb_line_break_holder] -->.ds-advent-6-text-hide mark {<!-- [et_pb_line_break_holder] -->    display: block;<!-- [et_pb_line_break_holder] -->    background: transparent;<!-- [et_pb_line_break_holder] -->    font-weight: bold;<!-- [et_pb_line_break_holder] -->    color: #fff;<!-- [et_pb_line_break_holder] -->}<!-- [et_pb_line_break_holder] --><!-- [et_pb_line_break_holder] -->\/***End Effect 2 - Hide text on hover***\/<!-- [et_pb_line_break_holder] --><!-- [et_pb_line_break_holder] -->\/***Effect 3 - Image swap on hover***\/<!-- [et_pb_line_break_holder] --><!-- [et_pb_line_break_holder] --><!-- [et_pb_line_break_holder] -->\/*Position the image to be shown on hover*\/<!-- [et_pb_line_break_holder] --><!-- [et_pb_line_break_holder] -->.ds-advent-6-image-swap {<!-- [et_pb_line_break_holder] -->    position: absolute;<!-- [et_pb_line_break_holder] -->    top: 0;<!-- [et_pb_line_break_holder] -->    left: 0;<!-- [et_pb_line_break_holder] -->    opacity: 0;<!-- [et_pb_line_break_holder] -->    -webkit-transition: all 1s ease-in-out;<!-- [et_pb_line_break_holder] -->    transition: all 1s ease-in-out;<!-- [et_pb_line_break_holder] -->}<!-- [et_pb_line_break_holder] --><!-- [et_pb_line_break_holder] --><!-- [et_pb_line_break_holder] -->\/*Show the image on hover*\/<!-- [et_pb_line_break_holder] --><!-- [et_pb_line_break_holder] -->.ds-advent-6-image-swap:hover {<!-- [et_pb_line_break_holder] -->    opacity: 1;<!-- [et_pb_line_break_holder] -->}<!-- [et_pb_line_break_holder] --><!-- [et_pb_line_break_holder] -->\/***End Effect 3 - Image swap on hover***\/<!-- [et_pb_line_break_holder] --><!-- [et_pb_line_break_holder] -->\/*************Advent Calendar 2017 - 6*************\/<!-- [et_pb_line_break_holder] -->\/***End - Three to Edit Easy Image Hover Effects***\/<!-- [et_pb_line_break_holder] -->\/******************By Divi Soup********************\/<!-- [et_pb_line_break_holder] --><\/style>\n<p>[\/et_pb_code][\/et_pb_column][\/et_pb_row][\/et_pb_section]<\/p>\n","protected":false},"excerpt":{"rendered":"<p>Erdgeschoss Wohnung im Obergeschoss Garten und Poolbereich Granada Izn\u00e1jar C\u00f3rdoba Wandern undSport Priego deC\u00f3rdoba M\u00e1laga<\/p>\n","protected":false},"author":1,"featured_media":1760,"parent":0,"menu_order":0,"comment_status":"closed","ping_status":"closed","template":"","meta":{"_et_pb_use_builder":"on","_et_pb_old_content":"","_et_gb_content_width":"","om_disable_all_campaigns":false,"_monsterinsights_skip_tracking":false,"_monsterinsights_sitenote_active":false,"_monsterinsights_sitenote_note":"","_monsterinsights_sitenote_category":0,"_uf_show_specific_survey":0,"_uf_disable_surveys":false,"footnotes":""},"class_list":["post-2835","page","type-page","status-publish","has-post-thumbnail","hentry"],"aioseo_notices":[],"_links":{"self":[{"href":"https:\/\/hilltophideaway.es\/de\/wp-json\/wp\/v2\/pages\/2835","targetHints":{"allow":["GET"]}}],"collection":[{"href":"https:\/\/hilltophideaway.es\/de\/wp-json\/wp\/v2\/pages"}],"about":[{"href":"https:\/\/hilltophideaway.es\/de\/wp-json\/wp\/v2\/types\/page"}],"author":[{"embeddable":true,"href":"https:\/\/hilltophideaway.es\/de\/wp-json\/wp\/v2\/users\/1"}],"replies":[{"embeddable":true,"href":"https:\/\/hilltophideaway.es\/de\/wp-json\/wp\/v2\/comments?post=2835"}],"version-history":[{"count":9,"href":"https:\/\/hilltophideaway.es\/de\/wp-json\/wp\/v2\/pages\/2835\/revisions"}],"predecessor-version":[{"id":2917,"href":"https:\/\/hilltophideaway.es\/de\/wp-json\/wp\/v2\/pages\/2835\/revisions\/2917"}],"wp:featuredmedia":[{"embeddable":true,"href":"https:\/\/hilltophideaway.es\/de\/wp-json\/wp\/v2\/media\/1760"}],"wp:attachment":[{"href":"https:\/\/hilltophideaway.es\/de\/wp-json\/wp\/v2\/media?parent=2835"}],"curies":[{"name":"wp","href":"https:\/\/api.w.org\/{rel}","templated":true}]}}