{"id":2831,"date":"2019-05-07T15:08:54","date_gmt":"2019-05-07T22:08:54","guid":{"rendered":"http:\/\/hilltophideaway.es\/bewertungen\/"},"modified":"2019-05-07T15:08:55","modified_gmt":"2019-05-07T22:08:55","slug":"bewertungen","status":"publish","type":"page","link":"https:\/\/hilltophideaway.es\/de\/bewertungen\/","title":{"rendered":"Bewertungen"},"content":{"rendered":"<p>[et_pb_section fb_built=&#8220;1&#8243; _builder_version=&#8220;3.17.6&#8243; custom_padding=&#8220;||0px|&#8220;][et_pb_row _builder_version=&#8220;3.0.48&#8243; background_size=&#8220;initial&#8220; background_position=&#8220;top_left&#8220; background_repeat=&#8220;repeat&#8220;][et_pb_column type=&#8220;4_4&#8243; _builder_version=&#8220;3.0.47&#8243; parallax=&#8220;off&#8220; parallax_method=&#8220;on&#8220;][et_pb_post_title meta=&#8220;off&#8220; featured_image=&#8220;off&#8220; _builder_version=&#8220;3.0.89&#8243; title_font=&#8220;Playfair Display||||||||&#8220; title_font_size=&#8220;44px&#8220;]<\/p>\n<p>[\/et_pb_post_title][et_pb_text _builder_version=&#8220;3.17.6&#8243;]<\/p>\n<p>Wir haben viele ausgezeichnete Bewertungen von unseren G\u00e4sten erhalten. Nachfolgend einige Ausz\u00fcge von einigen von ihnen. F\u00fcr weitere Bewertungen besuchen Sie bitte<a href=\"https:\/\/www.tripadvisor.com\/Hotel_Review-g1210275-d1423057-Reviews-Brazos_Abiertos_Casa_Rural-Iznajar_Province_of_Cordoba_Andalucia.html\" target=\"_blank\" rel=\"noopener noreferrer\">Tripadvisor<\/a>, <a href=\"https:\/\/www.homeaway.co.uk\/p8448186#reviews\" target=\"_blank\" rel=\"noopener noreferrer\">Homeaway<\/a> und unsere <a href=\"https:\/\/www.facebook.com\/casabrazosabiertos\/reviews\/\" target=\"_blank\" rel=\"noopener noreferrer\">Facebook Seite<\/a>.<\/p>\n<p>[\/et_pb_text][\/et_pb_column][\/et_pb_row][et_pb_row _builder_version=&#8220;3.0.89&#8243;][et_pb_column type=&#8220;4_4&#8243; _builder_version=&#8220;3.0.47&#8243; parallax=&#8220;off&#8220; parallax_method=&#8220;on&#8220;][et_pb_divider color=&#8220;rgba(0,0,0,0.15)&#8220; divider_position=&#8220;center&#8220; divider_weight=&#8220;3px&#8220; height=&#8220;6px&#8220; _builder_version=&#8220;3.2&#8243; max_width=&#8220;50%&#8220; module_alignment=&#8220;center&#8220;]<\/p>\n<p>[\/et_pb_divider][et_pb_text _builder_version=&#8220;3.0.89&#8243; text_font_size=&#8220;23px&#8220; text_line_height=&#8220;1.8em&#8220; custom_padding=&#8220;15px|||&#8220;]<\/p>\n<p style=\"text-align: center;\"><em>\u201cFantastic peaceful and scenic location\u201d<\/em><\/p>\n<p>[\/et_pb_text][et_pb_divider color=&#8220;rgba(0,0,0,0.15)&#8220; divider_position=&#8220;center&#8220; divider_weight=&#8220;3px&#8220; height=&#8220;6px&#8220; _builder_version=&#8220;3.2&#8243; max_width=&#8220;50%&#8220; module_alignment=&#8220;center&#8220;]<\/p>\n<p>[\/et_pb_divider][\/et_pb_column][\/et_pb_row][et_pb_row _builder_version=&#8220;3.0.48&#8243; background_size=&#8220;initial&#8220; background_position=&#8220;top_left&#8220; background_repeat=&#8220;repeat&#8220;][et_pb_column type=&#8220;1_3&#8243; _builder_version=&#8220;3.0.47&#8243; parallax=&#8220;off&#8220; parallax_method=&#8220;on&#8220;][et_pb_testimonial author=&#8220;Fiona B.&#8220; _builder_version=&#8220;3.5.1&#8243;]<\/p>\n<p>Fabulous villa for our family holiday, formerly a small exclusive hotel hence a very big house for our money. The villa was exceptionally clean and well equipped. The whole holiday experience was first class. Loved every bit of it and will return.<\/p>\n<p>[\/et_pb_testimonial][\/et_pb_column][et_pb_column type=&#8220;1_3&#8243; _builder_version=&#8220;3.0.47&#8243; parallax=&#8220;off&#8220; parallax_method=&#8220;on&#8220;][et_pb_testimonial author=&#8220;Sarah O.&#8220; _builder_version=&#8220;3.2&#8243;]<\/p>\n<p>We had the most amazing family Christmas at Hilltop Hideaway. The house has full central heating and a cosy log fire. We enjoyed a true family Christmas holiday and would love to return one day. There is also an option of some meals being catered and a large kitchen if you prefer to prepare your own meals&#8230;wouldn&#8217;t have missed it for anything.<\/p>\n<p>[\/et_pb_testimonial][\/et_pb_column][et_pb_column type=&#8220;1_3&#8243; _builder_version=&#8220;3.0.47&#8243; parallax=&#8220;off&#8220; parallax_method=&#8220;on&#8220;][et_pb_testimonial author=&#8220;Jill F.&#8220; _builder_version=&#8220;3.2&#8243;]<\/p>\n<p>&#8230;.what a fabulous place. After a week of stay we were going to move on, but felt that staying put and taking in the peace and tranquility of Hilltop Hideaway was a better option, so stayed for another week! Listening to the Nightingale in the evening, the beautiful birdsongs in the morning, wonderful views and to be made to feel so welcome, a few days doing some local touring, (not being far from Cordoba and Granada) was all we needed<\/p>\n<p>[\/et_pb_testimonial][\/et_pb_column][\/et_pb_row][et_pb_row _builder_version=&#8220;3.0.89&#8243;][et_pb_column type=&#8220;4_4&#8243; _builder_version=&#8220;3.0.47&#8243; parallax=&#8220;off&#8220; parallax_method=&#8220;on&#8220;][et_pb_divider color=&#8220;rgba(0,0,0,0.15)&#8220; divider_position=&#8220;center&#8220; divider_weight=&#8220;3px&#8220; height=&#8220;6px&#8220; _builder_version=&#8220;3.2&#8243; max_width=&#8220;50%&#8220; module_alignment=&#8220;center&#8220;]<\/p>\n<p>[\/et_pb_divider][et_pb_text _builder_version=&#8220;3.0.89&#8243; text_font_size=&#8220;23px&#8220; text_line_height=&#8220;1.8em&#8220; custom_padding=&#8220;15px|||&#8220;]<\/p>\n<p style=\"text-align: center;\"><em>&#8222;Fabulous villa with good wheelchair access and facilities&#8220;<\/em><\/p>\n<p>[\/et_pb_text][et_pb_divider color=&#8220;rgba(0,0,0,0.15)&#8220; divider_position=&#8220;center&#8220; divider_weight=&#8220;3px&#8220; height=&#8220;6px&#8220; _builder_version=&#8220;3.2&#8243; max_width=&#8220;50%&#8220; module_alignment=&#8220;center&#8220;]<\/p>\n<p>[\/et_pb_divider][\/et_pb_column][\/et_pb_row][et_pb_row _builder_version=&#8220;3.0.48&#8243; background_size=&#8220;initial&#8220; background_position=&#8220;top_left&#8220; background_repeat=&#8220;repeat&#8220;][et_pb_column type=&#8220;1_3&#8243; _builder_version=&#8220;3.0.47&#8243; parallax=&#8220;off&#8220; parallax_method=&#8220;on&#8220;][et_pb_testimonial author=&#8220;Andrew G.&#8220; _builder_version=&#8220;3.2&#8243;]<\/p>\n<p>If you want to get away from the crowds and relax in a beautiful villa which is well set up for wheelchair users , this is the place.<\/p>\n<p>It has level access throughout, wet rooms and a pool hoist. The views are fabulous and there is plenty of space downstairs for 8 people to enjoy.<\/p>\n<p>Some of the local restaurants are accessible with toilet facilities and you can easily drive to C\u00f3rdoba and Granada, which are well worth the visit.<\/p>\n<p>[\/et_pb_testimonial][\/et_pb_column][et_pb_column type=&#8220;1_3&#8243; _builder_version=&#8220;3.0.47&#8243; parallax=&#8220;off&#8220; parallax_method=&#8220;on&#8220;][et_pb_testimonial author=&#8220;Wendy D.&#8220; _builder_version=&#8220;3.2&#8243;]<\/p>\n<p>We have just returned from 7 nights at Hilltop Hideaway. We were hoping for peace, tranquility, comfort, beauty, friendliness, views, places to visit, and good food and we were not disappointed.<\/p>\n<p>We feel very lucky to have found such a wonderful place and will happily return again to explore more of Andalucia and enjoy the sheer peace of such a beautiful place. We wouldn&#8217;t hesitate to recommend Hilltop Hideaway to anyone.<\/p>\n<p>[\/et_pb_testimonial][\/et_pb_column][et_pb_column type=&#8220;1_3&#8243; _builder_version=&#8220;3.0.47&#8243; parallax=&#8220;off&#8220; parallax_method=&#8220;on&#8220;][et_pb_testimonial author=&#8220;Kate R.&#8220; _builder_version=&#8220;3.2&#8243;]<\/p>\n<p>Fabulous place for a holiday, house great and huge. Everything we could ever want. Totally accessible amazing to find a holiday rental where all four bedrooms have wet rooms that anyone can use&#8230;the pool had a hoist and it was the first time I have been able to go into a pool for years. FAB put all this together with a great village and lake beach, good restaurants and bars (which are also accessible) stunning scenery &#8230;&#8230;.HEAVEN<\/p>\n<p>[\/et_pb_testimonial][\/et_pb_column][\/et_pb_row][et_pb_row _builder_version=&#8220;3.0.89&#8243;][et_pb_column type=&#8220;4_4&#8243; _builder_version=&#8220;3.0.47&#8243; parallax=&#8220;off&#8220; parallax_method=&#8220;on&#8220;][et_pb_divider color=&#8220;rgba(0,0,0,0.15)&#8220; divider_position=&#8220;center&#8220; divider_weight=&#8220;3px&#8220; height=&#8220;6px&#8220; _builder_version=&#8220;3.2&#8243; max_width=&#8220;50%&#8220; module_alignment=&#8220;center&#8220;]<\/p>\n<p>[\/et_pb_divider][et_pb_text _builder_version=&#8220;3.0.89&#8243; text_font_size=&#8220;23px&#8220; text_line_height=&#8220;1.8em&#8220; custom_padding=&#8220;15px|||&#8220;]<\/p>\n<p style=\"text-align: center;\"><em>\u201cTime stood still. Perfect getaway in every way.\u201d<\/em><\/p>\n<p>[\/et_pb_text][et_pb_divider color=&#8220;rgba(0,0,0,0.15)&#8220; divider_position=&#8220;center&#8220; divider_weight=&#8220;3px&#8220; height=&#8220;6px&#8220; _builder_version=&#8220;3.2&#8243; max_width=&#8220;50%&#8220; module_alignment=&#8220;center&#8220;]<\/p>\n<p>[\/et_pb_divider][\/et_pb_column][\/et_pb_row][\/et_pb_section][et_pb_section fb_built=&#8220;1&#8243; _builder_version=&#8220;3.0.89&#8243; custom_padding=&#8220;0px||0px|&#8220;][et_pb_row _builder_version=&#8220;3.0.48&#8243; background_size=&#8220;initial&#8220; background_position=&#8220;top_left&#8220; background_repeat=&#8220;repeat&#8220;][et_pb_column type=&#8220;4_4&#8243; _builder_version=&#8220;3.0.47&#8243; parallax=&#8220;off&#8220; parallax_method=&#8220;on&#8220;][\/et_pb_column][\/et_pb_row][\/et_pb_section]<\/p>\n","protected":false},"excerpt":{"rendered":"<p>Wir haben viele ausgezeichnete Bewertungen von unseren G\u00e4sten erhalten. Nachfolgend einige Ausz\u00fcge von einigen von ihnen. F\u00fcr weitere Bewertungen besuchen Sie bitteTripadvisor, Homeaway und unsere Facebook Seite. \u201cFantastic peaceful and scenic location\u201d Fabulous villa for our family holiday, formerly a small exclusive hotel hence a very big house for our money. The villa was exceptionally [&hellip;]<\/p>\n","protected":false},"author":1,"featured_media":1698,"parent":0,"menu_order":0,"comment_status":"closed","ping_status":"closed","template":"","meta":{"_et_pb_use_builder":"on","_et_pb_old_content":"","_et_gb_content_width":"","om_disable_all_campaigns":false,"_monsterinsights_skip_tracking":false,"_monsterinsights_sitenote_active":false,"_monsterinsights_sitenote_note":"","_monsterinsights_sitenote_category":0,"_uf_show_specific_survey":0,"_uf_disable_surveys":false,"footnotes":""},"class_list":["post-2831","page","type-page","status-publish","has-post-thumbnail","hentry"],"aioseo_notices":[],"_links":{"self":[{"href":"https:\/\/hilltophideaway.es\/de\/wp-json\/wp\/v2\/pages\/2831","targetHints":{"allow":["GET"]}}],"collection":[{"href":"https:\/\/hilltophideaway.es\/de\/wp-json\/wp\/v2\/pages"}],"about":[{"href":"https:\/\/hilltophideaway.es\/de\/wp-json\/wp\/v2\/types\/page"}],"author":[{"embeddable":true,"href":"https:\/\/hilltophideaway.es\/de\/wp-json\/wp\/v2\/users\/1"}],"replies":[{"embeddable":true,"href":"https:\/\/hilltophideaway.es\/de\/wp-json\/wp\/v2\/comments?post=2831"}],"version-history":[{"count":1,"href":"https:\/\/hilltophideaway.es\/de\/wp-json\/wp\/v2\/pages\/2831\/revisions"}],"predecessor-version":[{"id":2832,"href":"https:\/\/hilltophideaway.es\/de\/wp-json\/wp\/v2\/pages\/2831\/revisions\/2832"}],"wp:featuredmedia":[{"embeddable":true,"href":"https:\/\/hilltophideaway.es\/de\/wp-json\/wp\/v2\/media\/1698"}],"wp:attachment":[{"href":"https:\/\/hilltophideaway.es\/de\/wp-json\/wp\/v2\/media?parent=2831"}],"curies":[{"name":"wp","href":"https:\/\/api.w.org\/{rel}","templated":true}]}}