{"id":2827,"date":"2019-05-07T15:00:10","date_gmt":"2019-05-07T22:00:10","guid":{"rendered":"http:\/\/hilltophideaway.es\/die-unterkunft\/"},"modified":"2024-09-17T11:14:50","modified_gmt":"2024-09-17T09:14:50","slug":"die-unterkunft","status":"publish","type":"page","link":"https:\/\/hilltophideaway.es\/de\/die-unterkunft\/","title":{"rendered":"Die Unterkunft"},"content":{"rendered":"<p>[et_pb_section fb_built=&#8220;1&#8243; _builder_version=&#8220;3.22.3&#8243; global_colors_info=&#8220;{}&#8220;][et_pb_row _builder_version=&#8220;3.25&#8243; custom_padding=&#8220;21.4062px|0px|3px|0px&#8220; global_colors_info=&#8220;{}&#8220;][et_pb_column type=&#8220;4_4&#8243; _builder_version=&#8220;3.25&#8243; custom_padding=&#8220;|||&#8220; global_colors_info=&#8220;{}&#8220; custom_padding__hover=&#8220;|||&#8220;][et_pb_post_title meta=&#8220;off&#8220; featured_image=&#8220;off&#8220; _builder_version=&#8220;4.10.5&#8243; title_font=&#8220;Playfair Display||||&#8220; title_font_size=&#8220;44px&#8220; hover_enabled=&#8220;0&#8243; global_colors_info=&#8220;{}&#8220; admin_label=&#8220;Post Title&#8220; sticky_enabled=&#8220;0&#8243;]<br \/>\n[\/et_pb_post_title][\/et_pb_column][\/et_pb_row][et_pb_row custom_padding_last_edited=&#8220;on|desktop&#8220; _builder_version=&#8220;3.25&#8243; background_size=&#8220;initial&#8220; background_position=&#8220;top_left&#8220; background_repeat=&#8220;repeat&#8220; custom_padding_tablet=&#8220;&#8220; custom_padding_phone=&#8220;&#8220; global_colors_info=&#8220;{}&#8220; column_structure=&#8220;1_2,1_2&#8243;][et_pb_column type=&#8220;1_2&#8243; _builder_version=&#8220;3.25&#8243; custom_padding=&#8220;|||&#8220; global_colors_info=&#8220;{}&#8220; custom_padding__hover=&#8220;|||&#8220;][et_pb_text _builder_version=&#8220;3.27.4&#8243; global_colors_info=&#8220;{}&#8220;]<\/p>\n<p>Die Villa ist ein nach spanischen Recht registriertes Ferienhaus in der Kategorie \u2018Casa Rural Superior\u2019 und somit die einzige in der Gegend, die einen unvergleichlichen Standard an Unterkunft bietet. Die Villa erhielt ein Energieausweis \u201eA\u201c, so das sie im Sommer angenehm k\u00fchl bleibt und im Winter die W\u00e4rme beh\u00e4lt. Es ist au\u00dferdem mit einer Biomasse-Fu\u00dfbodenheizung ausgestattet und ist somit das ganze Jahr \u00fcber ein perfektes Ferienhaus. Die Zimmer und Salons sind gr\u00f6\u00dfer als \u00fcblich und schaffen ein offenes und leichtes Raumgef\u00fchl, auch wenn Sie mit einer gro\u00dfen Familie Urlaub machen.<\/p>\n<p>Die Villa verf\u00fcgt \u00fcber zwei separate Wohnungen, die zusammen oder getrennt gemietet werden k\u00f6nnen.<\/p>\n<p>[\/et_pb_text][et_pb_divider color=&#8220;rgba(0,0,0,0.15)&#8220; divider_position=&#8220;center&#8220; divider_weight=&#8220;3px&#8220; _builder_version=&#8220;3.2&#8243; max_width=&#8220;50%&#8220; module_alignment=&#8220;center&#8220; global_colors_info=&#8220;{}&#8220;]<br \/>\n[\/et_pb_divider][\/et_pb_column][et_pb_column type=&#8220;1_2&#8243; _builder_version=&#8220;3.25&#8243; custom_padding=&#8220;|||&#8220; global_colors_info=&#8220;{}&#8220; custom_padding__hover=&#8220;|||&#8220;][et_pb_image src=&#8220;http:\/\/hilltophideaway.es\/wp-content\/uploads\/2017\/12\/pool-showing-sunbeds-across-to-house.jpg&#8220; show_bottom_space=&#8220;off&#8220; align_tablet=&#8220;center&#8220; align_last_edited=&#8220;on|desktop&#8220; _builder_version=&#8220;3.23&#8243; global_colors_info=&#8220;{}&#8220;]<br \/>\n[\/et_pb_image][\/et_pb_column][\/et_pb_row][et_pb_row _builder_version=&#8220;3.25&#8243; global_colors_info=&#8220;{}&#8220; column_structure=&#8220;2_3,1_3&#8243;][et_pb_column type=&#8220;2_3&#8243; _builder_version=&#8220;3.25&#8243; custom_padding=&#8220;|||&#8220; global_colors_info=&#8220;{}&#8220; custom_padding__hover=&#8220;|||&#8220;][et_pb_text _builder_version=&#8220;3.27.4&#8243; global_colors_info=&#8220;{}&#8220;]<\/p>\n<h3><strong>Erdgeschoss (Casa Brazos Abiertos)<\/strong><\/h3>\n<p>Der gesamte untere Bereich ist ebenerdig, einschlie\u00dflich Terrassen und Zugang zum Pool. Es gibt keine Stufen oder Rampen, so dass es f\u00fcr alle Generationen unabh\u00e4ngig von Alter und Beweglichkeit zug\u00e4nglich ist. Es wird nicht nur von G\u00e4sten im Rollstuhl gesch\u00e4tzt, sondern auch von \u00e4lteren Menschen und M\u00fcttern von Kleinkindern.<\/p>\n<p>Der gro\u00dfe Salon bietet mehrere Sitzgelegenheiten. In der Bibliothek finden Sie viele Englische Reisef\u00fchrer, Brettspiele und Spielzeuge, so dass Sie Ihre Entdeckungsreisen durch das sch\u00f6ne Andalusien in der Ruhe planen k\u00f6nnen, w\u00e4hrend Ihre Kinder sich  besch\u00e4ftigen k\u00f6nnen. Die gro\u00dfe Auswahl an Englisch sprachigen B\u00fcchern und Filmen sorgen daf\u00fcr, dass niemand sich in der Familie langweilt.<\/p>\n<p>Es ist eine Freude, Mahlzeiten in der voll ausgestatteten professionellen K\u00fcche zuzubereiten. Alternativ k\u00f6nnen Sie eines der lokalen Restaurants besuchen, das ein hervorragendes Preis-Leistungs-Verh\u00e4ltnis bietet, oder einfach nur zu Hause bleiben und k\u00f6stliche Speisen von einer lokalen Bar bestellen.<\/p>\n<p>[\/et_pb_text][et_pb_gallery gallery_ids=&#8220;1076,1085,1092,1096,1095,1094,1098,1105,1488,2135,2129,2047,2035&#8243; gallery_orderby=&#8220;rand&#8220; gallery_captions=&#8220;,,,,,&#8220; fullwidth=&#8220;on&#8220; _builder_version=&#8220;3.17.6&#8243; auto=&#8220;on&#8220; pagination_font_size_tablet=&#8220;51&#8243; pagination_line_height_tablet=&#8220;2&#8243; global_colors_info=&#8220;{}&#8220;]<br \/>\n[\/et_pb_gallery][et_pb_button button_url=&#8220;http:\/\/hilltophideaway.es\/de\/bildergalerie\/bildergalerie-erdgeschoss\/&#8220; button_text=&#8220;Weitere Fotos in der Bildergalerie!&#8220; button_alignment=&#8220;center&#8220; _builder_version=&#8220;3.17.6&#8243; global_colors_info=&#8220;{}&#8220;][\/et_pb_button][et_pb_text _builder_version=&#8220;3.27.4&#8243; global_colors_info=&#8220;{}&#8220;]<\/p>\n<p>Der Salon \u00f6ffnet sich zu einer gro\u00dfen Terrasse mit herrlicher Aussicht, ideal zum Grillen und Essen im Freien.<\/p>\n<p>Nachts k\u00f6nnen Sie die Sterne bestaunen und den besten Blick auf die Milchstra\u00dfe genie\u00dfen, die Sie je gesehen haben.<\/p>\n<p>Alle vier Schlafzimmer liegen um einen traditionellen spanischen Innenhof, getrennt vom Wohnbereich und bieten mehr Privatsph\u00e4re.<\/p>\n<p>Die Zimmer sind gr\u00f6\u00dfer als \u00fcblich und vermitteln ein luxuri\u00f6ses Gef\u00fchl. Sie k\u00f6nnen entweder die Einzelbetten zusammenstellen oder sie getrennt lassen, je nachdem, was Ihren Bed\u00fcrfnissen besser entspricht.<\/p>\n<p>Bettw\u00e4sche und Badet\u00fccher sind vorhanden, damit Sie mit leichtem Gep\u00e4ck anreisen k\u00f6nnen. Sogar ein Babybett kann f\u00fcr unsere kleinsten G\u00e4ste bereitgestellt werden.<\/p>\n<p>[\/et_pb_text][\/et_pb_column][et_pb_column type=&#8220;1_3&#8243; _builder_version=&#8220;3.25&#8243; custom_padding=&#8220;|||&#8220; global_colors_info=&#8220;{}&#8220; custom_padding__hover=&#8220;|||&#8220;][et_pb_text _builder_version=&#8220;3.27.4&#8243; text_font_size=&#8220;27px&#8220; text_line_height=&#8220;1.8em&#8220; background_color=&#8220;#bebebe&#8220; background_layout=&#8220;dark&#8220; custom_margin=&#8220;||0px|&#8220; border_width_all=&#8220;0px&#8220; border_color_all=&#8220;#bebebe&#8220; border_style_all=&#8220;solid&#8220; use_border_color=&#8220;on&#8220; border_color=&#8220;#bebebe&#8220; global_colors_info=&#8220;{}&#8220;]<\/p>\n<p style=\"text-align: center;\">Auf einen Blick<\/p>\n<p>[\/et_pb_text][et_pb_text _builder_version=&#8220;3.27.4&#8243; background_color=&#8220;#fcfcfc&#8220; custom_margin=&#8220;0px|0px|0px|0px&#8220; custom_padding=&#8220;10px|10px||10px&#8220; border_color_all=&#8220;#bebebe&#8220; use_border_color=&#8220;on&#8220; global_colors_info=&#8220;{}&#8220;]<\/p>\n<ul>\n<li>F\u00fcr 8 Personen<\/li>\n<li>4 Schlafzimmer (16,5 m2, was den Anforderungen eines Vier-Sterne-Hotels entspricht ) mit zwei Einzelbetten, die zusammengeschoben werden k\u00f6nnen, um ein gro\u00dfes Doppelbett bereitzustellen<\/li>\n<li>Jedes der 4 Schlafzimmer hat einen eigenen Nassraum mit Dusche (je 6,4 m2)<\/li>\n<li>Gro\u00dfer Salon (67 m2) mit Kamin.<\/li>\n<li>Bibliotheksbereich mit vielen English sprachigen Reisef\u00fchrer, B\u00fcchern, Spielen, TV, DVD-Player mit Hunderten von Filmen.<\/li>\n<li>Bar mit K\u00fchlschrank und Flaschenk\u00fchler.<br \/>\nProfi-K\u00fcche mit Herd, separaten Ofen, K\u00fchlschrank, Gefrierfach, Waschmaschine und Geschirrsp\u00fcler<\/li>\n<li>Riesige Terrasse (140 m2) mit BBQ und maurischer Sitzecke, gro\u00dfem Tisch mit St\u00fchlen, separater Sitzecke, Holzofen im Freien<\/li>\n<li>Zugang zum Schwimmbad mit elektrischem Kran f\u00fcr Rollstuhlfahrer<\/li>\n<li>Zugang zum Garten<\/li>\n<li>WiFi &#8211; Zugang<\/li>\n<li>Bettw\u00e4sche wird bereitgestellt<\/li>\n<li>Alle Handt\u00fccher werden bereitgestellt<\/li>\n<\/ul>\n<p>[\/et_pb_text][et_pb_text admin_label=&#8220;Tripadvisor reviews&#8220; _builder_version=&#8220;3.27.4&#8243; global_colors_info=&#8220;{}&#8220;]<\/p>\n<div id=\"TA_selfserveprop385\" class=\"TA_selfserveprop\">\n<ul id=\"B1AHzlSK1sWN\" class=\"TA_links XlXirHXvVN2\">\n<li id=\"AdvOgra\" class=\"RaCiyqn9\"><a href=\"https:\/\/www.tripadvisor.com\/\" target=\"_blank\" rel=\"noopener noreferrer\"><img decoding=\"async\" src=\"https:\/\/www.tripadvisor.com\/img\/cdsi\/img2\/branding\/150_logo-11900-2.png\" alt=\"TripAdvisor\" \/><\/a><\/li>\n<\/ul>\n<\/div>\n<p>\n<script src=\"https:\/\/www.jscache.com\/wejs?wtype=selfserveprop&amp;uniq=385&amp;locationId=1423057&amp;lang=en_US&amp;rating=true&amp;nreviews=5&amp;writereviewlink=true&amp;popIdx=false&amp;iswide=false&amp;border=true&amp;display_version=2\"><\/script>\n<\/p>\n<p>[\/et_pb_text][\/et_pb_column][\/et_pb_row][et_pb_row _builder_version=&#8220;3.25&#8243; global_colors_info=&#8220;{}&#8220;][et_pb_column type=&#8220;4_4&#8243; _builder_version=&#8220;3.25&#8243; custom_padding=&#8220;|||&#8220; global_colors_info=&#8220;{}&#8220; custom_padding__hover=&#8220;|||&#8220;][et_pb_divider color=&#8220;rgba(0,0,0,0.15)&#8220; divider_position=&#8220;center&#8220; divider_weight=&#8220;3px&#8220; _builder_version=&#8220;3.2&#8243; max_width=&#8220;50%&#8220; module_alignment=&#8220;center&#8220; height=&#8220;6px&#8220; global_colors_info=&#8220;{}&#8220;]<br \/>\n[\/et_pb_divider][et_pb_text _builder_version=&#8220;3.27.4&#8243; text_font_size=&#8220;23px&#8220; text_line_height=&#8220;1.8em&#8220; custom_padding=&#8220;15px|||&#8220; global_colors_info=&#8220;{}&#8220;]<\/p>\n<p style=\"text-align: center;\"><em>An k\u00fchleren Abenden machen Sie es sich mit einem guten Buch im Sessel vor dem Kaminfeuer bequem und lassen Sie den Abend gem\u00fctlich ausklingen.<\/em><\/p>\n<p>[\/et_pb_text][et_pb_divider color=&#8220;rgba(0,0,0,0.15)&#8220; divider_position=&#8220;center&#8220; divider_weight=&#8220;3px&#8220; _builder_version=&#8220;3.2&#8243; max_width=&#8220;50%&#8220; module_alignment=&#8220;center&#8220; height=&#8220;6px&#8220; global_colors_info=&#8220;{}&#8220;]<br \/>\n[\/et_pb_divider][\/et_pb_column][\/et_pb_row][et_pb_row _builder_version=&#8220;3.25&#8243; global_colors_info=&#8220;{}&#8220; column_structure=&#8220;2_3,1_3&#8243;][et_pb_column type=&#8220;2_3&#8243; _builder_version=&#8220;3.25&#8243; custom_padding=&#8220;|||&#8220; global_colors_info=&#8220;{}&#8220; custom_padding__hover=&#8220;|||&#8220;][et_pb_text _builder_version=&#8220;3.27.4&#8243; global_colors_info=&#8220;{}&#8220;]<\/p>\n<h3><strong>Wohnung im Obergeschoss (Hilltop Hideaway)<\/strong><\/h3>\n<p>Die Wohnung hat ein eigenes Treppenhaus, daher kann dieser Teil von der Wohnung im Erdgeschoss v\u00f6llig getrennt sein.<\/p>\n<p class=\"p1\"><span class=\"s1\">Die Wohnung bietet Platz f\u00fcr 5 Personen. Es enth\u00e4lt ein Dreibettzimmer mit einem Kingsize-Bett und einem zus\u00e4tzlichen Einzelbett (17 m2) mit eigenem Bad mit Dusche, und ein Zweibettzimmer (14 m2) mit Bad mit Badewanne.<\/span><\/p>\n<p>[\/et_pb_text][et_pb_gallery gallery_ids=&#8220;1089,1456,1454,1451,1447,2566,2200,2215,2182&#8243; gallery_orderby=&#8220;rand&#8220; gallery_captions=&#8220;,,,&#8220; fullwidth=&#8220;on&#8220; _builder_version=&#8220;3.17.6&#8243; auto=&#8220;on&#8220; pagination_font_size_tablet=&#8220;51&#8243; pagination_line_height_tablet=&#8220;2&#8243; global_colors_info=&#8220;{}&#8220;]<br \/>\n[\/et_pb_gallery][et_pb_button button_url=&#8220;http:\/\/hilltophideaway.es\/de\/bildergalerie\/bildergalerie-wohnung-im-obergeschoss\/&#8220; button_text=&#8220;Weitere Fotos in der Bildergalerie!&#8220; button_alignment=&#8220;center&#8220; _builder_version=&#8220;3.17.6&#8243; global_colors_info=&#8220;{}&#8220;][\/et_pb_button][et_pb_text _builder_version=&#8220;3.27.4&#8243; global_colors_info=&#8220;{}&#8220;]<\/p>\n<p>Das Wohnzimmer verf\u00fcgt \u00fcber einen gem\u00fctlichen Sitzbereich, wo Sie sich nach Ihren Entdeckungsreisen nach Granada, Malaga oder Cordoba entspannen k\u00f6nnen. Das Wohnzimmer f\u00fchrt auf eine private Terrasse, auf der Sie den wundersch\u00f6nen farbenpr\u00e4chtigen Sonnenuntergang beobachten k\u00f6nnen, der Sie jeden Abend \u00fcberraschen wird. Und wenn es nachts v\u00f6llig dunkel wird, leuchten Tausende von Sternen \u00fcber Ihnen. An k\u00fchleren Abenden k\u00f6nnen Sie den Kamin anz\u00fcnden und die tanzenden Lichter der w\u00e4rmenden Flammen und das knisternde Ger\u00e4usch des brennenden Holzes genie\u00dfen.<\/p>\n<p>Die voll ausgestattete amerikanische K\u00fcche macht Kochen zum Vergn\u00fcgen. Oder wenn das Kochen nicht Ihr Ding ist, k\u00f6nnen Sie einfach eine lokale Bar besuchen und die reichhaltige andalusische K\u00fcche entdecken.<\/p>\n<p>[\/et_pb_text][\/et_pb_column][et_pb_column type=&#8220;1_3&#8243; _builder_version=&#8220;3.25&#8243; custom_padding=&#8220;|||&#8220; global_colors_info=&#8220;{}&#8220; custom_padding__hover=&#8220;|||&#8220;][et_pb_text _builder_version=&#8220;3.27.4&#8243; text_font_size=&#8220;27px&#8220; text_line_height=&#8220;1.8em&#8220; background_color=&#8220;#bebebe&#8220; background_layout=&#8220;dark&#8220; custom_margin=&#8220;||0px|&#8220; border_width_all=&#8220;0px&#8220; border_color_all=&#8220;#bebebe&#8220; border_style_all=&#8220;solid&#8220; use_border_color=&#8220;on&#8220; border_color=&#8220;#bebebe&#8220; global_colors_info=&#8220;{}&#8220;]<\/p>\n<p style=\"text-align: center;\">Auf einen Blick<\/p>\n<p>[\/et_pb_text][et_pb_text _builder_version=&#8220;3.27.4&#8243; background_color=&#8220;#fcfcfc&#8220; custom_margin=&#8220;0px|0px|0px|0px&#8220; custom_padding=&#8220;10px|10px||10px&#8220; border_width_all=&#8220;0px&#8220; border_color_all=&#8220;#bebebe&#8220; border_style_all=&#8220;solid&#8220; use_border_color=&#8220;on&#8220; border_color=&#8220;#bebebe&#8220; global_colors_info=&#8220;{}&#8220;]<\/p>\n<ul>\n<li>F\u00fcr 5 Personen<\/li>\n<li>2 Schlafzimmer, 2 B\u00e4der. Ein Dreibettzimmer (17 m2) mit eigenem Bad mit Dusche, ein Zweibettzimmer (14 m2) mit eigenem Bad mit Badewanne.<\/li>\n<li>Gro\u00dfer (50 m2) Wohn- und Essbereich mit Kaminofen<\/li>\n<li>English sprachigen Reisef\u00fchrer, B\u00fcchern, Spielen, TV, DVD-Player mit Hunderten von Filmen.<\/li>\n<li>Amerikanische K\u00fcche<\/li>\n<li>Private Terrasse<\/li>\n<li>Zugang zum Schwimmbad mit elektrische Kran f\u00fcr Rollstuhlfahrer<\/li>\n<li>Zugang zum Garten<\/li>\n<li>WiFi &#8211; Zugang<\/li>\n<li>Bettw\u00e4sche wird gestellt<\/li>\n<li>Alle Handt\u00fccher werden gestellt<\/li>\n<\/ul>\n<p>[\/et_pb_text][et_pb_cta title=&#8220;Buchen Sie jetzt Ihren Traumurlaub!&#8220; button_url=&#8220;http:\/\/hilltophideaway.es\/de\/buchung\/&#8220; button_text=&#8220;Jetzt reservieren&#8220; _builder_version=&#8220;3.16&#8243; custom_margin=&#8220;30px|||&#8220; custom_padding=&#8220;|||&#8220; global_colors_info=&#8220;{}&#8220; button_text_size__hover_enabled=&#8220;off&#8220; button_one_text_size__hover_enabled=&#8220;off&#8220; button_two_text_size__hover_enabled=&#8220;off&#8220; button_text_color__hover_enabled=&#8220;off&#8220; button_one_text_color__hover_enabled=&#8220;off&#8220; button_two_text_color__hover_enabled=&#8220;off&#8220; button_border_width__hover_enabled=&#8220;off&#8220; button_one_border_width__hover_enabled=&#8220;off&#8220; button_two_border_width__hover_enabled=&#8220;off&#8220; button_border_color__hover_enabled=&#8220;off&#8220; button_one_border_color__hover_enabled=&#8220;off&#8220; button_two_border_color__hover_enabled=&#8220;off&#8220; button_border_radius__hover_enabled=&#8220;off&#8220; button_one_border_radius__hover_enabled=&#8220;off&#8220; button_two_border_radius__hover_enabled=&#8220;off&#8220; button_letter_spacing__hover_enabled=&#8220;off&#8220; button_one_letter_spacing__hover_enabled=&#8220;off&#8220; button_two_letter_spacing__hover_enabled=&#8220;off&#8220; button_bg_color__hover_enabled=&#8220;off&#8220; button_one_bg_color__hover_enabled=&#8220;off&#8220; button_two_bg_color__hover_enabled=&#8220;off&#8220;]<br \/>\n[\/et_pb_cta][\/et_pb_column][\/et_pb_row][\/et_pb_section]<\/p>\n","protected":false},"excerpt":{"rendered":"<p>Die Villa ist ein nach spanischen Recht registriertes Ferienhaus in der Kategorie \u2018Casa Rural Superior\u2019 und somit die einzige in der Gegend, die einen unvergleichlichen Standard an Unterkunft bietet. Die Villa erhielt ein Energieausweis \u201eA\u201c, so das sie im Sommer angenehm k\u00fchl bleibt und im Winter die W\u00e4rme beh\u00e4lt. Es ist au\u00dferdem mit einer Biomasse-Fu\u00dfbodenheizung [&hellip;]<\/p>\n","protected":false},"author":1,"featured_media":1718,"parent":0,"menu_order":0,"comment_status":"closed","ping_status":"closed","template":"","meta":{"_et_pb_use_builder":"on","_et_pb_old_content":"","_et_gb_content_width":"","om_disable_all_campaigns":false,"_monsterinsights_skip_tracking":false,"_monsterinsights_sitenote_active":false,"_monsterinsights_sitenote_note":"","_monsterinsights_sitenote_category":0,"_uf_show_specific_survey":0,"_uf_disable_surveys":false,"footnotes":""},"class_list":["post-2827","page","type-page","status-publish","has-post-thumbnail","hentry"],"aioseo_notices":[],"_links":{"self":[{"href":"https:\/\/hilltophideaway.es\/de\/wp-json\/wp\/v2\/pages\/2827","targetHints":{"allow":["GET"]}}],"collection":[{"href":"https:\/\/hilltophideaway.es\/de\/wp-json\/wp\/v2\/pages"}],"about":[{"href":"https:\/\/hilltophideaway.es\/de\/wp-json\/wp\/v2\/types\/page"}],"author":[{"embeddable":true,"href":"https:\/\/hilltophideaway.es\/de\/wp-json\/wp\/v2\/users\/1"}],"replies":[{"embeddable":true,"href":"https:\/\/hilltophideaway.es\/de\/wp-json\/wp\/v2\/comments?post=2827"}],"version-history":[{"count":14,"href":"https:\/\/hilltophideaway.es\/de\/wp-json\/wp\/v2\/pages\/2827\/revisions"}],"predecessor-version":[{"id":3340,"href":"https:\/\/hilltophideaway.es\/de\/wp-json\/wp\/v2\/pages\/2827\/revisions\/3340"}],"wp:featuredmedia":[{"embeddable":true,"href":"https:\/\/hilltophideaway.es\/de\/wp-json\/wp\/v2\/media\/1718"}],"wp:attachment":[{"href":"https:\/\/hilltophideaway.es\/de\/wp-json\/wp\/v2\/media?parent=2827"}],"curies":[{"name":"wp","href":"https:\/\/api.w.org\/{rel}","templated":true}]}}