{"id":2817,"date":"2019-05-07T14:07:58","date_gmt":"2019-05-07T21:07:58","guid":{"rendered":"http:\/\/hilltophideaway.es\/346-2\/"},"modified":"2020-02-24T06:49:36","modified_gmt":"2020-02-24T05:49:36","slug":"346-2","status":"publish","type":"page","link":"https:\/\/hilltophideaway.es\/de\/","title":{"rendered":"Startseite"},"content":{"rendered":"<p>[et_pb_section fb_built=&#8220;1&#8243; fullwidth=&#8220;on&#8220; _builder_version=&#8220;3.0.71&#8243;][et_pb_fullwidth_slider disabled_on=&#8220;on||&#8220; _builder_version=&#8220;3.0.99&#8243; background_size=&#8220;initial&#8220; box_shadow_style=&#8220;preset6&#8243; box_shadow_blur=&#8220;10px&#8220; box_shadow_color=&#8220;rgba(0,0,0,0.1)&#8220; custom_padding=&#8220;|||&#8220; auto=&#8220;on&#8220; show_inner_shadow=&#8220;on&#8220;][et_pb_slide heading=&#8220;G\u00f6nnen Sie sich eine Auszeit vom Alltag&#8220; use_bg_overlay=&#8220;off&#8220; use_text_overlay=&#8220;on&#8220; text_overlay_color=&#8220;rgba(0,0,0,0.25)&#8220; text_border_radius=&#8220;10px&#8220; _builder_version=&#8220;3.0.89&#8243; header_font=&#8220;Playfair Display||||&#8220; header_font_size=&#8220;40px&#8220; header_font_size_tablet=&#8220;40px&#8220; header_font_size_phone=&#8220;40px&#8220; background_color=&#8220;#ffffff&#8220; background_image=&#8220;http:\/\/hilltophideaway.es\/wp-content\/uploads\/2017\/12\/house-view-from-pool.jpeg&#8220; parallax=&#8220;on&#8220;][\/et_pb_slide][et_pb_slide heading=&#8220;Entdecken Sie das reiche Kulturerbe der Region&#8220; use_bg_overlay=&#8220;off&#8220; use_text_overlay=&#8220;on&#8220; text_overlay_color=&#8220;rgba(0,0,0,0.2)&#8220; text_border_radius=&#8220;10px&#8220; _builder_version=&#8220;3.0.89&#8243; header_font=&#8220;Playfair Display||||&#8220; header_font_size=&#8220;40px&#8220; header_font_size_tablet=&#8220;40px&#8220; header_font_size_phone=&#8220;40px&#8220; background_color=&#8220;#ffffff&#8220; background_image=&#8220;http:\/\/hilltophideaway.es\/wp-content\/uploads\/2017\/12\/cordoba-by-night.jpeg&#8220;][\/et_pb_slide][et_pb_slide heading=&#8220;Genie\u00dfen Sie die k\u00f6stlichen Aromen der andalusischen K\u00fcche&#8220; use_bg_overlay=&#8220;off&#8220; use_text_overlay=&#8220;on&#8220; text_overlay_color=&#8220;rgba(0,0,0,0.2)&#8220; text_border_radius=&#8220;10px&#8220; _builder_version=&#8220;3.0.89&#8243; header_font=&#8220;Playfair Display||||&#8220; header_font_size=&#8220;40px&#8220; header_font_size_tablet=&#8220;40px&#8220; header_font_size_phone=&#8220;40px&#8220; background_color=&#8220;#ffffff&#8220; background_image=&#8220;http:\/\/hilltophideaway.es\/wp-content\/uploads\/2017\/12\/paella-spanish-food.jpeg&#8220;][\/et_pb_slide][et_pb_slide heading=&#8220;Genie\u00dfen Sie die Sonne, die Natur und die frische Luft&#8220; use_bg_overlay=&#8220;off&#8220; use_text_overlay=&#8220;on&#8220; text_overlay_color=&#8220;rgba(0,0,0,0.2)&#8220; text_border_radius=&#8220;10px&#8220; _builder_version=&#8220;3.0.89&#8243; header_font=&#8220;Playfair Display||||&#8220; header_font_size=&#8220;40px&#8220; header_font_size_tablet=&#8220;40px&#8220; header_font_size_phone=&#8220;40px&#8220; background_color=&#8220;#ffffff&#8220; background_image=&#8220;http:\/\/hilltophideaway.es\/wp-content\/uploads\/2017\/12\/landscape-olive-trees-spanish-mountains.jpg&#8220;][\/et_pb_slide][\/et_pb_fullwidth_slider][\/et_pb_section][et_pb_section fb_built=&#8220;1&#8243; custom_padding_last_edited=&#8220;off|phone&#8220; _builder_version=&#8220;3.0.89&#8243; custom_padding=&#8220;0px||0px|&#8220;][et_pb_row custom_padding=&#8220;15px||0px|&#8220; _builder_version=&#8220;3.0.89&#8243;][et_pb_column type=&#8220;4_4&#8243; _builder_version=&#8220;3.0.47&#8243; parallax=&#8220;off&#8220; parallax_method=&#8220;on&#8220;][et_pb_image src=&#8220;http:\/\/hilltophideaway.es\/wp-content\/uploads\/2017\/12\/aerial-overview-of-house.jpeg&#8220; align=&#8220;center&#8220; disabled_on=&#8220;|on|on&#8220; _builder_version=&#8220;3.0.89&#8243; module_alignment=&#8220;right&#8220; animation_direction=&#8220;off&#8220; animation=&#8220;off&#8220;]&nbsp;<br \/>\n[\/et_pb_image][et_pb_text _builder_version=&#8220;3.0.89&#8243; text_font=&#8220;Playfair Display||||&#8220; text_font_size=&#8220;24px&#8220; text_line_height=&#8220;1.8em&#8220;]<\/p>\n<p style=\"text-align: center;\"><em>Hilltop Hideaway<\/em> ist der perfekte Ort, um sich von der Hektik und dem Stress des Alltags zur\u00fcckzuziehen und Ihren Urlaub in einer intimen und exklusiven Umgebung zu genie\u00dfen.<\/p>\n<p>[\/et_pb_text][\/et_pb_column][\/et_pb_row][et_pb_row custom_padding=&#8220;0px||0px|&#8220; custom_margin=&#8220;||0px|&#8220; padding_bottom_1=&#8220;0px&#8220; _builder_version=&#8220;3.0.71&#8243;][et_pb_column type=&#8220;1_4&#8243; _builder_version=&#8220;3.0.47&#8243; padding_bottom=&#8220;0px&#8220; parallax=&#8220;off&#8220; parallax_method=&#8220;on&#8220;][\/et_pb_column][et_pb_column type=&#8220;1_2&#8243; _builder_version=&#8220;3.0.47&#8243; parallax=&#8220;off&#8220; parallax_method=&#8220;on&#8220;][et_pb_divider color=&#8220;#ffffff&#8220; divider_style=&#8220;inset&#8220; height=&#8220;0&#8243; disabled_on=&#8220;off&#8220; _builder_version=&#8220;3.2&#8243; hide_on_mobile=&#8220;off&#8220;]&nbsp;<br \/>\n[\/et_pb_divider][\/et_pb_column][et_pb_column type=&#8220;1_4&#8243; _builder_version=&#8220;3.0.47&#8243; parallax=&#8220;off&#8220; parallax_method=&#8220;on&#8220;][\/et_pb_column][\/et_pb_row][\/et_pb_section][et_pb_section fb_built=&#8220;1&#8243; _builder_version=&#8220;3.0.47&#8243; custom_padding=&#8220;25px|0px|51.1875px|0px&#8220;][et_pb_row custom_padding=&#8220;5px|0px||0px&#8220; _builder_version=&#8220;3.0.89&#8243;][et_pb_column type=&#8220;1_2&#8243; _builder_version=&#8220;3.0.47&#8243; parallax=&#8220;off&#8220; parallax_method=&#8220;on&#8220;][et_pb_image src=&#8220;http:\/\/hilltophideaway.es\/wp-content\/uploads\/2017\/12\/aerial-overview-of-house.jpeg&#8220; align=&#8220;center&#8220; disabled_on=&#8220;on|off|on&#8220; _builder_version=&#8220;3.0.89&#8243; module_alignment=&#8220;right&#8220; animation_direction=&#8220;off&#8220; animation=&#8220;off&#8220;]&nbsp;<br \/>\n[\/et_pb_image][et_pb_text _builder_version=&#8220;3.0.89&#8243; text_line_height=&#8220;1.8em&#8220; text_line_height_last_edited=&#8220;on|phone&#8220; custom_padding=&#8220;0px|||&#8220; custom_padding_last_edited=&#8220;on|desktop&#8220;]<\/p>\n<p><span style=\"font-size: large;\">Die Villa liegt in den H\u00fcgeln des Sierra Subetica Parks, <strong>im Herzen von Andalusien<\/strong>, nur wenige Autominuten vom malerischen wei\u00dfen Dorf Iznajar und seinem zu Recht bekannten See entfernt.<\/span><\/p>\n<p><span style=\"font-size: large;\">Die Lage ist sehr ruhig, dennoch nicht weit von \u00f6rtlichen Bars, Restaurants und Gesch\u00e4ften entfernt.<\/span><\/p>\n<p>[\/et_pb_text][\/et_pb_column][et_pb_column type=&#8220;1_2&#8243; _builder_version=&#8220;3.0.47&#8243; parallax=&#8220;off&#8220; parallax_method=&#8220;on&#8220;][et_pb_image src=&#8220;http:\/\/hilltophideaway.es\/wp-content\/uploads\/2017\/12\/iznajar-lake-from-above.jpeg&#8220; align=&#8220;center&#8220; _builder_version=&#8220;3.0.89&#8243; animation_direction=&#8220;off&#8220; animation=&#8220;off&#8220;]&nbsp;<br \/>\n[\/et_pb_image][\/et_pb_column][\/et_pb_row][et_pb_row custom_padding=&#8220;15px|0px||0px&#8220; custom_padding_last_edited=&#8220;off|desktop&#8220; _builder_version=&#8220;3.0.89&#8243;][et_pb_column type=&#8220;1_2&#8243; _builder_version=&#8220;3.0.47&#8243; parallax=&#8220;off&#8220; parallax_method=&#8220;on&#8220;][et_pb_image src=&#8220;http:\/\/hilltophideaway.es\/wp-content\/uploads\/2017\/12\/aerial-overview-of-house.jpeg&#8220; align=&#8220;center&#8220; disabled_on=&#8220;on|on|&#8220; _builder_version=&#8220;3.0.89&#8243; module_alignment=&#8220;right&#8220; animation_direction=&#8220;off&#8220; animation=&#8220;off&#8220;]&nbsp;<br \/>\n[\/et_pb_image][\/et_pb_column][et_pb_column type=&#8220;1_2&#8243; _builder_version=&#8220;3.0.47&#8243; parallax=&#8220;off&#8220; parallax_method=&#8220;on&#8220;][et_pb_text _builder_version=&#8220;3.0.89&#8243; text_line_height=&#8220;1.8em&#8220;]<span style=\"font-size: large;\">Die Villa ist ein moderner Bau im Stil eines alten Cortijos, <strong>der Tradition und Designelemente im Rahmen der Barrierefreiheit vereint.<\/strong> Es bietet mehr als nur einen Genuss f\u00fcrs Auge da es auch geeignet ist f\u00fcr G\u00e4ste mit beschr\u00e4nkter Mobilit\u00e4t. <\/span><\/p>\n<p><span style=\"font-size: large;\">Das Anwesen mit seinem weitl\u00e4ufigen 5 Hektar gro\u00dfen Olivenhain bietet einen unvergleichlichen Standard an Unterkunft. Es besteht aus zwei separaten Wohnungen, die zusammen oder getrennt gemietet werden k\u00f6nnen.<\/span><br \/>\n[\/et_pb_text][et_pb_image src=&#8220;http:\/\/hilltophideaway.es\/wp-content\/uploads\/2017\/12\/view-from-the-terrace.jpeg&#8220; align=&#8220;center&#8220; disabled_on=&#8220;||on&#8220; _builder_version=&#8220;3.0.89&#8243; animation_direction=&#8220;off&#8220; animation=&#8220;off&#8220;]&nbsp;<br \/>\n[\/et_pb_image][\/et_pb_column][\/et_pb_row][et_pb_row custom_padding=&#8220;15px|0px|0px|0px&#8220; _builder_version=&#8220;3.0.89&#8243;][et_pb_column type=&#8220;1_2&#8243; _builder_version=&#8220;3.0.47&#8243; parallax=&#8220;off&#8220; parallax_method=&#8220;on&#8220;][et_pb_text _builder_version=&#8220;3.0.89&#8243; text_line_height=&#8220;1.8em&#8220;]<\/p>\n<p><span style=\"font-size: large;\">Die <strong>Wohnung im Erdgeschoss<\/strong> bietet Platz f\u00fcr 8 Personen, verf\u00fcgt \u00fcber 4 Schlafzimmer mit eigenen Badezimmern (Nassr\u00e4umen), einen gro\u00dfen Salon und eine gro\u00dfe Profik\u00fcche.<\/span><\/p>\n<p><span style=\"font-size: large;\">Die <strong>Wohnung im Obergeschoss<\/strong> bietet Platz f\u00fcr 5 Personen und hat 2 Schlafzimmern (einem Dreibettzimmer und einem Zweibettzimmer), zwei Badezimmern und einem Wohnzimmer mit amerikanischer K\u00fcche.<\/span><\/p>\n<p><span style=\"font-size: large;\">Im Garten gibt es einen gro\u00dfen Pool mit Sonnenliegen und Pergola, und es gibt viele Sitzgelegenheiten auf den Terrassen. Vom ganzen Anwesen hat man eine <strong>umwerfende Aussicht.<\/strong><\/span><\/p>\n<p>[\/et_pb_text][\/et_pb_column][et_pb_column type=&#8220;1_2&#8243; _builder_version=&#8220;3.0.47&#8243; parallax=&#8220;off&#8220; parallax_method=&#8220;on&#8220;][et_pb_image src=&#8220;http:\/\/hilltophideaway.es\/wp-content\/uploads\/2017\/12\/view-from-the-terrace.jpeg&#8220; align=&#8220;center&#8220; disabled_on=&#8220;on|on|&#8220; _builder_version=&#8220;3.0.89&#8243; animation_direction=&#8220;off&#8220; animation=&#8220;off&#8220;]&nbsp;<br \/>\n[\/et_pb_image][\/et_pb_column][\/et_pb_row][et_pb_row custom_padding=&#8220;15px|0px||0px&#8220; _builder_version=&#8220;3.0.89&#8243;][et_pb_column type=&#8220;1_2&#8243; _builder_version=&#8220;3.0.47&#8243; parallax=&#8220;off&#8220; parallax_method=&#8220;on&#8220;][et_pb_image src=&#8220;http:\/\/hilltophideaway.es\/wp-content\/uploads\/2017\/12\/cordoba-mesquita.jpeg&#8220; align=&#8220;center&#8220; _builder_version=&#8220;3.0.89&#8243; animation_direction=&#8220;off&#8220; animation=&#8220;off&#8220;]&nbsp;<br \/>\n[\/et_pb_image][\/et_pb_column][et_pb_column type=&#8220;1_2&#8243; _builder_version=&#8220;3.0.47&#8243; parallax=&#8220;off&#8220; parallax_method=&#8220;on&#8220;][et_pb_text _builder_version=&#8220;3.0.89&#8243; text_line_height=&#8220;1.8em&#8220;]<span style=\"font-size: large;\">Die Lage des Anwesens ist <strong>ideal f\u00fcr Tagesausfl\u00fcge<\/strong> zu ber\u00fchmten historischen Juwelen Europas. Cordoba mit Mesquita, Granada, die Alhambra und Sevilla sind jeweils nur eine Stunde entfernt. Alternativ k\u00f6nnen Sie einen Tag an einem der Str\u00e4nde der Costa del Sol verbringen oder Malaga besuchen.<\/span><br \/>\n[\/et_pb_text][\/et_pb_column][\/et_pb_row][et_pb_row _builder_version=&#8220;3.0.47&#8243; background_size=&#8220;initial&#8220; background_position=&#8220;top_left&#8220; background_repeat=&#8220;repeat&#8220;][et_pb_column type=&#8220;4_4&#8243; _builder_version=&#8220;3.0.47&#8243; parallax=&#8220;off&#8220; parallax_method=&#8220;on&#8220;][et_pb_cta title=&#8220;G\u00f6nnen Sie sich eine Auszeit vom Alltag&#8220; button_url=&#8220;http:\/\/hilltophideaway.es\/de\/buchung\/&#8220; button_text=&#8220;Jetzt reservieren&#8220; _builder_version=&#8220;3.0.89&#8243; header_line_height=&#8220;1.8em&#8220; body_font_size=&#8220;16&#8243; body_line_height=&#8220;1.8em&#8220; background_color=&#8220;#2ea3f2&#8243; background_size=&#8220;initial&#8220; background_position=&#8220;top_left&#8220; background_repeat=&#8220;repeat&#8220; box_shadow_style=&#8220;preset5&#8243;]Entspannen Sie sich am Pool und erleben Sie jeden Abend den spektakul\u00e4ren Sonnenuntergang. Beobachten Sie die Sterne und lassen Sie sich eins mit dem Universum werden!<br \/>\n[\/et_pb_cta][\/et_pb_column][\/et_pb_row][\/et_pb_section]<\/p>\n","protected":false},"excerpt":{"rendered":"<p>&nbsp; Hilltop Hideaway ist der perfekte Ort, um sich von der Hektik und dem Stress des Alltags zur\u00fcckzuziehen und Ihren Urlaub in einer intimen und exklusiven Umgebung zu genie\u00dfen. &nbsp; &nbsp; Die Villa liegt in den H\u00fcgeln des Sierra Subetica Parks, im Herzen von Andalusien, nur wenige Autominuten vom malerischen wei\u00dfen Dorf Iznajar und seinem [&hellip;]<\/p>\n","protected":false},"author":1,"featured_media":1608,"parent":0,"menu_order":0,"comment_status":"closed","ping_status":"closed","template":"","meta":{"_et_pb_use_builder":"on","_et_pb_old_content":"","_et_gb_content_width":"","om_disable_all_campaigns":false,"_monsterinsights_skip_tracking":false,"_monsterinsights_sitenote_active":false,"_monsterinsights_sitenote_note":"","_monsterinsights_sitenote_category":0,"_uf_show_specific_survey":0,"_uf_disable_surveys":false,"footnotes":""},"class_list":["post-2817","page","type-page","status-publish","has-post-thumbnail","hentry"],"aioseo_notices":[],"_links":{"self":[{"href":"https:\/\/hilltophideaway.es\/de\/wp-json\/wp\/v2\/pages\/2817","targetHints":{"allow":["GET"]}}],"collection":[{"href":"https:\/\/hilltophideaway.es\/de\/wp-json\/wp\/v2\/pages"}],"about":[{"href":"https:\/\/hilltophideaway.es\/de\/wp-json\/wp\/v2\/types\/page"}],"author":[{"embeddable":true,"href":"https:\/\/hilltophideaway.es\/de\/wp-json\/wp\/v2\/users\/1"}],"replies":[{"embeddable":true,"href":"https:\/\/hilltophideaway.es\/de\/wp-json\/wp\/v2\/comments?post=2817"}],"version-history":[{"count":12,"href":"https:\/\/hilltophideaway.es\/de\/wp-json\/wp\/v2\/pages\/2817\/revisions"}],"predecessor-version":[{"id":3141,"href":"https:\/\/hilltophideaway.es\/de\/wp-json\/wp\/v2\/pages\/2817\/revisions\/3141"}],"wp:featuredmedia":[{"embeddable":true,"href":"https:\/\/hilltophideaway.es\/de\/wp-json\/wp\/v2\/media\/1608"}],"wp:attachment":[{"href":"https:\/\/hilltophideaway.es\/de\/wp-json\/wp\/v2\/media?parent=2817"}],"curies":[{"name":"wp","href":"https:\/\/api.w.org\/{rel}","templated":true}]}}